{"id":1571,"date":"2025-07-07T15:36:15","date_gmt":"2025-07-07T15:36:15","guid":{"rendered":"https:\/\/edulcodiet.com\/?page_id=1571"},"modified":"2025-07-14T18:15:53","modified_gmt":"2025-07-14T18:15:53","slug":"cookie-%e6%94%bf%e7%ad%96","status":"publish","type":"page","link":"https:\/\/edulcodiet.com\/zh_cn\/cookie-%e6%94%bf%e7%ad%96\/","title":{"rendered":"Cookie \u653f\u7b56"},"content":{"rendered":"<div data-elementor-type=\"wp-page\" data-elementor-id=\"1571\" class=\"elementor elementor-1571\" data-elementor-post-type=\"page\">\n\t\t\t\t<div data-particle_enable=\"false\" data-particle-mobile-disabled=\"false\" class=\"elementor-element elementor-element-4befc3f e-flex e-con-boxed e-con e-parent\" data-id=\"4befc3f\" data-element_type=\"container\" data-e-type=\"container\">\n\t\t\t\t\t<div class=\"e-con-inner\">\n\t\t\t\t<div class=\"elementor-element elementor-element-35054c6 elementor-widget elementor-widget-html\" data-id=\"35054c6\" data-element_type=\"widget\" data-e-type=\"widget\" data-widget_type=\"html.default\">\n\t\t\t\t\t```html\n<!DOCTYPE html>\n<html lang=\"es\">\n<head>\n  <meta charset=\"UTF-8\">\n  <title>Cookie \u653f\u7b56 | Edulcodiet SL<\/title>\n  <meta name=\"viewport\" content=\"width=device-width, initial-scale=1.0\">\n  <style>\n    body{font-family:Arial,Helvetica,sans-serif;line-height:1.6;margin:20px;color:#222;}\n    h1{font-size:1.8rem;text-align:center;margin-bottom:1rem;}\n    h2{font-size:1.35rem;margin-top:1.5rem;}\n    table{width:100%;border-collapse:collapse;font-size:.95rem;margin-top:1rem;}\n    th,td{border:1px solid #ccc;padding:8px;text-align:left;}\n    th{background:#f3f3f3;}\n    ul{margin-left:1.3rem;}\n    strong{font-weight:700;}\n  <\/style>\n<\/head>\n<body data-rsssl=1>\n\n<h1><strong>COOKIE \u653f\u7b56 \u2013 EDULCODIET SL<\/strong><\/h1>\n<p>\u6700\u540e\u66f4\u65b0\uff1a2025\u5e747\u67087\u65e5<\/p>\n\n<h2><strong>1.\u4ec0\u4e48\u662f Cookie\uff1f<\/strong><\/h2>\n<p>Cookie \u662f\u7f51\u7ad9\u653e\u7f6e\u5728\u7528\u6237\u8bbe\u5907\u4e0a\u7684\u6587\u672c\u6587\u4ef6\uff0c\u7528\u4e8e\u6536\u96c6\u548c\u68c0\u7d22\u7528\u6237\u6d4f\u89c8\u4fe1\u606f\u3002Cookie \u7684\u7528\u9014\u5305\u62ec\u8bb0\u4f4f\u7528\u6237\u504f\u597d\u6216\u8861\u91cf\u53d7\u4f17\u3002<\/p>\n\n<h2><strong>2.\u6211\u4eec\u4f7f\u7528\u54ea\u4e9b Cookie\uff1f<\/strong><\/h2>\n\n<table>\n  <thead>\n    <tr>\n      <th>Cookie \u7c7b\u578b<\/th>\n      <th>\u76ee\u7684<\/th>\n      <th>\u793a\u4f8b\/\u4f9b\u5e94\u5546<\/th>\n      <th>\u671f\u95f4<\/th>\n    <\/tr>\n  <\/thead>\n  <tbody>\n    <!-- T\u00e9cnicas -->\n    <tr>\n      <td><strong>\u6280\u672f<\/strong><\/td>\n      <td>\u5b83\u4eec\u5141\u8bb8\u7ad9\u70b9\u7684\u57fa\u672c\u64cd\u4f5c\u548c\u4f1a\u8bdd\u7ba1\u7406\u3002<\/td>\n      <td>PHPSESSID\u3001cookieConsent\u3001wp-wpml_current_language<\/td>\n      <td>\u5c4a\/1\u5e74<\/td>\n    <\/tr>\n    <!-- Anal\u00edticas -->\n    <tr>\n      <td><strong>\u5206\u6790<\/strong><\/td>\n      <td>\u533f\u540d\u6d41\u91cf\u548c\u884c\u4e3a\u6d4b\u91cf\u4ee5\u4f18\u5316\u6f5c\u5728\u5ba2\u6237\u7684\u4ea7\u751f\u3002<\/td>\n      <td>\u8c37\u6b4c\u5206\u6790\uff1a_ga\u3001_gid\u3001_gat<\/td>\n      <td>24\u4e2a\u6708\/24\u5c0f\u65f6\/1\u5206\u949f<\/td>\n    <\/tr>\n    <!-- Publicitarias -->\n    <tr>\n      <td><strong>\u5e7f\u544a<\/strong><\/td>\n      <td>\u5e7f\u544a\u6d3b\u52a8\u4e2d\u7684\u518d\u8425\u9500\u548c\u5e7f\u544a\u4e2a\u6027\u5316\u3002<\/td>\n      <td>Google \u5e7f\u544a IDE\uff0cMeta Pixel _fbp<\/td>\n      <td>90\u5929<\/td>\n    <\/tr>\n    <!-- HubSpot tracking -->\n    <tr>\n      <td><strong>HubSpot \u2013 \u8ddf\u8e2a<\/strong><\/td>\n      <td>\u8bc6\u522b\u8bbf\u5ba2\u5e76\u8bb0\u5f55\u4f1a\u8bdd\u4ee5\u8fdb\u884c\u6f5c\u5728\u5ba2\u6237\u5206\u6790\u3002<\/td>\n      <td>hubspotutk<\/td>\n      <td>13\u4e2a\u6708<\/td>\n    <\/tr>\n    <!-- HubSpot sesi\u00f3n -->\n    <tr>\n      <td><strong>HubSpot \u2013 \u4f1a\u8bdd<\/strong><\/td>\n      <td>\u7ef4\u62a4\u4f1a\u8bdd\u72b6\u6001\u548c\u8bbf\u95ee\u6b21\u6570\u3002<\/td>\n      <td>__hstc\uff0c__hssrc<\/td>\n      <td>13\u4e2a\u6708\/\u5c4a<\/td>\n    <\/tr>\n    <tr>\n      <td><strong>HubSpot\u2014\u2014\u6027\u80fd<\/strong><\/td>\n      <td>\u8c03\u8282\u8bf7\u6c42\u901f\u5ea6\u5e76\u907f\u514d\u8fc7\u8f7d\u3002<\/td>\n      <td>__hssc<\/td>\n      <td>30\u5206\u949f<\/td>\n    <\/tr>\n    <!-- Preferencias -->\n    <tr>\n      <td><strong>\u504f\u597d\u8bbe\u7f6e<\/strong><\/td>\n      <td>\u4fdd\u5b58\u8bed\u8a00\u3001\u5e03\u5c40\u6216\u6697\u6a21\u5f0f\u8bbe\u7f6e\u3002<\/td>\n      <td>\u4e3b\u9898\u3001\u5e03\u5c40\u3001cookies \u9996\u9009\u9879<\/td>\n      <td>1\u5e74<\/td>\n    <\/tr>\n    <!-- V\u00eddeo \/ Media -->\n    <tr>\n      <td><strong>\u89c6\u9891\/\u5a92\u4f53<\/strong><\/td>\n      <td>\u96c6\u6210\u5916\u90e8\u89c6\u9891\u64ad\u653e\u3002<\/td>\n      <td>YouTube YSC\uff0cVISITOR_INFO1_LIVE<\/td>\n      <td>\u5b66\u671f \/ 6\u4e2a\u6708<\/td>\n    <\/tr>\n  <\/tbody>\n<\/table>\n\n<h2><strong>3. \u540c\u610f<\/strong><\/h2>\n<p>\u5f53\u60a8\u7b2c\u4e00\u6b21\u8bbf\u95ee\u8be5\u7f51\u7ad9\u65f6\uff0c\u60a8\u5c06\u770b\u5230\u4e00\u4e2a\u6a2a\u5e45\uff0c\u60a8\u53ef\u4ee5 <strong>\u63a5\u53d7<\/strong>, <strong>\u8bbe\u7f6e<\/strong> \u4efb\u4f55\u4e00\u4e2a <strong>\u8870\u9000<\/strong> \u975e\u5fc5\u8981\u7684 Cookie\u3002\u60a8\u53ef\u4ee5\u968f\u65f6\u901a\u8fc7\u70b9\u51fb\u9875\u811a\u4e2d\u7684\u201c\u914d\u7f6e Cookie\u201d\u94fe\u63a5\u6216\u4ece\u6d4f\u89c8\u5668\u4e2d\u5220\u9664 Cookie \u6765\u66f4\u6539\u60a8\u7684\u504f\u597d\u8bbe\u7f6e\u3002<\/p>\n\n<h2><strong>4. \u5982\u4f55\u7981\u7528\u6216\u5220\u9664 Cookie<\/strong><\/h2>\n<p>\u8bf7\u53c2\u8003\u60a8\u7684\u6d4f\u89c8\u5668\u5e2e\u52a9\u6765\u7ba1\u7406\u6216\u5220\u9664 cookies\uff1a<\/p>\n<ul>\n  <li><a href=\"https:\/\/support.google.com\/chrome\/answer\/95647\" target=\"_blank\" rel=\"nofollow noopener\">\u8c37\u6b4c\u6d4f\u89c8\u5668<\/a><\/li>\n  <li><a href=\"https:\/\/support.mozilla.org\/es\/kb\/habilitar-y-deshabilitar-cookies-sitios-web\" target=\"_blank\" rel=\"nofollow noopener\">\u706b\u72d0\u6d4f\u89c8\u5668<\/a><\/li>\n  <li><a href=\"https:\/\/support.microsoft.com\/es-es\/topic\/administrar-cookies-en-microsoft-edge-63947406-40ac-c3b8-57b9-2a946a29ae09\" target=\"_blank\" rel=\"nofollow noopener\">\u5fae\u8f6f Edge<\/a><\/li>\n  <li><a href=\"https:\/\/support.apple.com\/es-es\/HT201265\" target=\"_blank\" rel=\"nofollow noopener\">Safari<\/a><\/li>\n<\/ul>\n\n<h2><strong>5. \u56fd\u9645\u8f6c\u79fb<\/strong><\/h2>\n<p>Google LLC\u3001Meta Platforms Inc. \u6216 HubSpot Inc. \u7b49\u63d0\u4f9b\u5546\u53ef\u80fd\u4f1a\u5728\u6b27\u6d32\u7ecf\u6d4e\u533a\u4ee5\u5916\u5904\u7406\u6570\u636e\u3002\u6211\u4eec\u786e\u4fdd\u6b64\u7c7b\u4f20\u8f93\u7b26\u5408\u9002\u7528\u7684\u6cd5\u5f8b\u673a\u5236\uff08\u6807\u51c6\u5408\u540c\u6761\u6b3e\u6216\u5176\u4ed6\u9002\u5f53\u7684\u4fdd\u969c\u63aa\u65bd\uff09\u3002<\/p>\n\n<h2><strong>6. \u6570\u636e\u63a7\u5236\u8005<\/strong><\/h2>\n<p><strong>EDULCODIET SL<\/strong> \u2013 NIF B55553473<br>\n\u5de5\u4e1a\u533a\uff0c\u79c1\u4eba\u5185\u9646\u8def1\u53f7\u4ed3\u5e93<br>\n43152 \u4f69\u62c9\u798f\u7279\uff08\u5854\u62c9\u6208\u7eb3\uff09<br>\n\u90ae\u4ef6\uff1a <a href=\"mailto:info@edulcodiet.com\">info@edulcodiet.com<\/a><\/p>\n\n<h2><strong>7. \u66f4\u65b0<\/strong><\/h2>\n<p>\u6211\u4eec\u53ef\u80fd\u4f1a\u4fee\u6539\u672c Cookie \u653f\u7b56\uff0c\u4ee5\u9002\u5e94\u6cd5\u5f8b\u6216\u6280\u672f\u65b9\u9762\u7684\u53d8\u5316\u3002\u8bf7\u67e5\u770b\u4e0a\u65b9\u6240\u793a\u7684\u6700\u65b0\u7248\u672c\u65e5\u671f\u3002<\/p>\n\n<\/body>\n<\/html>\n```\n\t\t\t\t<\/div>\n\t\t\t\t\t<\/div>\n\t\t\t\t<\/div>\n\t\t\t\t<\/div>\n\t\t\n\n<div class=\"kk-star-ratings kksr-auto kksr-align-center kksr-valign-bottom\"\n    data-payload='{&quot;align&quot;:&quot;center&quot;,&quot;id&quot;:&quot;1571&quot;,&quot;slug&quot;:&quot;default&quot;,&quot;valign&quot;:&quot;bottom&quot;,&quot;ignore&quot;:&quot;&quot;,&quot;reference&quot;:&quot;auto&quot;,&quot;class&quot;:&quot;&quot;,&quot;count&quot;:&quot;0&quot;,&quot;legendonly&quot;:&quot;&quot;,&quot;readonly&quot;:&quot;&quot;,&quot;score&quot;:&quot;0&quot;,&quot;starsonly&quot;:&quot;&quot;,&quot;best&quot;:&quot;5&quot;,&quot;gap&quot;:&quot;5&quot;,&quot;greet&quot;:&quot;Valoraci\u00f3n&quot;,&quot;legend&quot;:&quot;Gracias por la valoraci\u00f3n&quot;,&quot;size&quot;:&quot;24&quot;,&quot;title&quot;:&quot;Pol\u00edtica de Cookies&quot;,&quot;width&quot;:&quot;0&quot;,&quot;_legend&quot;:&quot;Gracias por la valoraci\u00f3n&quot;,&quot;font_factor&quot;:&quot;1.25&quot;}'>\n            \n<div class=\"kksr-stars\">\n    \n<div class=\"kksr-stars-inactive\">\n            <div class=\"kksr-star\" data-star=\"1\" style=\"padding-right: 5px\">\n            \n\n<div class=\"kksr-icon\" style=\"width: 24px; height: 24px;\"><\/div>\n        <\/div>\n            <div class=\"kksr-star\" data-star=\"2\" style=\"padding-right: 5px\">\n            \n\n<div class=\"kksr-icon\" style=\"width: 24px; height: 24px;\"><\/div>\n        <\/div>\n            <div class=\"kksr-star\" data-star=\"3\" style=\"padding-right: 5px\">\n            \n\n<div class=\"kksr-icon\" style=\"width: 24px; height: 24px;\"><\/div>\n        <\/div>\n            <div class=\"kksr-star\" data-star=\"4\" style=\"padding-right: 5px\">\n            \n\n<div class=\"kksr-icon\" style=\"width: 24px; height: 24px;\"><\/div>\n        <\/div>\n            <div class=\"kksr-star\" data-star=\"5\" style=\"padding-right: 5px\">\n            \n\n<div class=\"kksr-icon\" style=\"width: 24px; height: 24px;\"><\/div>\n        <\/div>\n    <\/div>\n    \n<div class=\"kksr-stars-active\" style=\"width: 0px;\">\n            <div class=\"kksr-star\" style=\"padding-right: 5px\">\n            \n\n<div class=\"kksr-icon\" style=\"width: 24px; height: 24px;\"><\/div>\n        <\/div>\n            <div class=\"kksr-star\" style=\"padding-right: 5px\">\n            \n\n<div class=\"kksr-icon\" style=\"width: 24px; height: 24px;\"><\/div>\n        <\/div>\n            <div class=\"kksr-star\" style=\"padding-right: 5px\">\n            \n\n<div class=\"kksr-icon\" style=\"width: 24px; height: 24px;\"><\/div>\n        <\/div>\n            <div class=\"kksr-star\" style=\"padding-right: 5px\">\n            \n\n<div class=\"kksr-icon\" style=\"width: 24px; height: 24px;\"><\/div>\n        <\/div>\n            <div class=\"kksr-star\" style=\"padding-right: 5px\">\n            \n\n<div class=\"kksr-icon\" style=\"width: 24px; height: 24px;\"><\/div>\n        <\/div>\n    <\/div>\n<\/div>\n                \n\n<div class=\"kksr-legend\" style=\"font-size: 19.2px;\">\n            <span class=\"kksr-muted\">\u8bc4\u4f30<\/span>\n    <\/div>\n    <\/div>","protected":false},"excerpt":{"rendered":"<p>\u00ab`html Pol\u00edtica de Cookies | Edulcodiet S.L. POL\u00cdTICA DE COOKIES \u2013 EDULCODIET S.L. \u00daltima actualizaci\u00f3n: 7&nbsp;de&nbsp;julio&nbsp;de&nbsp;2025 1.&nbsp;\u00bfQU\u00c9 SON LAS COOKIES? Las cookies son archivos de texto que un sitio web instala en el dispositivo del usuario para recoger y recuperar informaci\u00f3n sobre su navegaci\u00f3n. Sirven, entre otras cosas, para recordar preferencias o medir la audiencia. [&hellip;]<\/p>\n","protected":false},"author":1,"featured_media":0,"parent":0,"menu_order":0,"comment_status":"closed","ping_status":"closed","template":"","meta":{"content-type":"","footnotes":""},"class_list":["post-1571","page","type-page","status-publish","hentry"],"_links":{"self":[{"href":"https:\/\/edulcodiet.com\/zh_cn\/wp-json\/wp\/v2\/pages\/1571","targetHints":{"allow":["GET"]}}],"collection":[{"href":"https:\/\/edulcodiet.com\/zh_cn\/wp-json\/wp\/v2\/pages"}],"about":[{"href":"https:\/\/edulcodiet.com\/zh_cn\/wp-json\/wp\/v2\/types\/page"}],"author":[{"embeddable":true,"href":"https:\/\/edulcodiet.com\/zh_cn\/wp-json\/wp\/v2\/users\/1"}],"replies":[{"embeddable":true,"href":"https:\/\/edulcodiet.com\/zh_cn\/wp-json\/wp\/v2\/comments?post=1571"}],"version-history":[{"count":0,"href":"https:\/\/edulcodiet.com\/zh_cn\/wp-json\/wp\/v2\/pages\/1571\/revisions"}],"wp:attachment":[{"href":"https:\/\/edulcodiet.com\/zh_cn\/wp-json\/wp\/v2\/media?parent=1571"}],"curies":[{"name":"wp","href":"https:\/\/api.w.org\/{rel}","templated":true}]}}