{"id":1571,"date":"2025-07-07T15:36:15","date_gmt":"2025-07-07T15:36:15","guid":{"rendered":"https:\/\/edulcodiet.com\/?page_id=1571"},"modified":"2025-07-14T18:15:53","modified_gmt":"2025-07-14T18:15:53","slug":"cookie-%e6%94%bf%e7%ad%96","status":"publish","type":"page","link":"https:\/\/edulcodiet.com\/zh\/cookie-%e6%94%bf%e7%ad%96\/","title":{"rendered":"Cookie \u653f\u7b56"},"content":{"rendered":"<div data-elementor-type=\"wp-page\" data-elementor-id=\"1571\" class=\"elementor elementor-1571\" data-elementor-post-type=\"page\">\n\t\t\t\t<div data-particle_enable=\"false\" data-particle-mobile-disabled=\"false\" class=\"elementor-element elementor-element-4befc3f e-flex e-con-boxed e-con e-parent\" data-id=\"4befc3f\" data-element_type=\"container\" data-e-type=\"container\">\n\t\t\t\t\t<div class=\"e-con-inner\">\n\t\t\t\t<div class=\"elementor-element elementor-element-35054c6 elementor-widget elementor-widget-html\" data-id=\"35054c6\" data-element_type=\"widget\" data-e-type=\"widget\" data-widget_type=\"html.default\">\n\t\t\t\t\t```html\n<!DOCTYPE html>\n<html lang=\"es\">\n<head>\n  <meta charset=\"UTF-8\">\n  <title>Cookie \u653f\u7b56 | Edulcodiet SL<\/title>\n  <meta name=\"viewport\" content=\"width=device-width, initial-scale=1.0\">\n  <style>\n    body{font-family:Arial,Helvetica,sans-serif;line-height:1.6;margin:20px;color:#222;}\n    h1{font-size:1.8rem;text-align:center;margin-bottom:1rem;}\n    h2{font-size:1.35rem;margin-top:1.5rem;}\n    table{width:100%;border-collapse:collapse;font-size:.95rem;margin-top:1rem;}\n    th,td{border:1px solid #ccc;padding:8px;text-align:left;}\n    th{background:#f3f3f3;}\n    ul{margin-left:1.3rem;}\n    strong{font-weight:700;}\n  <\/style>\n<\/head>\n<body data-rsssl=1>\n\n<h1><strong>COOKIE \u653f\u7b56 \u2013 EDULCODIET SL<\/strong><\/h1>\n<p>\u6700\u5f8c\u66f4\u65b0\uff1a2025\u5e747\u67087\u65e5<\/p>\n\n<h2><strong>1.\u4ec0\u9ebc\u662f Cookie\uff1f<\/strong><\/h2>\n<p>Cookie \u662f\u7db2\u7ad9\u653e\u7f6e\u5728\u4f7f\u7528\u8005\u88dd\u7f6e\u4e0a\u7684\u6587\u5b57\u6587\u4ef6\uff0c\u7528\u65bc\u6536\u96c6\u548c\u6aa2\u7d22\u4f7f\u7528\u8005\u700f\u89bd\u8cc7\u8a0a\u3002 Cookie \u7684\u7528\u9014\u5305\u62ec\u8a18\u4f4f\u4f7f\u7528\u8005\u504f\u597d\u6216\u8861\u91cf\u53d7\u773e\u3002<\/p>\n\n<h2><strong>2.\u6211\u5011\u4f7f\u7528\u54ea\u4e9b Cookie\uff1f<\/strong><\/h2>\n\n<table>\n  <thead>\n    <tr>\n      <th>Cookie \u985e\u578b<\/th>\n      <th>\u76ee\u7684<\/th>\n      <th>\u7bc4\u4f8b\/\u4f9b\u61c9\u5546<\/th>\n      <th>\u671f\u9593<\/th>\n    <\/tr>\n  <\/thead>\n  <tbody>\n    <!-- T\u00e9cnicas -->\n    <tr>\n      <td><strong>\u79d1\u6280<\/strong><\/td>\n      <td>\u5b83\u5011\u5141\u8a31\u7db2\u7ad9\u7684\u57fa\u672c\u64cd\u4f5c\u548c\u6703\u8a71\u7ba1\u7406\u3002<\/td>\n      <td>PHPSESSID\u3001cookieConsent\u3001wp-wpml_current_language<\/td>\n      <td>\u5c46\/1\u5e74<\/td>\n    <\/tr>\n    <!-- Anal\u00edticas -->\n    <tr>\n      <td><strong>\u5206\u6790<\/strong><\/td>\n      <td>\u533f\u540d\u6d41\u91cf\u548c\u884c\u70ba\u6e2c\u91cf\u4ee5\u512a\u5316\u6f5b\u5728\u5ba2\u6236\u7684\u7522\u751f\u3002<\/td>\n      <td>Google\u5206\u6790\uff1a_ga\u3001_gid\u3001_gat<\/td>\n      <td>24\u500b\u6708\/24\u5c0f\u6642\/1\u5206\u9418<\/td>\n    <\/tr>\n    <!-- Publicitarias -->\n    <tr>\n      <td><strong>\u5ee3\u544a<\/strong><\/td>\n      <td>\u5ee3\u544a\u6d3b\u52d5\u4e2d\u7684\u518d\u884c\u92b7\u8207\u5ee3\u544a\u500b\u4eba\u5316\u3002<\/td>\n      <td>Google \u5ee3\u544a IDE\uff0cMeta Pixel _fbp<\/td>\n      <td>90\u5929<\/td>\n    <\/tr>\n    <!-- HubSpot tracking -->\n    <tr>\n      <td><strong>HubSpot \u2013 \u8ddf\u8e2a<\/strong><\/td>\n      <td>\u8b58\u5225\u8a2a\u5ba2\u4e26\u8a18\u9304\u6703\u8a71\u4ee5\u9032\u884c\u6f5b\u5728\u5ba2\u6236\u5206\u6790\u3002<\/td>\n      <td>hubspotutk<\/td>\n      <td>13\u500b\u6708<\/td>\n    <\/tr>\n    <!-- HubSpot sesi\u00f3n -->\n    <tr>\n      <td><strong>HubSpot \u2013 \u6703\u8a71<\/strong><\/td>\n      <td>\u7dad\u8b77\u6703\u8a71\u72c0\u614b\u548c\u9020\u8a2a\u6b21\u6578\u3002<\/td>\n      <td>__hstc\uff0c__hssrc<\/td>\n      <td>13\u500b\u6708\/\u5c46<\/td>\n    <\/tr>\n    <tr>\n      <td><strong>HubSpot\uff0d\u6548\u80fd<\/strong><\/td>\n      <td>\u8abf\u7bc0\u8acb\u6c42\u901f\u5ea6\u4e26\u907f\u514d\u904e\u8f09\u3002<\/td>\n      <td>__hssc<\/td>\n      <td>30\u5206\u9418<\/td>\n    <\/tr>\n    <!-- Preferencias -->\n    <tr>\n      <td><strong>\u504f\u597d\u8a2d\u5b9a<\/strong><\/td>\n      <td>\u5132\u5b58\u8a9e\u8a00\u3001\u4f48\u5c40\u6216\u6697\u6a21\u5f0f\u8a2d\u5b9a\u3002<\/td>\n      <td>\u4e3b\u984c\u3001\u7248\u9762\u3001cookies \u9996\u9078\u9805<\/td>\n      <td>1\u5e74<\/td>\n    <\/tr>\n    <!-- V\u00eddeo \/ Media -->\n    <tr>\n      <td><strong>\u5f71\u7247\/\u5a92\u9ad4<\/strong><\/td>\n      <td>\u6574\u5408\u5916\u90e8\u8996\u8a0a\u64ad\u653e\u3002<\/td>\n      <td>YouTube YSC\uff0cVISITOR_INFO1_LIVE<\/td>\n      <td>\u5b78\u671f\/6\u500b\u6708<\/td>\n    <\/tr>\n  <\/tbody>\n<\/table>\n\n<h2><strong>3. \u540c\u610f<\/strong><\/h2>\n<p>\u7576\u60a8\u7b2c\u4e00\u6b21\u8a2a\u554f\u8a72\u7db2\u7ad9\u6642\uff0c\u60a8\u5c07\u770b\u5230\u4e00\u500b\u6a6b\u5e45\uff0c\u60a8\u53ef\u4ee5 <strong>\u63a5\u53d7<\/strong>, <strong>\u8a2d\u5b9a<\/strong> \u4efb\u4f55\u4e00\u500b <strong>\u8870\u9000<\/strong> \u975e\u5fc5\u8981\u7684 Cookie\u3002\u60a8\u53ef\u4ee5\u96a8\u6642\u900f\u904e\u9ede\u64ca\u9801\u8173\u4e2d\u7684\u300c\u8a2d\u5b9a Cookie\u300d\u9023\u7d50\u6216\u5f9e\u700f\u89bd\u5668\u4e2d\u522a\u9664 Cookie \u4f86\u8b8a\u66f4\u60a8\u7684\u504f\u597d\u8a2d\u5b9a\u3002<\/p>\n\n<h2><strong>4. \u5982\u4f55\u505c\u7528\u6216\u522a\u9664 Cookie<\/strong><\/h2>\n<p>\u8acb\u53c3\u8003\u60a8\u7684\u700f\u89bd\u5668\u5354\u52a9\u4f86\u7ba1\u7406\u6216\u522a\u9664 cookies\uff1a<\/p>\n<ul>\n  <li><a href=\"https:\/\/support.google.com\/chrome\/answer\/95647\" target=\"_blank\" rel=\"nofollow noopener\">\u8c37\u6b4c\u700f\u89bd\u5668<\/a><\/li>\n  <li><a href=\"https:\/\/support.mozilla.org\/es\/kb\/habilitar-y-deshabilitar-cookies-sitios-web\" target=\"_blank\" rel=\"nofollow noopener\">\u706b\u72d0\u700f\u89bd\u5668<\/a><\/li>\n  <li><a href=\"https:\/\/support.microsoft.com\/es-es\/topic\/administrar-cookies-en-microsoft-edge-63947406-40ac-c3b8-57b9-2a946a29ae09\" target=\"_blank\" rel=\"nofollow noopener\">\u5fae\u8edf Edge<\/a><\/li>\n  <li><a href=\"https:\/\/support.apple.com\/es-es\/HT201265\" target=\"_blank\" rel=\"nofollow noopener\">Safari<\/a><\/li>\n<\/ul>\n\n<h2><strong>5. \u570b\u969b\u8f49\u79fb<\/strong><\/h2>\n<p>Google LLC\u3001Meta Platforms Inc. \u6216 HubSpot Inc. \u7b49\u4f9b\u61c9\u5546\u53ef\u80fd\u6703\u5728\u6b50\u6d32\u7d93\u6fdf\u5340\u4ee5\u5916\u8655\u7406\u8cc7\u6599\u3002\u6211\u5011\u78ba\u4fdd\u6b64\u985e\u50b3\u8f38\u7b26\u5408\u9069\u7528\u7684\u6cd5\u5f8b\u6a5f\u5236\uff08\u6a19\u6e96\u5408\u7d04\u689d\u6b3e\u6216\u5176\u4ed6\u9069\u7576\u7684\u4fdd\u969c\u63aa\u65bd\uff09\u3002<\/p>\n\n<h2><strong>6. \u6578\u64da\u63a7\u5236\u8005<\/strong><\/h2>\n<p><strong>EDULCODIET SL<\/strong> \u2013 NIF B55553473<br>\n\u5de5\u696d\u5340\uff0c\u79c1\u4eba\u5167\u9678\u8def1\u865f\u5009\u5eab<br>\n43152 \u4f69\u62c9\u798f\u7279\uff08\u5854\u62c9\u6208\u7d0d\uff09<br>\n\u90f5\u4ef6\uff1a <a href=\"mailto:info@edulcodiet.com\">info@edulcodiet.com<\/a><\/p>\n\n<h2><strong>7. \u66f4\u65b0<\/strong><\/h2>\n<p>\u6211\u5011\u53ef\u80fd\u6703\u4fee\u6539\u672c Cookie \u653f\u7b56\uff0c\u4ee5\u9069\u61c9\u6cd5\u5f8b\u6216\u6280\u8853\u65b9\u9762\u7684\u8b8a\u5316\u3002\u8acb\u67e5\u770b\u4e0a\u65b9\u6240\u793a\u7684\u6700\u65b0\u7248\u672c\u65e5\u671f\u3002<\/p>\n\n<\/body>\n<\/html>\n```\n\t\t\t\t<\/div>\n\t\t\t\t\t<\/div>\n\t\t\t\t<\/div>\n\t\t\t\t<\/div>\n\t\t\n\n<div class=\"kk-star-ratings kksr-auto kksr-align-center kksr-valign-bottom\"\n    data-payload='{&quot;align&quot;:&quot;center&quot;,&quot;id&quot;:&quot;1571&quot;,&quot;slug&quot;:&quot;default&quot;,&quot;valign&quot;:&quot;bottom&quot;,&quot;ignore&quot;:&quot;&quot;,&quot;reference&quot;:&quot;auto&quot;,&quot;class&quot;:&quot;&quot;,&quot;count&quot;:&quot;0&quot;,&quot;legendonly&quot;:&quot;&quot;,&quot;readonly&quot;:&quot;&quot;,&quot;score&quot;:&quot;0&quot;,&quot;starsonly&quot;:&quot;&quot;,&quot;best&quot;:&quot;5&quot;,&quot;gap&quot;:&quot;5&quot;,&quot;greet&quot;:&quot;Valoraci\u00f3n&quot;,&quot;legend&quot;:&quot;Gracias por la valoraci\u00f3n&quot;,&quot;size&quot;:&quot;24&quot;,&quot;title&quot;:&quot;Pol\u00edtica de Cookies&quot;,&quot;width&quot;:&quot;0&quot;,&quot;_legend&quot;:&quot;Gracias por la valoraci\u00f3n&quot;,&quot;font_factor&quot;:&quot;1.25&quot;}'>\n            \n<div class=\"kksr-stars\">\n    \n<div class=\"kksr-stars-inactive\">\n            <div class=\"kksr-star\" data-star=\"1\" style=\"padding-right: 5px\">\n            \n\n<div class=\"kksr-icon\" style=\"width: 24px; height: 24px;\"><\/div>\n        <\/div>\n            <div class=\"kksr-star\" data-star=\"2\" style=\"padding-right: 5px\">\n            \n\n<div class=\"kksr-icon\" style=\"width: 24px; height: 24px;\"><\/div>\n        <\/div>\n            <div class=\"kksr-star\" data-star=\"3\" style=\"padding-right: 5px\">\n            \n\n<div class=\"kksr-icon\" style=\"width: 24px; height: 24px;\"><\/div>\n        <\/div>\n            <div class=\"kksr-star\" data-star=\"4\" style=\"padding-right: 5px\">\n            \n\n<div class=\"kksr-icon\" style=\"width: 24px; height: 24px;\"><\/div>\n        <\/div>\n            <div class=\"kksr-star\" data-star=\"5\" style=\"padding-right: 5px\">\n            \n\n<div class=\"kksr-icon\" style=\"width: 24px; height: 24px;\"><\/div>\n        <\/div>\n    <\/div>\n    \n<div class=\"kksr-stars-active\" style=\"width: 0px;\">\n            <div class=\"kksr-star\" style=\"padding-right: 5px\">\n            \n\n<div class=\"kksr-icon\" style=\"width: 24px; height: 24px;\"><\/div>\n        <\/div>\n            <div class=\"kksr-star\" style=\"padding-right: 5px\">\n            \n\n<div class=\"kksr-icon\" style=\"width: 24px; height: 24px;\"><\/div>\n        <\/div>\n            <div class=\"kksr-star\" style=\"padding-right: 5px\">\n            \n\n<div class=\"kksr-icon\" style=\"width: 24px; height: 24px;\"><\/div>\n        <\/div>\n            <div class=\"kksr-star\" style=\"padding-right: 5px\">\n            \n\n<div class=\"kksr-icon\" style=\"width: 24px; height: 24px;\"><\/div>\n        <\/div>\n            <div class=\"kksr-star\" style=\"padding-right: 5px\">\n            \n\n<div class=\"kksr-icon\" style=\"width: 24px; height: 24px;\"><\/div>\n        <\/div>\n    <\/div>\n<\/div>\n                \n\n<div class=\"kksr-legend\" style=\"font-size: 19.2px;\">\n            <span class=\"kksr-muted\">\u8a55\u4f30<\/span>\n    <\/div>\n    <\/div>","protected":false},"excerpt":{"rendered":"<p>\u00ab`html Pol\u00edtica de Cookies | Edulcodiet S.L. POL\u00cdTICA DE COOKIES \u2013 EDULCODIET S.L. \u00daltima actualizaci\u00f3n: 7&nbsp;de&nbsp;julio&nbsp;de&nbsp;2025 1.&nbsp;\u00bfQU\u00c9 SON LAS COOKIES? Las cookies son archivos de texto que un sitio web instala en el dispositivo del usuario para recoger y recuperar informaci\u00f3n sobre su navegaci\u00f3n. Sirven, entre otras cosas, para recordar preferencias o medir la audiencia. [&hellip;]<\/p>\n","protected":false},"author":1,"featured_media":0,"parent":0,"menu_order":0,"comment_status":"closed","ping_status":"closed","template":"","meta":{"content-type":"","footnotes":""},"class_list":["post-1571","page","type-page","status-publish","hentry"],"_links":{"self":[{"href":"https:\/\/edulcodiet.com\/zh\/wp-json\/wp\/v2\/pages\/1571","targetHints":{"allow":["GET"]}}],"collection":[{"href":"https:\/\/edulcodiet.com\/zh\/wp-json\/wp\/v2\/pages"}],"about":[{"href":"https:\/\/edulcodiet.com\/zh\/wp-json\/wp\/v2\/types\/page"}],"author":[{"embeddable":true,"href":"https:\/\/edulcodiet.com\/zh\/wp-json\/wp\/v2\/users\/1"}],"replies":[{"embeddable":true,"href":"https:\/\/edulcodiet.com\/zh\/wp-json\/wp\/v2\/comments?post=1571"}],"version-history":[{"count":0,"href":"https:\/\/edulcodiet.com\/zh\/wp-json\/wp\/v2\/pages\/1571\/revisions"}],"wp:attachment":[{"href":"https:\/\/edulcodiet.com\/zh\/wp-json\/wp\/v2\/media?parent=1571"}],"curies":[{"name":"wp","href":"https:\/\/api.w.org\/{rel}","templated":true}]}}