{"id":1565,"date":"2025-07-07T15:34:22","date_gmt":"2025-07-07T15:34:22","guid":{"rendered":"https:\/\/edulcodiet.com\/?page_id=1565"},"modified":"2025-07-15T15:23:34","modified_gmt":"2025-07-15T15:23:34","slug":"%e9%9a%b1%e7%a7%81%e6%ac%8a%e6%94%bf%e7%ad%962","status":"publish","type":"page","link":"https:\/\/edulcodiet.com\/zh\/%e9%9a%b1%e7%a7%81%e6%ac%8a%e6%94%bf%e7%ad%962\/","title":{"rendered":"\u96b1\u79c1\u6b0a\u653f\u7b56"},"content":{"rendered":"<div data-elementor-type=\"wp-page\" data-elementor-id=\"1565\" class=\"elementor elementor-1565\" data-elementor-post-type=\"page\">\n\t\t\t\t<div data-particle_enable=\"false\" data-particle-mobile-disabled=\"false\" class=\"elementor-element elementor-element-68ab70c e-flex e-con-boxed e-con e-parent\" data-id=\"68ab70c\" data-element_type=\"container\" data-e-type=\"container\">\n\t\t\t\t\t<div class=\"e-con-inner\">\n\t\t\t\t<div class=\"elementor-element elementor-element-f936c51 elementor-widget elementor-widget-html\" data-id=\"f936c51\" data-element_type=\"widget\" data-e-type=\"widget\" data-widget_type=\"html.default\">\n\t\t\t\t\t<!DOCTYPE html>\n<html lang=\"es\">\n<head>\n  <meta charset=\"UTF-8\">\n  <title>\u96b1\u79c1\u6b0a\u653f\u7b56 | Edulcodiet SL<\/title>\n  <meta name=\"viewport\" content=\"width=device-width, initial-scale=1.0\">\n  <style>\n    body{font-family:Arial,Helvetica,sans-serif;line-height:1.6;margin:20px;color:#222;}\n    h1{font-size:1.8rem;text-align:center;margin-bottom:1rem;}\n    h2{font-size:1.35rem;margin-top:1.5rem;}\n    ul{margin-left:1.2rem;}\n    strong{font-weight:700;}\n    .section{margin-bottom:2rem;}\n  <\/style>\n<\/head>\n<body data-rsssl=1>\n\n<h1><strong>\u96b1\u79c1\u6b0a\u653f\u7b56 \u2013 EDULCODIET SL<\/strong><\/h1>\n<p style=\"text-align:center;\"><em>\u66f4\u65b0\u65bc2025\u5e747\u67087\u65e5<\/em><\/p>\n\n<div class=\"section\">\n  <h2><strong>1. \u96b1\u79c1\u627f\u8afe<\/strong><\/h2>\n  <p>\u672c\u653f\u7b56\u63cf\u8ff0\u5982\u4f55 <strong>EDULCODIET SL<\/strong> \uff08\u4ee5\u4e0b\u7c21\u7a31\u201c<strong>\u6559\u80b2\u98f2\u98df<\/strong>\u201d\uff09\u6536\u96c6\u4e26\u8655\u7406\u7db2\u7ad9\u4f7f\u7528\u8005\u7684\u500b\u4eba\u6578\u64da <a href=\"https:\/\/edulcodiet.com\/zh\">https:\/\/edulcodiet.com\/<\/a> \uff08\u4ee5\u4e0b\u7c21\u7a31\u201c<strong>\u7db2\u7ad9<\/strong>\u300d\uff09\u3002\u6211\u5011\u81f4\u529b\u65bc\u6839\u64da\u73fe\u884c\u6cd5\u898f\u548c\u672c\u6587\u4ef6\u6240\u8ff0\u4fdd\u8b77\u60a8\u7684\u8cc7\u8a0a\u3002<\/p>\n<\/div>\n\n<div class=\"section\">\n  <h2><strong>2. \u6211\u5011\u6536\u96c6\u7684\u8cc7\u8a0a<\/strong><\/h2>\n  <ul>\n    <li><strong>\u8b58\u5225\u6578\u64da\uff1a<\/strong> \u59d3\u540d\u3002<\/li>\n    <li><strong>\u806f\u7d61\u8cc7\u8a0a\uff1a<\/strong> \u96fb\u5b50\u90f5\u4ef6\u3001\u96fb\u8a71\u3001\u5730\u5740\u3002<\/li>\n    <li><strong>\u4eba\u53e3\u7d71\u8a08\u6578\u64da<\/strong> \uff08\u5982\u9069\u7528\uff09\u3002<\/li>\n    <li><strong>\u5e33\u55ae\u6216\u9001\u8ca8\u8cc7\u8a0a<\/strong> \u5fc5\u8981\u6642\u8655\u7406\u8a02\u55ae\u3002<\/li>\n  <\/ul>\n<\/div>\n\n<div class=\"section\">\n  <h2><strong>3. \u8655\u7406\u7684\u76ee\u7684\u548c\u6cd5\u5f8b\u4f9d\u64da<\/strong><\/h2>\n  <p>\u6211\u5011\u5c07\u4f7f\u7528\u9019\u4e9b\u8cc7\u8a0a\u4f86\uff1a<\/p>\n  <ul>\n    <li>\u63d0\u4f9b\u670d\u52d9\u4e26\u7ba1\u7406\u8a02\u55ae\u3002<\/li>\n    <li>\u7dad\u8b77\u4f7f\u7528\u8005\u8a18\u9304\u4e26\u6539\u9032\u7522\u54c1\u3002<\/li>\n    <li>\u767c\u9001\u60a8\u53ef\u4ee5\u96a8\u6642\u53d6\u6d88\u7684\u5546\u696d\u901a\u8a0a\uff08\u512a\u60e0\u3001\u65b0\u805e\uff09\u3002<\/li>\n    <li>\u78ba\u4fdd\u7db2\u7ad9\u7684\u5b89\u5168\u3002<\/li>\n  <\/ul>\n  <p>\u5408\u6cd5\u5316\u57fa\u65bc\u5408\u7d04\u7684\u57f7\u884c\u3001\u76f8\u95dc\u65b9\u7684\u540c\u610f\u4ee5\u53ca Edulcodiet \u7684\u5408\u6cd5\u5229\u76ca\u3002<\/p>\n<\/div>\n\n<div class=\"section\">\n  <h2><strong>4. \u8cc7\u6599\u5b89\u5168<\/strong><\/h2>\n  <p>Edulcodiet \u63a1\u7528\u5148\u9032\u7684\u6280\u8853\u548c\u7d44\u7e54\u63aa\u65bd\u4f86\u9632\u6b62\u672a\u7d93\u6388\u6b0a\u7684\u5b58\u53d6\u3001\u907a\u5931\u6216\u66f4\u6539\u500b\u4eba\u8cc7\u8a0a\u3002<\/p>\n<\/div>\n\n<div class=\"section\">\n  <h2><strong>5. Cookie<\/strong><\/h2>\n  <p>\u672c\u7db2\u7ad9\u4f7f\u7528 Cookie \u4f86\u5206\u6790\u6d41\u91cf\u4e26\u63d0\u5347\u4f7f\u7528\u8005\u9ad4\u9a57\u3002\u60a8\u53ef\u4ee5\u5728\u700f\u89bd\u5668\u4e2d\u63a5\u53d7\u3001\u8a2d\u5b9a\u6216\u62d2\u7d55 Cookie\u3002\u5b8c\u5168\u505c\u7528 Cookie \u53ef\u80fd\u6703\u9650\u5236\u67d0\u4e9b\u529f\u80fd\u3002<\/p>\n<\/div>\n\n<div class=\"section\">\n  <h2><strong>6. \u7b2c\u4e09\u65b9\u93c8\u63a5<\/strong><\/h2>\n  <p>\u7576\u60a8\u9ede\u64ca\u5916\u90e8\u9023\u7d50\u6642\uff0cEdulcodiet \u4e0d\u63a7\u5236\u9019\u4e9b\u7db2\u7ad9\u7684\u96b1\u79c1\u6b0a\u653f\u7b56\uff0c\u4e5f\u4e0d\u5c0d\u5176\u8ca0\u8cac\u3002\u8acb\u5728\u63d0\u4f9b\u4efb\u4f55\u8cc7\u8a0a\u4e4b\u524d\u67e5\u770b\u5176\u689d\u6b3e\u3002<\/p>\n<\/div>\n\n<div class=\"section\">\n  <h2><strong>7. \u7528\u6236\u6b0a\u5229<\/strong><\/h2>\n  <p>\u60a8\u53ef\u4ee5\u884c\u4f7f <strong>\u5b58\u53d6\u3001\u66f4\u6b63\u3001\u522a\u9664\u3001\u53cd\u5c0d\u3001\u9650\u5236\u548c\u53ef\u79fb\u690d\u6027<\/strong> \u900f\u904e\u767c\u9001\u8acb\u6c42\u5230 <a href=\"mailto:info@edulcodiet.com\">info@edulcodiet.com<\/a> \u6216\u5bc4\u81f3\u6cd5\u5f8b\u8072\u660e\u4e2d\u8a3b\u660e\u7684\u90f5\u5bc4\u5730\u5740\u3002<\/p>\n<\/div>\n\n<div class=\"section\">\n  <h2><strong>8. \u8cc7\u6599\u50b3\u8f38<\/strong><\/h2>\n  <p>\u672a\u7d93\u60a8\u7684\u540c\u610f\uff0cEdulcodiet \u4e0d\u6703\u5c07\u60a8\u7684\u8cc7\u6599\u51fa\u552e\u6216\u8f49\u8b93\u7d66\u7b2c\u4e09\u65b9\uff0c\u9664\u975e\u6709\u6cd5\u5f8b\u7fa9\u52d9\u6216\u6cd5\u9662\u547d\u4ee4\u3002<\/p>\n<\/div>\n\n<div class=\"section\">\n  <h2><strong>9. \u653f\u7b56\u4fee\u6539<\/strong><\/h2>\n  <p>Edulcodiet \u53ef\u80fd\u6703\u6839\u64da\u6cd5\u5f8b\u6cd5\u898f\u6216\u5167\u90e8\u8b8a\u66f4\u66f4\u65b0\u672c\u653f\u7b56\u3002\u6700\u65b0\u7248\u672c\u7684\u65e5\u671f\u5c07\u4e88\u4ee5\u8a3b\u660e\u3002<\/p>\n<\/div>\n\n<div class=\"section\">\n  <h2><strong>10.\u806f\u7d61\u65b9\u5f0f<\/strong><\/h2>\n  <p><strong>EDULCODIET SL<\/strong><br>\n     \u5de5\u696d\u5340\uff0c\u79c1\u4eba\u5167\u9678\u8def1\u865f\u5009\u5eab<br>\n     43152 \u4f69\u62c9\u798f\u7279\uff08\u5854\u62c9\u6208\u7d0d\uff09<br>\n     \u90f5\u4ef6\uff1a <a href=\"mailto:info@edulcodiet.com\">info@edulcodiet.com<\/a><\/p>\n<\/div>\n\n<\/body>\n<\/html>\n\t\t\t\t<\/div>\n\t\t\t\t\t<\/div>\n\t\t\t\t<\/div>\n\t\t\t\t<\/div>\n\t\t\n\n<div class=\"kk-star-ratings kksr-auto kksr-align-center kksr-valign-bottom\"\n    data-payload='{&quot;align&quot;:&quot;center&quot;,&quot;id&quot;:&quot;1565&quot;,&quot;slug&quot;:&quot;default&quot;,&quot;valign&quot;:&quot;bottom&quot;,&quot;ignore&quot;:&quot;&quot;,&quot;reference&quot;:&quot;auto&quot;,&quot;class&quot;:&quot;&quot;,&quot;count&quot;:&quot;0&quot;,&quot;legendonly&quot;:&quot;&quot;,&quot;readonly&quot;:&quot;&quot;,&quot;score&quot;:&quot;0&quot;,&quot;starsonly&quot;:&quot;&quot;,&quot;best&quot;:&quot;5&quot;,&quot;gap&quot;:&quot;5&quot;,&quot;greet&quot;:&quot;Valoraci\u00f3n&quot;,&quot;legend&quot;:&quot;Gracias por la valoraci\u00f3n&quot;,&quot;size&quot;:&quot;24&quot;,&quot;title&quot;:&quot;Pol\u00edtica de Privacidad&quot;,&quot;width&quot;:&quot;0&quot;,&quot;_legend&quot;:&quot;Gracias por la valoraci\u00f3n&quot;,&quot;font_factor&quot;:&quot;1.25&quot;}'>\n            \n<div class=\"kksr-stars\">\n    \n<div class=\"kksr-stars-inactive\">\n            <div class=\"kksr-star\" data-star=\"1\" style=\"padding-right: 5px\">\n            \n\n<div class=\"kksr-icon\" style=\"width: 24px; height: 24px;\"><\/div>\n        <\/div>\n            <div class=\"kksr-star\" data-star=\"2\" style=\"padding-right: 5px\">\n            \n\n<div class=\"kksr-icon\" style=\"width: 24px; height: 24px;\"><\/div>\n        <\/div>\n            <div class=\"kksr-star\" data-star=\"3\" style=\"padding-right: 5px\">\n            \n\n<div class=\"kksr-icon\" style=\"width: 24px; height: 24px;\"><\/div>\n        <\/div>\n            <div class=\"kksr-star\" data-star=\"4\" style=\"padding-right: 5px\">\n            \n\n<div class=\"kksr-icon\" style=\"width: 24px; height: 24px;\"><\/div>\n        <\/div>\n            <div class=\"kksr-star\" data-star=\"5\" style=\"padding-right: 5px\">\n            \n\n<div class=\"kksr-icon\" style=\"width: 24px; height: 24px;\"><\/div>\n        <\/div>\n    <\/div>\n    \n<div class=\"kksr-stars-active\" style=\"width: 0px;\">\n            <div class=\"kksr-star\" style=\"padding-right: 5px\">\n            \n\n<div class=\"kksr-icon\" style=\"width: 24px; height: 24px;\"><\/div>\n        <\/div>\n            <div class=\"kksr-star\" style=\"padding-right: 5px\">\n            \n\n<div class=\"kksr-icon\" style=\"width: 24px; height: 24px;\"><\/div>\n        <\/div>\n            <div class=\"kksr-star\" style=\"padding-right: 5px\">\n            \n\n<div class=\"kksr-icon\" style=\"width: 24px; height: 24px;\"><\/div>\n        <\/div>\n            <div class=\"kksr-star\" style=\"padding-right: 5px\">\n            \n\n<div class=\"kksr-icon\" style=\"width: 24px; height: 24px;\"><\/div>\n        <\/div>\n            <div class=\"kksr-star\" style=\"padding-right: 5px\">\n            \n\n<div class=\"kksr-icon\" style=\"width: 24px; height: 24px;\"><\/div>\n        <\/div>\n    <\/div>\n<\/div>\n                \n\n<div class=\"kksr-legend\" style=\"font-size: 19.2px;\">\n            <span class=\"kksr-muted\">\u8a55\u4f30<\/span>\n    <\/div>\n    <\/div>","protected":false},"excerpt":{"rendered":"<p>Pol\u00edtica de Privacidad | Edulcodiet S.L. POL\u00cdTICA DE PRIVACIDAD \u2013 EDULCODIET S.L. Actualizada el 7&nbsp;de&nbsp;julio&nbsp;de&nbsp;2025 1.&nbsp;COMPROMISO DE PRIVACIDAD Esta Pol\u00edtica describe c\u00f3mo EDULCODIET&nbsp;S.L. (en adelante, \u201cEdulcodiet\u201d) recopila y trata los datos personales de los usuarios del sitio web https:\/\/edulcodiet.com\/ (en adelante, \u201cSitio&nbsp;Web\u201d). Nos comprometemos a proteger su informaci\u00f3n conforme a la normativa vigente y a [&hellip;]<\/p>\n","protected":false},"author":1,"featured_media":0,"parent":0,"menu_order":0,"comment_status":"closed","ping_status":"closed","template":"","meta":{"content-type":"","footnotes":""},"class_list":["post-1565","page","type-page","status-publish","hentry"],"_links":{"self":[{"href":"https:\/\/edulcodiet.com\/zh\/wp-json\/wp\/v2\/pages\/1565","targetHints":{"allow":["GET"]}}],"collection":[{"href":"https:\/\/edulcodiet.com\/zh\/wp-json\/wp\/v2\/pages"}],"about":[{"href":"https:\/\/edulcodiet.com\/zh\/wp-json\/wp\/v2\/types\/page"}],"author":[{"embeddable":true,"href":"https:\/\/edulcodiet.com\/zh\/wp-json\/wp\/v2\/users\/1"}],"replies":[{"embeddable":true,"href":"https:\/\/edulcodiet.com\/zh\/wp-json\/wp\/v2\/comments?post=1565"}],"version-history":[{"count":0,"href":"https:\/\/edulcodiet.com\/zh\/wp-json\/wp\/v2\/pages\/1565\/revisions"}],"wp:attachment":[{"href":"https:\/\/edulcodiet.com\/zh\/wp-json\/wp\/v2\/media?parent=1565"}],"curies":[{"name":"wp","href":"https:\/\/api.w.org\/{rel}","templated":true}]}}