{"id":1571,"date":"2025-07-07T15:36:15","date_gmt":"2025-07-07T15:36:15","guid":{"rendered":"https:\/\/edulcodiet.com\/?page_id=1571"},"modified":"2025-07-14T18:15:53","modified_gmt":"2025-07-14T18:15:53","slug":"%d0%bf%d0%be%d0%bb%d0%b8%d1%82%d0%b8%d0%ba%d0%b0-%d0%b2-%d0%be%d1%82%d0%bd%d0%be%d1%88%d0%b5%d0%bd%d0%b8%d0%b8-%d1%84%d0%b0%d0%b9%d0%bb%d0%be%d0%b2-cookie","status":"publish","type":"page","link":"https:\/\/edulcodiet.com\/ru\/%d0%bf%d0%be%d0%bb%d0%b8%d1%82%d0%b8%d0%ba%d0%b0-%d0%b2-%d0%be%d1%82%d0%bd%d0%be%d1%88%d0%b5%d0%bd%d0%b8%d0%b8-%d1%84%d0%b0%d0%b9%d0%bb%d0%be%d0%b2-cookie\/","title":{"rendered":"\u041f\u043e\u043b\u0438\u0442\u0438\u043a\u0430 \u0438\u0441\u043f\u043e\u043b\u044c\u0437\u043e\u0432\u0430\u043d\u0438\u044f \u0444\u0430\u0439\u043b\u043e\u0432 cookie"},"content":{"rendered":"<div data-elementor-type=\"wp-page\" data-elementor-id=\"1571\" class=\"elementor elementor-1571\" data-elementor-post-type=\"page\">\n\t\t\t\t<div data-particle_enable=\"false\" data-particle-mobile-disabled=\"false\" class=\"elementor-element elementor-element-4befc3f e-flex e-con-boxed e-con e-parent\" data-id=\"4befc3f\" data-element_type=\"container\" data-e-type=\"container\">\n\t\t\t\t\t<div class=\"e-con-inner\">\n\t\t\t\t<div class=\"elementor-element elementor-element-35054c6 elementor-widget elementor-widget-html\" data-id=\"35054c6\" data-element_type=\"widget\" data-e-type=\"widget\" data-widget_type=\"html.default\">\n\t\t\t\t\t```html\n<!DOCTYPE html>\n<html lang=\"es\">\n<head>\n  <meta charset=\"UTF-8\">\n  <title>\u041f\u043e\u043b\u0438\u0442\u0438\u043a\u0430 \u0438\u0441\u043f\u043e\u043b\u044c\u0437\u043e\u0432\u0430\u043d\u0438\u044f \u0444\u0430\u0439\u043b\u043e\u0432 cookie | Edulcodiet SL<\/title>\n  <meta name=\"viewport\" content=\"width=device-width, initial-scale=1.0\">\n  <style>\n    body{font-family:Arial,Helvetica,sans-serif;line-height:1.6;margin:20px;color:#222;}\n    h1{font-size:1.8rem;text-align:center;margin-bottom:1rem;}\n    h2{font-size:1.35rem;margin-top:1.5rem;}\n    table{width:100%;border-collapse:collapse;font-size:.95rem;margin-top:1rem;}\n    th,td{border:1px solid #ccc;padding:8px;text-align:left;}\n    th{background:#f3f3f3;}\n    ul{margin-left:1.3rem;}\n    strong{font-weight:700;}\n  <\/style>\n<\/head>\n<body data-rsssl=1>\n\n<h1><strong>\u041f\u041e\u041b\u0418\u0422\u0418\u041a\u0410 \u0412 \u041e\u0422\u041d\u041e\u0428\u0415\u041d\u0418\u0418 \u0424\u0410\u0419\u041b\u041e\u0412 COOKIE \u2013 EDULCODIET SL<\/strong><\/h1>\n<p>\u041f\u043e\u0441\u043b\u0435\u0434\u043d\u0435\u0435 \u043e\u0431\u043d\u043e\u0432\u043b\u0435\u043d\u0438\u0435: 7 \u0438\u044e\u043b\u044f 2025 \u0433.<\/p>\n\n<h2><strong>1. \u0427\u0422\u041e \u0422\u0410\u041a\u041e\u0415 COOKIE-\u0424\u0410\u0419\u041b\u042b?<\/strong><\/h2>\n<p>\u0424\u0430\u0439\u043b\u044b cookie \u2014 \u044d\u0442\u043e \u0442\u0435\u043a\u0441\u0442\u043e\u0432\u044b\u0435 \u0444\u0430\u0439\u043b\u044b, \u043a\u043e\u0442\u043e\u0440\u044b\u0435 \u0432\u0435\u0431-\u0441\u0430\u0439\u0442 \u0440\u0430\u0437\u043c\u0435\u0449\u0430\u0435\u0442 \u043d\u0430 \u0443\u0441\u0442\u0440\u043e\u0439\u0441\u0442\u0432\u0435 \u043f\u043e\u043b\u044c\u0437\u043e\u0432\u0430\u0442\u0435\u043b\u044f \u0434\u043b\u044f \u0441\u0431\u043e\u0440\u0430 \u0438 \u0438\u0437\u0432\u043b\u0435\u0447\u0435\u043d\u0438\u044f \u0438\u043d\u0444\u043e\u0440\u043c\u0430\u0446\u0438\u0438 \u043e \u0435\u0433\u043e \u0434\u0435\u0439\u0441\u0442\u0432\u0438\u044f\u0445 \u0432 \u0431\u0440\u0430\u0443\u0437\u0435\u0440\u0435. \u041e\u043d\u0438 \u0438\u0441\u043f\u043e\u043b\u044c\u0437\u0443\u044e\u0442\u0441\u044f, \u0432 \u0447\u0430\u0441\u0442\u043d\u043e\u0441\u0442\u0438, \u0434\u043b\u044f \u0437\u0430\u043f\u043e\u043c\u0438\u043d\u0430\u043d\u0438\u044f \u043f\u0440\u0435\u0434\u043f\u043e\u0447\u0442\u0435\u043d\u0438\u0439 \u0438 \u043e\u0446\u0435\u043d\u043a\u0438 \u0430\u0443\u0434\u0438\u0442\u043e\u0440\u0438\u0438.<\/p>\n\n<h2><strong>2. \u041a\u0410\u041a\u0418\u0415 \u0424\u0410\u0419\u041b\u042b COOKIE \u041c\u042b \u0418\u0421\u041f\u041e\u041b\u042c\u0417\u0423\u0415\u041c?<\/strong><\/h2>\n\n<table>\n  <thead>\n    <tr>\n      <th>\u0422\u0438\u043f \u0444\u0430\u0439\u043b\u0430 cookie<\/th>\n      <th>\u0426\u0435\u043b\u044c<\/th>\n      <th>\u041f\u0440\u0438\u043c\u0435\u0440\u044b \/ \u041f\u043e\u0441\u0442\u0430\u0432\u0449\u0438\u043a<\/th>\n      <th>\u041f\u0440\u043e\u0434\u043e\u043b\u0436\u0438\u0442\u0435\u043b\u044c\u043d\u043e\u0441\u0442\u044c<\/th>\n    <\/tr>\n  <\/thead>\n  <tbody>\n    <!-- T\u00e9cnicas -->\n    <tr>\n      <td><strong>\u041c\u0435\u0442\u043e\u0434\u044b<\/strong><\/td>\n      <td>\u041e\u043d\u0438 \u043f\u043e\u0437\u0432\u043e\u043b\u044f\u044e\u0442 \u043e\u0441\u0443\u0449\u0435\u0441\u0442\u0432\u043b\u044f\u0442\u044c \u0431\u0430\u0437\u043e\u0432\u044b\u0435 \u043e\u043f\u0435\u0440\u0430\u0446\u0438\u0438 \u0441 \u0441\u0430\u0439\u0442\u043e\u043c \u0438 \u0443\u043f\u0440\u0430\u0432\u043b\u044f\u0442\u044c \u0441\u0435\u0430\u043d\u0441\u0430\u043c\u0438.<\/td>\n      <td>PHPSESSID, cookieConsent, wp-wpml_current_language<\/td>\n      <td>\u0421\u0435\u0441\u0441\u0438\u044f \/ 1 \u0433\u043e\u0434<\/td>\n    <\/tr>\n    <!-- Anal\u00edticas -->\n    <tr>\n      <td><strong>\u0410\u043d\u0430\u043b\u0438\u0442\u0438\u043a\u0430<\/strong><\/td>\n      <td>\u0410\u043d\u043e\u043d\u0438\u043c\u043d\u043e\u0435 \u0438\u0437\u043c\u0435\u0440\u0435\u043d\u0438\u0435 \u0442\u0440\u0430\u0444\u0438\u043a\u0430 \u0438 \u043f\u043e\u0432\u0435\u0434\u0435\u043d\u0438\u044f \u0434\u043b\u044f \u043e\u043f\u0442\u0438\u043c\u0438\u0437\u0430\u0446\u0438\u0438 \u0433\u0435\u043d\u0435\u0440\u0430\u0446\u0438\u0438 \u043b\u0438\u0434\u043e\u0432.<\/td>\n      <td>Google Analytics: _ga, _gid, _gat<\/td>\n      <td>24 \u043c\u0435\u0441\u044f\u0446\u0430 \/ 24 \u0447\u0430\u0441\u0430 \/ 1 \u043c\u0438\u043d.<\/td>\n    <\/tr>\n    <!-- Publicitarias -->\n    <tr>\n      <td><strong>\u0420\u0435\u043a\u043b\u0430\u043c\u0430<\/strong><\/td>\n      <td>\u0420\u0435\u043c\u0430\u0440\u043a\u0435\u0442\u0438\u043d\u0433 \u0438 \u043f\u0435\u0440\u0441\u043e\u043d\u0430\u043b\u0438\u0437\u0430\u0446\u0438\u044f \u0440\u0435\u043a\u043b\u0430\u043c\u044b \u0432 \u043a\u0430\u043c\u043f\u0430\u043d\u0438\u044f\u0445.<\/td>\n      <td>Google Ads IDE, Meta Pixel _fbp<\/td>\n      <td>90 \u0434\u043d\u0435\u0439<\/td>\n    <\/tr>\n    <!-- HubSpot tracking -->\n    <tr>\n      <td><strong>HubSpot \u2013 \u041e\u0442\u0441\u043b\u0435\u0436\u0438\u0432\u0430\u043d\u0438\u0435<\/strong><\/td>\n      <td>\u0418\u0434\u0435\u043d\u0442\u0438\u0444\u0438\u0446\u0438\u0440\u0443\u0439\u0442\u0435 \u043f\u043e\u0441\u0435\u0442\u0438\u0442\u0435\u043b\u0435\u0439 \u0438 \u0437\u0430\u043f\u0438\u0441\u044b\u0432\u0430\u0439\u0442\u0435 \u0441\u0435\u0430\u043d\u0441\u044b \u0434\u043b\u044f \u0430\u043d\u0430\u043b\u0438\u0442\u0438\u043a\u0438 \u043b\u0438\u0434\u043e\u0432.<\/td>\n      <td>hubspotutk<\/td>\n      <td>13 \u043c\u0435\u0441\u044f\u0446\u0435\u0432<\/td>\n    <\/tr>\n    <!-- HubSpot sesi\u00f3n -->\n    <tr>\n      <td><strong>HubSpot \u2013 \u0421\u0435\u0441\u0441\u0438\u044f<\/strong><\/td>\n      <td>\u0412\u0435\u0434\u0435\u043d\u0438\u0435 \u0443\u0447\u0435\u0442\u0430 \u0441\u043e\u0441\u0442\u043e\u044f\u043d\u0438\u044f \u0441\u0435\u0430\u043d\u0441\u0430 \u0438 \u043a\u043e\u043b\u0438\u0447\u0435\u0441\u0442\u0432\u0430 \u043f\u043e\u0441\u0435\u0449\u0435\u043d\u0438\u0439.<\/td>\n      <td>__hstc, __hssrc<\/td>\n      <td>13 \u043c\u0435\u0441\u044f\u0446\u0435\u0432 \/ \u0441\u0435\u0441\u0441\u0438\u044f<\/td>\n    <\/tr>\n    <tr>\n      <td><strong>HubSpot \u2013 \u041f\u0440\u043e\u0438\u0437\u0432\u043e\u0434\u0438\u0442\u0435\u043b\u044c\u043d\u043e\u0441\u0442\u044c<\/strong><\/td>\n      <td>\u0420\u0435\u0433\u0443\u043b\u0438\u0440\u0443\u0439\u0442\u0435 \u0441\u043a\u043e\u0440\u043e\u0441\u0442\u044c \u0437\u0430\u043f\u0440\u043e\u0441\u043e\u0432 \u0438 \u0438\u0437\u0431\u0435\u0433\u0430\u0439\u0442\u0435 \u043f\u0435\u0440\u0435\u0433\u0440\u0443\u0437\u043a\u0438.<\/td>\n      <td>__hssc<\/td>\n      <td>30 \u043c\u0438\u043d<\/td>\n    <\/tr>\n    <!-- Preferencias -->\n    <tr>\n      <td><strong>\u041d\u0430\u0441\u0442\u0440\u043e\u0439\u043a\u0438<\/strong><\/td>\n      <td>\u0421\u043e\u0445\u0440\u0430\u043d\u0438\u0442\u0435 \u043d\u0430\u0441\u0442\u0440\u043e\u0439\u043a\u0438 \u044f\u0437\u044b\u043a\u0430, \u043c\u0430\u043a\u0435\u0442\u0430 \u0438\u043b\u0438 \u0442\u0435\u043c\u043d\u043e\u0433\u043e \u0440\u0435\u0436\u0438\u043c\u0430.<\/td>\n      <td>\u0442\u0435\u043c\u0430, \u043c\u0430\u043a\u0435\u0442, \u043d\u0430\u0441\u0442\u0440\u043e\u0439\u043a\u0438 cookie<\/td>\n      <td>1 \u0433\u043e\u0434<\/td>\n    <\/tr>\n    <!-- V\u00eddeo \/ Media -->\n    <tr>\n      <td><strong>\u0412\u0438\u0434\u0435\u043e \/ \u041c\u0435\u0434\u0438\u0430<\/strong><\/td>\n      <td>\u0418\u043d\u0442\u0435\u0433\u0440\u0438\u0440\u043e\u0432\u0430\u043d\u043d\u043e\u0435 \u0432\u043e\u0441\u043f\u0440\u043e\u0438\u0437\u0432\u0435\u0434\u0435\u043d\u0438\u0435 \u0432\u043d\u0435\u0448\u043d\u0438\u0445 \u0432\u0438\u0434\u0435\u043e.<\/td>\n      <td>YouTube YSC, VISITOR_INFO1_LIVE<\/td>\n      <td>\u0421\u0435\u0441\u0441\u0438\u044f \/ 6 \u043c\u0435\u0441\u044f\u0446\u0435\u0432<\/td>\n    <\/tr>\n  <\/tbody>\n<\/table>\n\n<h2><strong>3. \u0421\u041e\u0413\u041b\u0410\u0421\u0418\u0415<\/strong><\/h2>\n<p>\u041f\u0440\u0438 \u043f\u0435\u0440\u0432\u043e\u043c \u043f\u043e\u0441\u0435\u0449\u0435\u043d\u0438\u0438 \u0432\u0435\u0431-\u0441\u0430\u0439\u0442\u0430 \u0432\u044b \u0443\u0432\u0438\u0434\u0438\u0442\u0435 \u0431\u0430\u043d\u043d\u0435\u0440, \u043d\u0430 \u043a\u043e\u0442\u043e\u0440\u043e\u043c \u0432\u044b \u043c\u043e\u0436\u0435\u0442\u0435 <strong>\u043f\u0440\u0438\u043d\u0438\u043c\u0430\u0442\u044c<\/strong>, <strong>\u043d\u0430\u0441\u0442\u0440\u0430\u0438\u0432\u0430\u0442\u044c<\/strong> \u0438\u043b\u0438 <strong>\u043e\u0442\u043a\u043b\u043e\u043d\u0438\u0442\u044c<\/strong> \u041d\u0435\u043e\u0431\u044f\u0437\u0430\u0442\u0435\u043b\u044c\u043d\u044b\u0435 \u0444\u0430\u0439\u043b\u044b cookie. \u0412\u044b \u043c\u043e\u0436\u0435\u0442\u0435 \u0438\u0437\u043c\u0435\u043d\u0438\u0442\u044c \u0441\u0432\u043e\u0438 \u043d\u0430\u0441\u0442\u0440\u043e\u0439\u043a\u0438 \u0432 \u043b\u044e\u0431\u043e\u0435 \u0432\u0440\u0435\u043c\u044f, \u043d\u0430\u0436\u0430\u0432 \u0441\u0441\u044b\u043b\u043a\u0443 \u00ab\u041d\u0430\u0441\u0442\u0440\u043e\u0438\u0442\u044c \u0444\u0430\u0439\u043b\u044b cookie\u00bb \u0432 \u043d\u0438\u0436\u043d\u0435\u043c \u043a\u043e\u043b\u043e\u043d\u0442\u0438\u0442\u0443\u043b\u0435 \u0438\u043b\u0438 \u0443\u0434\u0430\u043b\u0438\u0432 \u0444\u0430\u0439\u043b\u044b cookie \u0438\u0437 \u0431\u0440\u0430\u0443\u0437\u0435\u0440\u0430.<\/p>\n\n<h2><strong>4. \u041a\u0410\u041a \u041e\u0422\u041a\u041b\u042e\u0427\u0418\u0422\u042c \u0418\u041b\u0418 \u0423\u0414\u0410\u041b\u0418\u0422\u042c \u0424\u0410\u0419\u041b\u042b COOKIE<\/strong><\/h2>\n<p>\u0418\u043d\u0444\u043e\u0440\u043c\u0430\u0446\u0438\u044e \u043e\u0431 \u0443\u043f\u0440\u0430\u0432\u043b\u0435\u043d\u0438\u0438 \u0444\u0430\u0439\u043b\u0430\u043c\u0438 cookie \u0438\u043b\u0438 \u0438\u0445 \u0443\u0434\u0430\u043b\u0435\u043d\u0438\u0438 \u0441\u043c. \u0432 \u0441\u043f\u0440\u0430\u0432\u043a\u0435 \u0432\u0430\u0448\u0435\u0433\u043e \u0431\u0440\u0430\u0443\u0437\u0435\u0440\u0430:<\/p>\n<ul>\n  <li><a href=\"https:\/\/support.google.com\/chrome\/answer\/95647\" target=\"_blank\" rel=\"nofollow noopener\">\u0413\u0443\u0433\u043b \u0425\u0440\u043e\u043c<\/a><\/li>\n  <li><a href=\"https:\/\/support.mozilla.org\/es\/kb\/habilitar-y-deshabilitar-cookies-sitios-web\" target=\"_blank\" rel=\"nofollow noopener\">\u041c\u043e\u0437\u0438\u043b\u043b\u0430 \u0424\u0430\u0435\u0440\u0444\u043e\u043a\u0441<\/a><\/li>\n  <li><a href=\"https:\/\/support.microsoft.com\/es-es\/topic\/administrar-cookies-en-microsoft-edge-63947406-40ac-c3b8-57b9-2a946a29ae09\" target=\"_blank\" rel=\"nofollow noopener\">Microsoft Edge<\/a><\/li>\n  <li><a href=\"https:\/\/support.apple.com\/es-es\/HT201265\" target=\"_blank\" rel=\"nofollow noopener\">\u0421\u0430\u0444\u0430\u0440\u0438<\/a><\/li>\n<\/ul>\n\n<h2><strong>5. \u041c\u0415\u0416\u0414\u0423\u041d\u0410\u0420\u041e\u0414\u041d\u042b\u0415 \u041f\u0415\u0420\u0415\u0412\u041e\u0414\u042b<\/strong><\/h2>\n<p>\u0422\u0430\u043a\u0438\u0435 \u043f\u043e\u0441\u0442\u0430\u0432\u0449\u0438\u043a\u0438, \u043a\u0430\u043a Google LLC, Meta Platforms Inc. \u0438\u043b\u0438 HubSpot Inc., \u043c\u043e\u0433\u0443\u0442 \u043e\u0431\u0440\u0430\u0431\u0430\u0442\u044b\u0432\u0430\u0442\u044c \u0434\u0430\u043d\u043d\u044b\u0435 \u0437\u0430 \u043f\u0440\u0435\u0434\u0435\u043b\u0430\u043c\u0438 \u0415\u0432\u0440\u043e\u043f\u0435\u0439\u0441\u043a\u043e\u0439 \u044d\u043a\u043e\u043d\u043e\u043c\u0438\u0447\u0435\u0441\u043a\u043e\u0439 \u0437\u043e\u043d\u044b. \u041c\u044b \u0433\u0430\u0440\u0430\u043d\u0442\u0438\u0440\u0443\u0435\u043c, \u0447\u0442\u043e \u0442\u0430\u043a\u0430\u044f \u043f\u0435\u0440\u0435\u0434\u0430\u0447\u0430 \u0434\u0430\u043d\u043d\u044b\u0445 \u0441\u043e\u043e\u0442\u0432\u0435\u0442\u0441\u0442\u0432\u0443\u0435\u0442 \u043f\u0440\u0438\u043c\u0435\u043d\u0438\u043c\u044b\u043c \u043f\u0440\u0430\u0432\u043e\u0432\u044b\u043c \u043c\u0435\u0445\u0430\u043d\u0438\u0437\u043c\u0430\u043c (\u0441\u0442\u0430\u043d\u0434\u0430\u0440\u0442\u043d\u044b\u043c \u0434\u043e\u0433\u043e\u0432\u043e\u0440\u043d\u044b\u043c \u043f\u043e\u043b\u043e\u0436\u0435\u043d\u0438\u044f\u043c \u0438\u043b\u0438 \u0434\u0440\u0443\u0433\u0438\u043c \u043d\u0430\u0434\u043b\u0435\u0436\u0430\u0449\u0438\u043c \u0433\u0430\u0440\u0430\u043d\u0442\u0438\u044f\u043c).<\/p>\n\n<h2><strong>6. \u041a\u041e\u041d\u0422\u0420\u041e\u041b\u041b\u0415\u0420 \u0414\u0410\u041d\u041d\u042b\u0425<\/strong><\/h2>\n<p><strong>EDULCODIET SL<\/strong> \u2013 \u041d\u0418\u0424 \u041155553473<br>\n\u041f\u0440\u043e\u043c\u044b\u0448\u043b\u0435\u043d\u043d\u0430\u044f \u0437\u043e\u043d\u0430, \u0447\u0430\u0441\u0442\u043d\u044b\u0439 \u0441\u043a\u043b\u0430\u0434 \u043d\u0430 \u0432\u043d\u0443\u0442\u0440\u0435\u043d\u043d\u0435\u0439 \u0434\u043e\u0440\u043e\u0433\u0435 1<br>\n43152 \u041f\u0435\u0440\u0430\u0444\u043e\u0440\u0442 (\u0422\u0430\u0440\u0440\u0430\u0433\u043e\u043d\u0430)<br>\n\u041f\u043e\u0447\u0442\u0430: <a href=\"mailto:info@edulcodiet.com\">info@edulcodiet.com<\/a><\/p>\n\n<h2><strong>7. \u041e\u0411\u041d\u041e\u0412\u041b\u0415\u041d\u0418\u042f<\/strong><\/h2>\n<p>\u041c\u044b \u043c\u043e\u0436\u0435\u043c \u0432\u043d\u043e\u0441\u0438\u0442\u044c \u0438\u0437\u043c\u0435\u043d\u0435\u043d\u0438\u044f \u0432 \u043d\u0430\u0441\u0442\u043e\u044f\u0449\u0443\u044e \u041f\u043e\u043b\u0438\u0442\u0438\u043a\u0443 \u0438\u0441\u043f\u043e\u043b\u044c\u0437\u043e\u0432\u0430\u043d\u0438\u044f \u0444\u0430\u0439\u043b\u043e\u0432 cookie, \u0447\u0442\u043e\u0431\u044b \u0430\u0434\u0430\u043f\u0442\u0438\u0440\u043e\u0432\u0430\u0442\u044c \u0435\u0451 \u043a \u044e\u0440\u0438\u0434\u0438\u0447\u0435\u0441\u043a\u0438\u043c \u0438\u043b\u0438 \u0442\u0435\u0445\u043d\u0438\u0447\u0435\u0441\u043a\u0438\u043c \u0438\u0437\u043c\u0435\u043d\u0435\u043d\u0438\u044f\u043c. \u041f\u043e\u0436\u0430\u043b\u0443\u0439\u0441\u0442\u0430, \u043e\u0437\u043d\u0430\u043a\u043e\u043c\u044c\u0442\u0435\u0441\u044c \u0441 \u0434\u0430\u0442\u043e\u0439 \u043f\u043e\u0441\u043b\u0435\u0434\u043d\u0435\u0439 \u0432\u0435\u0440\u0441\u0438\u0438, \u0443\u043a\u0430\u0437\u0430\u043d\u043d\u043e\u0439 \u0432\u044b\u0448\u0435.<\/p>\n\n<\/body>\n<\/html>\n```\n\t\t\t\t<\/div>\n\t\t\t\t\t<\/div>\n\t\t\t\t<\/div>\n\t\t\t\t<\/div>\n\t\t\n\n<div class=\"kk-star-ratings kksr-auto kksr-align-center kksr-valign-bottom\"\n    data-payload='{&quot;align&quot;:&quot;center&quot;,&quot;id&quot;:&quot;1571&quot;,&quot;slug&quot;:&quot;default&quot;,&quot;valign&quot;:&quot;bottom&quot;,&quot;ignore&quot;:&quot;&quot;,&quot;reference&quot;:&quot;auto&quot;,&quot;class&quot;:&quot;&quot;,&quot;count&quot;:&quot;0&quot;,&quot;legendonly&quot;:&quot;&quot;,&quot;readonly&quot;:&quot;&quot;,&quot;score&quot;:&quot;0&quot;,&quot;starsonly&quot;:&quot;&quot;,&quot;best&quot;:&quot;5&quot;,&quot;gap&quot;:&quot;5&quot;,&quot;greet&quot;:&quot;Valoraci\u00f3n&quot;,&quot;legend&quot;:&quot;Gracias por la valoraci\u00f3n&quot;,&quot;size&quot;:&quot;24&quot;,&quot;title&quot;:&quot;Pol\u00edtica de Cookies&quot;,&quot;width&quot;:&quot;0&quot;,&quot;_legend&quot;:&quot;Gracias por la valoraci\u00f3n&quot;,&quot;font_factor&quot;:&quot;1.25&quot;}'>\n            \n<div class=\"kksr-stars\">\n    \n<div class=\"kksr-stars-inactive\">\n            <div class=\"kksr-star\" data-star=\"1\" style=\"padding-right: 5px\">\n            \n\n<div class=\"kksr-icon\" style=\"width: 24px; height: 24px;\"><\/div>\n        <\/div>\n            <div class=\"kksr-star\" data-star=\"2\" style=\"padding-right: 5px\">\n            \n\n<div class=\"kksr-icon\" style=\"width: 24px; height: 24px;\"><\/div>\n        <\/div>\n            <div class=\"kksr-star\" data-star=\"3\" style=\"padding-right: 5px\">\n            \n\n<div class=\"kksr-icon\" style=\"width: 24px; height: 24px;\"><\/div>\n        <\/div>\n            <div class=\"kksr-star\" data-star=\"4\" style=\"padding-right: 5px\">\n            \n\n<div class=\"kksr-icon\" style=\"width: 24px; height: 24px;\"><\/div>\n        <\/div>\n            <div class=\"kksr-star\" data-star=\"5\" style=\"padding-right: 5px\">\n            \n\n<div class=\"kksr-icon\" style=\"width: 24px; height: 24px;\"><\/div>\n        <\/div>\n    <\/div>\n    \n<div class=\"kksr-stars-active\" style=\"width: 0px;\">\n            <div class=\"kksr-star\" style=\"padding-right: 5px\">\n            \n\n<div class=\"kksr-icon\" style=\"width: 24px; height: 24px;\"><\/div>\n        <\/div>\n            <div class=\"kksr-star\" style=\"padding-right: 5px\">\n            \n\n<div class=\"kksr-icon\" style=\"width: 24px; height: 24px;\"><\/div>\n        <\/div>\n            <div class=\"kksr-star\" style=\"padding-right: 5px\">\n            \n\n<div class=\"kksr-icon\" style=\"width: 24px; height: 24px;\"><\/div>\n        <\/div>\n            <div class=\"kksr-star\" style=\"padding-right: 5px\">\n            \n\n<div class=\"kksr-icon\" style=\"width: 24px; height: 24px;\"><\/div>\n        <\/div>\n            <div class=\"kksr-star\" style=\"padding-right: 5px\">\n            \n\n<div class=\"kksr-icon\" style=\"width: 24px; height: 24px;\"><\/div>\n        <\/div>\n    <\/div>\n<\/div>\n                \n\n<div class=\"kksr-legend\" style=\"font-size: 19.2px;\">\n            <span class=\"kksr-muted\">\u041e\u0446\u0435\u043d\u043a\u0430<\/span>\n    <\/div>\n    <\/div>","protected":false},"excerpt":{"rendered":"<p>\u00ab`html Pol\u00edtica de Cookies | Edulcodiet S.L. POL\u00cdTICA DE COOKIES \u2013 EDULCODIET S.L. \u00daltima actualizaci\u00f3n: 7&nbsp;de&nbsp;julio&nbsp;de&nbsp;2025 1.&nbsp;\u00bfQU\u00c9 SON LAS COOKIES? Las cookies son archivos de texto que un sitio web instala en el dispositivo del usuario para recoger y recuperar informaci\u00f3n sobre su navegaci\u00f3n. Sirven, entre otras cosas, para recordar preferencias o medir la audiencia. [&hellip;]<\/p>\n","protected":false},"author":1,"featured_media":0,"parent":0,"menu_order":0,"comment_status":"closed","ping_status":"closed","template":"","meta":{"content-type":"","footnotes":""},"class_list":["post-1571","page","type-page","status-publish","hentry"],"_links":{"self":[{"href":"https:\/\/edulcodiet.com\/ru\/wp-json\/wp\/v2\/pages\/1571","targetHints":{"allow":["GET"]}}],"collection":[{"href":"https:\/\/edulcodiet.com\/ru\/wp-json\/wp\/v2\/pages"}],"about":[{"href":"https:\/\/edulcodiet.com\/ru\/wp-json\/wp\/v2\/types\/page"}],"author":[{"embeddable":true,"href":"https:\/\/edulcodiet.com\/ru\/wp-json\/wp\/v2\/users\/1"}],"replies":[{"embeddable":true,"href":"https:\/\/edulcodiet.com\/ru\/wp-json\/wp\/v2\/comments?post=1571"}],"version-history":[{"count":0,"href":"https:\/\/edulcodiet.com\/ru\/wp-json\/wp\/v2\/pages\/1571\/revisions"}],"wp:attachment":[{"href":"https:\/\/edulcodiet.com\/ru\/wp-json\/wp\/v2\/media?parent=1571"}],"curies":[{"name":"WP","href":"https:\/\/api.w.org\/{rel}","templated":true}]}}