{"id":1565,"date":"2025-07-07T15:34:22","date_gmt":"2025-07-07T15:34:22","guid":{"rendered":"https:\/\/edulcodiet.com\/?page_id=1565"},"modified":"2025-07-15T15:23:34","modified_gmt":"2025-07-15T15:23:34","slug":"%d0%bf%d0%be%d0%bb%d0%b8%d1%82%d0%b8%d0%ba%d0%b0-%d0%ba%d0%be%d0%bd%d1%84%d0%b8%d0%b4%d0%b5%d0%bd%d1%86%d0%b8%d0%b0%d0%bb%d1%8c%d0%bd%d0%be%d1%81%d1%82%d0%b8-2","status":"publish","type":"page","link":"https:\/\/edulcodiet.com\/ru\/%d0%bf%d0%be%d0%bb%d0%b8%d1%82%d0%b8%d0%ba%d0%b0-%d0%ba%d0%be%d0%bd%d1%84%d0%b8%d0%b4%d0%b5%d0%bd%d1%86%d0%b8%d0%b0%d0%bb%d1%8c%d0%bd%d0%be%d1%81%d1%82%d0%b8-2\/","title":{"rendered":"\u043f\u043e\u043b\u0438\u0442\u0438\u043a\u0430 \u043a\u043e\u043d\u0444\u0438\u0434\u0435\u043d\u0446\u0438\u0430\u043b\u044c\u043d\u043e\u0441\u0442\u0438"},"content":{"rendered":"<div data-elementor-type=\"wp-page\" data-elementor-id=\"1565\" class=\"elementor elementor-1565\" data-elementor-post-type=\"page\">\n\t\t\t\t<div data-particle_enable=\"false\" data-particle-mobile-disabled=\"false\" class=\"elementor-element elementor-element-68ab70c e-flex e-con-boxed e-con e-parent\" data-id=\"68ab70c\" data-element_type=\"container\" data-e-type=\"container\">\n\t\t\t\t\t<div class=\"e-con-inner\">\n\t\t\t\t<div class=\"elementor-element elementor-element-f936c51 elementor-widget elementor-widget-html\" data-id=\"f936c51\" data-element_type=\"widget\" data-e-type=\"widget\" data-widget_type=\"html.default\">\n\t\t\t\t\t<!DOCTYPE html>\n<html lang=\"es\">\n<head>\n  <meta charset=\"UTF-8\">\n  <title>\u041f\u043e\u043b\u0438\u0442\u0438\u043a\u0430 \u043a\u043e\u043d\u0444\u0438\u0434\u0435\u043d\u0446\u0438\u0430\u043b\u044c\u043d\u043e\u0441\u0442\u0438 | Edulcodiet SL<\/title>\n  <meta name=\"viewport\" content=\"width=device-width, initial-scale=1.0\">\n  <style>\n    body{font-family:Arial,Helvetica,sans-serif;line-height:1.6;margin:20px;color:#222;}\n    h1{font-size:1.8rem;text-align:center;margin-bottom:1rem;}\n    h2{font-size:1.35rem;margin-top:1.5rem;}\n    ul{margin-left:1.2rem;}\n    strong{font-weight:700;}\n    .section{margin-bottom:2rem;}\n  <\/style>\n<\/head>\n<body data-rsssl=1>\n\n<h1><strong>\u041f\u041e\u041b\u0418\u0422\u0418\u041a\u0410 \u041a\u041e\u041d\u0424\u0418\u0414\u0415\u041d\u0426\u0418\u0410\u041b\u042c\u041d\u041e\u0421\u0422\u0418 \u2013 EDULCODIET SL<\/strong><\/h1>\n<p style=\"text-align:center;\"><em>\u041e\u0431\u043d\u043e\u0432\u043b\u0435\u043d\u043e 7 \u0438\u044e\u043b\u044f 2025 \u0433.<\/em><\/p>\n\n<div class=\"section\">\n  <h2><strong>1. \u041e\u0411\u042f\u0417\u0410\u0422\u0415\u041b\u042c\u0421\u0422\u0412\u041e \u041f\u041e \u041a\u041e\u041d\u0424\u0418\u0414\u0415\u041d\u0426\u0418\u0410\u041b\u042c\u041d\u041e\u0421\u0422\u0418<\/strong><\/h2>\n  <p>\u0412 \u044d\u0442\u043e\u0439 \u041f\u043e\u043b\u0438\u0442\u0438\u043a\u0435 \u043e\u043f\u0438\u0441\u044b\u0432\u0430\u0435\u0442\u0441\u044f, \u043a\u0430\u043a <strong>EDULCODIET SL<\/strong> (\u0434\u0430\u043b\u0435\u0435 \u00ab<strong>\u042d\u0434\u0443\u043b\u044c\u043a\u043e\u0434\u0438\u0435\u0442\u0430<\/strong>\u00bb) \u0441\u043e\u0431\u0438\u0440\u0430\u0435\u0442 \u0438 \u043e\u0431\u0440\u0430\u0431\u0430\u0442\u044b\u0432\u0430\u0435\u0442 \u043f\u0435\u0440\u0441\u043e\u043d\u0430\u043b\u044c\u043d\u044b\u0435 \u0434\u0430\u043d\u043d\u044b\u0435 \u043f\u043e\u043b\u044c\u0437\u043e\u0432\u0430\u0442\u0435\u043b\u0435\u0439 \u0441\u0430\u0439\u0442\u0430 <a href=\"https:\/\/edulcodiet.com\/ru\">https:\/\/edulcodiet.com\/<\/a> (\u0434\u0430\u043b\u0435\u0435 \u00ab<strong>\u0412\u0435\u0431-\u0441\u0430\u0439\u0442<\/strong>\u00bb). \u041c\u044b \u043e\u0431\u044f\u0437\u0443\u0435\u043c\u0441\u044f \u0437\u0430\u0449\u0438\u0449\u0430\u0442\u044c \u0432\u0430\u0448\u0443 \u0438\u043d\u0444\u043e\u0440\u043c\u0430\u0446\u0438\u044e \u0432 \u0441\u043e\u043e\u0442\u0432\u0435\u0442\u0441\u0442\u0432\u0438\u0438 \u0441 \u0434\u0435\u0439\u0441\u0442\u0432\u0443\u044e\u0449\u0438\u043c\u0438 \u043d\u043e\u0440\u043c\u0430\u043c\u0438 \u0438 \u043f\u043e\u043b\u043e\u0436\u0435\u043d\u0438\u044f\u043c\u0438 \u043d\u0430\u0441\u0442\u043e\u044f\u0449\u0435\u0433\u043e \u0434\u043e\u043a\u0443\u043c\u0435\u043d\u0442\u0430.<\/p>\n<\/div>\n\n<div class=\"section\">\n  <h2><strong>2. \u0418\u041d\u0424\u041e\u0420\u041c\u0410\u0426\u0418\u042f, \u041a\u041e\u0422\u041e\u0420\u0423\u042e \u041c\u042b \u0421\u041e\u0411\u0418\u0420\u0410\u0415\u041c<\/strong><\/h2>\n  <ul>\n    <li><strong>\u0418\u0434\u0435\u043d\u0442\u0438\u0444\u0438\u043a\u0430\u0446\u0438\u043e\u043d\u043d\u044b\u0435 \u0434\u0430\u043d\u043d\u044b\u0435:<\/strong> \u0438\u043c\u044f \u0438 \u0444\u0430\u043c\u0438\u043b\u0438\u044f.<\/li>\n    <li><strong>\u041a\u043e\u043d\u0442\u0430\u043a\u0442\u043d\u0430\u044f \u0438\u043d\u0444\u043e\u0440\u043c\u0430\u0446\u0438\u044f:<\/strong> \u044d\u043b\u0435\u043a\u0442\u0440\u043e\u043d\u043d\u0430\u044f \u043f\u043e\u0447\u0442\u0430, \u0442\u0435\u043b\u0435\u0444\u043e\u043d, \u0430\u0434\u0440\u0435\u0441.<\/li>\n    <li><strong>\u0414\u0435\u043c\u043e\u0433\u0440\u0430\u0444\u0438\u0447\u0435\u0441\u043a\u0438\u0435 \u0434\u0430\u043d\u043d\u044b\u0435<\/strong> (\u0435\u0441\u043b\u0438 \u043f\u0440\u0438\u043c\u0435\u043d\u0438\u043c\u043e).<\/li>\n    <li><strong>\u0418\u043d\u0444\u043e\u0440\u043c\u0430\u0446\u0438\u044f \u043e \u0432\u044b\u0441\u0442\u0430\u0432\u043b\u0435\u043d\u0438\u0438 \u0441\u0447\u0435\u0442\u043e\u0432 \u0438 \u0434\u043e\u0441\u0442\u0430\u0432\u043a\u0435<\/strong> \u043f\u0440\u0438 \u043d\u0435\u043e\u0431\u0445\u043e\u0434\u0438\u043c\u043e\u0441\u0442\u0438 \u043e\u0431\u0440\u0430\u0431\u043e\u0442\u043a\u0438 \u0437\u0430\u043a\u0430\u0437\u043e\u0432.<\/li>\n  <\/ul>\n<\/div>\n\n<div class=\"section\">\n  <h2><strong>3. \u0426\u0415\u041b\u042c \u0418 \u041f\u0420\u0410\u0412\u041e\u0412\u041e\u0415 \u041e\u0421\u041d\u041e\u0412\u0410\u041d\u0418\u0415 \u041e\u0411\u0420\u0410\u0411\u041e\u0422\u041a\u0418<\/strong><\/h2>\n  <p>\u041c\u044b \u0438\u0441\u043f\u043e\u043b\u044c\u0437\u0443\u0435\u043c \u0438\u043d\u0444\u043e\u0440\u043c\u0430\u0446\u0438\u044e \u0434\u043b\u044f:<\/p>\n  <ul>\n    <li>\u041e\u043a\u0430\u0437\u0430\u043d\u0438\u0435 \u0443\u0441\u043b\u0443\u0433 \u0438 \u0443\u043f\u0440\u0430\u0432\u043b\u0435\u043d\u0438\u0435 \u0437\u0430\u043a\u0430\u0437\u0430\u043c\u0438.<\/li>\n    <li>\u0412\u0435\u0434\u0438\u0442\u0435 \u0443\u0447\u0435\u0442 \u043f\u043e\u043b\u044c\u0437\u043e\u0432\u0430\u0442\u0435\u043b\u0435\u0439 \u0438 \u0443\u043b\u0443\u0447\u0448\u0430\u0439\u0442\u0435 \u043f\u0440\u043e\u0434\u0443\u043a\u0442\u044b.<\/li>\n    <li>\u041e\u0442\u043f\u0440\u0430\u0432\u043b\u044f\u0439\u0442\u0435 \u043a\u043e\u043c\u043c\u0435\u0440\u0447\u0435\u0441\u043a\u0438\u0435 \u0441\u043e\u043e\u0431\u0449\u0435\u043d\u0438\u044f (\u043f\u0440\u0435\u0434\u043b\u043e\u0436\u0435\u043d\u0438\u044f, \u043d\u043e\u0432\u043e\u0441\u0442\u0438), \u043f\u043e\u0434\u043f\u0438\u0441\u043a\u0443 \u043d\u0430 \u043a\u043e\u0442\u043e\u0440\u044b\u0435 \u0432\u044b \u043c\u043e\u0436\u0435\u0442\u0435 \u043e\u0442\u043c\u0435\u043d\u0438\u0442\u044c \u0432 \u043b\u044e\u0431\u043e\u0435 \u0432\u0440\u0435\u043c\u044f.<\/li>\n    <li>\u041e\u0431\u0435\u0441\u043f\u0435\u0447\u0438\u0442\u044c \u0431\u0435\u0437\u043e\u043f\u0430\u0441\u043d\u043e\u0441\u0442\u044c \u0421\u0430\u0439\u0442\u0430.<\/li>\n  <\/ul>\n  <p>\u041b\u0435\u0433\u0438\u0442\u0438\u043c\u0430\u0446\u0438\u044f \u043e\u0441\u043d\u043e\u0432\u044b\u0432\u0430\u0435\u0442\u0441\u044f \u043d\u0430 \u0437\u0430\u043a\u043b\u044e\u0447\u0435\u043d\u0438\u0438 \u0434\u043e\u0433\u043e\u0432\u043e\u0440\u0430, \u0441\u043e\u0433\u043b\u0430\u0441\u0438\u0438 \u0437\u0430\u0438\u043d\u0442\u0435\u0440\u0435\u0441\u043e\u0432\u0430\u043d\u043d\u043e\u0439 \u0441\u0442\u043e\u0440\u043e\u043d\u044b \u0438 \u0437\u0430\u043a\u043e\u043d\u043d\u044b\u0445 \u0438\u043d\u0442\u0435\u0440\u0435\u0441\u0430\u0445 Edulcodiet.<\/p>\n<\/div>\n\n<div class=\"section\">\n  <h2><strong>4. \u0411\u0415\u0417\u041e\u041f\u0410\u0421\u041d\u041e\u0421\u0422\u042c \u0414\u0410\u041d\u041d\u042b\u0425<\/strong><\/h2>\n  <p>Edulcodiet \u043f\u0440\u0438\u043c\u0435\u043d\u044f\u0435\u0442 \u043f\u0435\u0440\u0435\u0434\u043e\u0432\u044b\u0435 \u0442\u0435\u0445\u043d\u0438\u0447\u0435\u0441\u043a\u0438\u0435 \u0438 \u043e\u0440\u0433\u0430\u043d\u0438\u0437\u0430\u0446\u0438\u043e\u043d\u043d\u044b\u0435 \u043c\u0435\u0440\u044b \u0434\u043b\u044f \u043f\u0440\u0435\u0434\u043e\u0442\u0432\u0440\u0430\u0449\u0435\u043d\u0438\u044f \u043d\u0435\u0441\u0430\u043d\u043a\u0446\u0438\u043e\u043d\u0438\u0440\u043e\u0432\u0430\u043d\u043d\u043e\u0433\u043e \u0434\u043e\u0441\u0442\u0443\u043f\u0430, \u043f\u043e\u0442\u0435\u0440\u0438 \u0438\u043b\u0438 \u0438\u0437\u043c\u0435\u043d\u0435\u043d\u0438\u044f \u043b\u0438\u0447\u043d\u043e\u0439 \u0438\u043d\u0444\u043e\u0440\u043c\u0430\u0446\u0438\u0438.<\/p>\n<\/div>\n\n<div class=\"section\">\n  <h2><strong>5. \u0424\u0410\u0419\u041b\u042b \u041f\u0415\u0427\u0415\u041d\u042c\u042f<\/strong><\/h2>\n  <p>\u042d\u0442\u043e\u0442 \u0432\u0435\u0431-\u0441\u0430\u0439\u0442 \u0438\u0441\u043f\u043e\u043b\u044c\u0437\u0443\u0435\u0442 \u0444\u0430\u0439\u043b\u044b cookie \u0434\u043b\u044f \u0430\u043d\u0430\u043b\u0438\u0437\u0430 \u0442\u0440\u0430\u0444\u0438\u043a\u0430 \u0438 \u0443\u043b\u0443\u0447\u0448\u0435\u043d\u0438\u044f \u043f\u043e\u043b\u044c\u0437\u043e\u0432\u0430\u0442\u0435\u043b\u044c\u0441\u043a\u043e\u0433\u043e \u043e\u043f\u044b\u0442\u0430. \u0412\u044b \u043c\u043e\u0436\u0435\u0442\u0435 \u043f\u0440\u0438\u043d\u044f\u0442\u044c, \u043d\u0430\u0441\u0442\u0440\u043e\u0438\u0442\u044c \u0438\u043b\u0438 \u043e\u0442\u043a\u043b\u043e\u043d\u0438\u0442\u044c \u0444\u0430\u0439\u043b\u044b cookie \u0432 \u0441\u0432\u043e\u0451\u043c \u0431\u0440\u0430\u0443\u0437\u0435\u0440\u0435. \u041f\u043e\u043b\u043d\u043e\u0435 \u043e\u0442\u043a\u043b\u044e\u0447\u0435\u043d\u0438\u0435 \u0444\u0430\u0439\u043b\u043e\u0432 cookie \u043c\u043e\u0436\u0435\u0442 \u043e\u0433\u0440\u0430\u043d\u0438\u0447\u0438\u0442\u044c \u0440\u0430\u0431\u043e\u0442\u0443 \u043d\u0435\u043a\u043e\u0442\u043e\u0440\u044b\u0445 \u0444\u0443\u043d\u043a\u0446\u0438\u0439.<\/p>\n<\/div>\n\n<div class=\"section\">\n  <h2><strong>6. \u0421\u0421\u042b\u041b\u041a\u0418 \u041d\u0410 \u0422\u0420\u0415\u0422\u042c\u0418 \u041b\u0418\u0426\u0410<\/strong><\/h2>\n  <p>\u041f\u0440\u0438 \u043f\u0435\u0440\u0435\u0445\u043e\u0434\u0435 \u043f\u043e \u0432\u043d\u0435\u0448\u043d\u0438\u043c \u0441\u0441\u044b\u043b\u043a\u0430\u043c Edulcodiet \u043d\u0435 \u043a\u043e\u043d\u0442\u0440\u043e\u043b\u0438\u0440\u0443\u0435\u0442 \u0438 \u043d\u0435 \u043d\u0435\u0441\u0451\u0442 \u043e\u0442\u0432\u0435\u0442\u0441\u0442\u0432\u0435\u043d\u043d\u043e\u0441\u0442\u0438 \u0437\u0430 \u043f\u043e\u043b\u0438\u0442\u0438\u043a\u0443 \u043a\u043e\u043d\u0444\u0438\u0434\u0435\u043d\u0446\u0438\u0430\u043b\u044c\u043d\u043e\u0441\u0442\u0438 \u044d\u0442\u0438\u0445 \u0441\u0430\u0439\u0442\u043e\u0432. \u041f\u043e\u0436\u0430\u043b\u0443\u0439\u0441\u0442\u0430, \u043e\u0437\u043d\u0430\u043a\u043e\u043c\u044c\u0442\u0435\u0441\u044c \u0441 \u0438\u0445 \u0443\u0441\u043b\u043e\u0432\u0438\u044f\u043c\u0438, \u043f\u0440\u0435\u0436\u0434\u0435 \u0447\u0435\u043c \u043f\u0440\u0435\u0434\u043e\u0441\u0442\u0430\u0432\u043b\u044f\u0442\u044c \u043a\u0430\u043a\u0443\u044e-\u043b\u0438\u0431\u043e \u0438\u043d\u0444\u043e\u0440\u043c\u0430\u0446\u0438\u044e.<\/p>\n<\/div>\n\n<div class=\"section\">\n  <h2><strong>7. \u041f\u0420\u0410\u0412\u0410 \u041f\u041e\u041b\u042c\u0417\u041e\u0412\u0410\u0422\u0415\u041b\u042f<\/strong><\/h2>\n  <p>\u0412\u044b \u043c\u043e\u0436\u0435\u0442\u0435 \u0432\u043e\u0441\u043f\u043e\u043b\u044c\u0437\u043e\u0432\u0430\u0442\u044c\u0441\u044f \u043f\u0440\u0430\u0432\u0430\u043c\u0438 <strong>\u0434\u043e\u0441\u0442\u0443\u043f, \u0438\u0441\u043f\u0440\u0430\u0432\u043b\u0435\u043d\u0438\u0435, \u0443\u0434\u0430\u043b\u0435\u043d\u0438\u0435, \u0432\u043e\u0437\u0440\u0430\u0436\u0435\u043d\u0438\u0435, \u043e\u0433\u0440\u0430\u043d\u0438\u0447\u0435\u043d\u0438\u0435 \u0438 \u043f\u0435\u0440\u0435\u043d\u043e\u0441\u0438\u043c\u043e\u0441\u0442\u044c<\/strong> \u043e\u0442\u043f\u0440\u0430\u0432\u0438\u0432 \u0437\u0430\u043f\u0440\u043e\u0441 \u043d\u0430 <a href=\"mailto:info@edulcodiet.com\">info@edulcodiet.com<\/a> \u0438\u043b\u0438 \u043f\u043e \u043f\u043e\u0447\u0442\u043e\u0432\u043e\u043c\u0443 \u0430\u0434\u0440\u0435\u0441\u0443, \u0443\u043a\u0430\u0437\u0430\u043d\u043d\u043e\u043c\u0443 \u0432 \u042e\u0440\u0438\u0434\u0438\u0447\u0435\u0441\u043a\u043e\u043c \u0443\u0432\u0435\u0434\u043e\u043c\u043b\u0435\u043d\u0438\u0438.<\/p>\n<\/div>\n\n<div class=\"section\">\n  <h2><strong>8. \u041f\u0415\u0420\u0415\u0414\u0410\u0427\u0410 \u0414\u0410\u041d\u041d\u042b\u0425<\/strong><\/h2>\n  <p>Edulcodiet \u043d\u0435 \u0431\u0443\u0434\u0435\u0442 \u043f\u0440\u043e\u0434\u0430\u0432\u0430\u0442\u044c \u0438\u043b\u0438 \u043f\u0435\u0440\u0435\u0434\u0430\u0432\u0430\u0442\u044c \u0432\u0430\u0448\u0438 \u0434\u0430\u043d\u043d\u044b\u0435 \u0442\u0440\u0435\u0442\u044c\u0438\u043c \u043b\u0438\u0446\u0430\u043c \u0431\u0435\u0437 \u0432\u0430\u0448\u0435\u0433\u043e \u0441\u043e\u0433\u043b\u0430\u0441\u0438\u044f, \u0437\u0430 \u0438\u0441\u043a\u043b\u044e\u0447\u0435\u043d\u0438\u0435\u043c \u0441\u043b\u0443\u0447\u0430\u0435\u0432, \u043f\u0440\u0435\u0434\u0443\u0441\u043c\u043e\u0442\u0440\u0435\u043d\u043d\u044b\u0445 \u0437\u0430\u043a\u043e\u043d\u043e\u043c \u0438\u043b\u0438 \u043f\u043e\u0441\u0442\u0430\u043d\u043e\u0432\u043b\u0435\u043d\u0438\u0435\u043c \u0441\u0443\u0434\u0430.<\/p>\n<\/div>\n\n<div class=\"section\">\n  <h2><strong>9. \u0418\u0417\u041c\u0415\u041d\u0415\u041d\u0418\u042f \u041f\u041e\u041b\u0418\u0422\u0418\u041a\u0418<\/strong><\/h2>\n  <p>\u041a\u043e\u043c\u043f\u0430\u043d\u0438\u044f Edulcodiet \u0432\u043f\u0440\u0430\u0432\u0435 \u043e\u0431\u043d\u043e\u0432\u043b\u044f\u0442\u044c \u043d\u0430\u0441\u0442\u043e\u044f\u0449\u0443\u044e \u041f\u043e\u043b\u0438\u0442\u0438\u043a\u0443 \u0441 \u0446\u0435\u043b\u044c\u044e \u0430\u0434\u0430\u043f\u0442\u0430\u0446\u0438\u0438 \u0435\u0451 \u043a \u0437\u0430\u043a\u043e\u043d\u043e\u0434\u0430\u0442\u0435\u043b\u044c\u043d\u044b\u043c \u0438\u043b\u0438 \u0432\u043d\u0443\u0442\u0440\u0435\u043d\u043d\u0438\u043c \u0438\u0437\u043c\u0435\u043d\u0435\u043d\u0438\u044f\u043c. \u0414\u0430\u0442\u0430 \u043f\u043e\u0441\u043b\u0435\u0434\u043d\u0435\u0439 \u0432\u0435\u0440\u0441\u0438\u0438 \u0431\u0443\u0434\u0435\u0442 \u0443\u043a\u0430\u0437\u0430\u043d\u0430 \u043e\u0442\u0434\u0435\u043b\u044c\u043d\u043e.<\/p>\n<\/div>\n\n<div class=\"section\">\n  <h2><strong>10. \u041a\u041e\u041d\u0422\u0410\u041a\u0422\u042b<\/strong><\/h2>\n  <p><strong>EDULCODIET SL<\/strong><br>\n     \u041f\u0440\u043e\u043c\u044b\u0448\u043b\u0435\u043d\u043d\u0430\u044f \u0437\u043e\u043d\u0430, \u0447\u0430\u0441\u0442\u043d\u044b\u0439 \u0441\u043a\u043b\u0430\u0434 \u043d\u0430 \u0432\u043d\u0443\u0442\u0440\u0435\u043d\u043d\u0435\u0439 \u0434\u043e\u0440\u043e\u0433\u0435 1<br>\n     43152 \u041f\u0435\u0440\u0430\u0444\u043e\u0440\u0442 (\u0422\u0430\u0440\u0440\u0430\u0433\u043e\u043d\u0430)<br>\n     \u041f\u043e\u0447\u0442\u0430: <a href=\"mailto:info@edulcodiet.com\">info@edulcodiet.com<\/a><\/p>\n<\/div>\n\n<\/body>\n<\/html>\n\t\t\t\t<\/div>\n\t\t\t\t\t<\/div>\n\t\t\t\t<\/div>\n\t\t\t\t<\/div>\n\t\t\n\n<div class=\"kk-star-ratings kksr-auto kksr-align-center kksr-valign-bottom\"\n    data-payload='{&quot;align&quot;:&quot;center&quot;,&quot;id&quot;:&quot;1565&quot;,&quot;slug&quot;:&quot;default&quot;,&quot;valign&quot;:&quot;bottom&quot;,&quot;ignore&quot;:&quot;&quot;,&quot;reference&quot;:&quot;auto&quot;,&quot;class&quot;:&quot;&quot;,&quot;count&quot;:&quot;0&quot;,&quot;legendonly&quot;:&quot;&quot;,&quot;readonly&quot;:&quot;&quot;,&quot;score&quot;:&quot;0&quot;,&quot;starsonly&quot;:&quot;&quot;,&quot;best&quot;:&quot;5&quot;,&quot;gap&quot;:&quot;5&quot;,&quot;greet&quot;:&quot;Valoraci\u00f3n&quot;,&quot;legend&quot;:&quot;Gracias por la valoraci\u00f3n&quot;,&quot;size&quot;:&quot;24&quot;,&quot;title&quot;:&quot;Pol\u00edtica de Privacidad&quot;,&quot;width&quot;:&quot;0&quot;,&quot;_legend&quot;:&quot;Gracias por la valoraci\u00f3n&quot;,&quot;font_factor&quot;:&quot;1.25&quot;}'>\n            \n<div class=\"kksr-stars\">\n    \n<div class=\"kksr-stars-inactive\">\n            <div class=\"kksr-star\" data-star=\"1\" style=\"padding-right: 5px\">\n            \n\n<div class=\"kksr-icon\" style=\"width: 24px; height: 24px;\"><\/div>\n        <\/div>\n            <div class=\"kksr-star\" data-star=\"2\" style=\"padding-right: 5px\">\n            \n\n<div class=\"kksr-icon\" style=\"width: 24px; height: 24px;\"><\/div>\n        <\/div>\n            <div class=\"kksr-star\" data-star=\"3\" style=\"padding-right: 5px\">\n            \n\n<div class=\"kksr-icon\" style=\"width: 24px; height: 24px;\"><\/div>\n        <\/div>\n            <div class=\"kksr-star\" data-star=\"4\" style=\"padding-right: 5px\">\n            \n\n<div class=\"kksr-icon\" style=\"width: 24px; height: 24px;\"><\/div>\n        <\/div>\n            <div class=\"kksr-star\" data-star=\"5\" style=\"padding-right: 5px\">\n            \n\n<div class=\"kksr-icon\" style=\"width: 24px; height: 24px;\"><\/div>\n        <\/div>\n    <\/div>\n    \n<div class=\"kksr-stars-active\" style=\"width: 0px;\">\n            <div class=\"kksr-star\" style=\"padding-right: 5px\">\n            \n\n<div class=\"kksr-icon\" style=\"width: 24px; height: 24px;\"><\/div>\n        <\/div>\n            <div class=\"kksr-star\" style=\"padding-right: 5px\">\n            \n\n<div class=\"kksr-icon\" style=\"width: 24px; height: 24px;\"><\/div>\n        <\/div>\n            <div class=\"kksr-star\" style=\"padding-right: 5px\">\n            \n\n<div class=\"kksr-icon\" style=\"width: 24px; height: 24px;\"><\/div>\n        <\/div>\n            <div class=\"kksr-star\" style=\"padding-right: 5px\">\n            \n\n<div class=\"kksr-icon\" style=\"width: 24px; height: 24px;\"><\/div>\n        <\/div>\n            <div class=\"kksr-star\" style=\"padding-right: 5px\">\n            \n\n<div class=\"kksr-icon\" style=\"width: 24px; height: 24px;\"><\/div>\n        <\/div>\n    <\/div>\n<\/div>\n                \n\n<div class=\"kksr-legend\" style=\"font-size: 19.2px;\">\n            <span class=\"kksr-muted\">\u041e\u0446\u0435\u043d\u043a\u0430<\/span>\n    <\/div>\n    <\/div>","protected":false},"excerpt":{"rendered":"<p>Pol\u00edtica de Privacidad | Edulcodiet S.L. POL\u00cdTICA DE PRIVACIDAD \u2013 EDULCODIET S.L. Actualizada el 7&nbsp;de&nbsp;julio&nbsp;de&nbsp;2025 1.&nbsp;COMPROMISO DE PRIVACIDAD Esta Pol\u00edtica describe c\u00f3mo EDULCODIET&nbsp;S.L. (en adelante, \u201cEdulcodiet\u201d) recopila y trata los datos personales de los usuarios del sitio web https:\/\/edulcodiet.com\/ (en adelante, \u201cSitio&nbsp;Web\u201d). Nos comprometemos a proteger su informaci\u00f3n conforme a la normativa vigente y a [&hellip;]<\/p>\n","protected":false},"author":1,"featured_media":0,"parent":0,"menu_order":0,"comment_status":"closed","ping_status":"closed","template":"","meta":{"content-type":"","footnotes":""},"class_list":["post-1565","page","type-page","status-publish","hentry"],"_links":{"self":[{"href":"https:\/\/edulcodiet.com\/ru\/wp-json\/wp\/v2\/pages\/1565","targetHints":{"allow":["GET"]}}],"collection":[{"href":"https:\/\/edulcodiet.com\/ru\/wp-json\/wp\/v2\/pages"}],"about":[{"href":"https:\/\/edulcodiet.com\/ru\/wp-json\/wp\/v2\/types\/page"}],"author":[{"embeddable":true,"href":"https:\/\/edulcodiet.com\/ru\/wp-json\/wp\/v2\/users\/1"}],"replies":[{"embeddable":true,"href":"https:\/\/edulcodiet.com\/ru\/wp-json\/wp\/v2\/comments?post=1565"}],"version-history":[{"count":0,"href":"https:\/\/edulcodiet.com\/ru\/wp-json\/wp\/v2\/pages\/1565\/revisions"}],"wp:attachment":[{"href":"https:\/\/edulcodiet.com\/ru\/wp-json\/wp\/v2\/media?parent=1565"}],"curies":[{"name":"WP","href":"https:\/\/api.w.org\/{rel}","templated":true}]}}