{"id":1571,"date":"2025-07-07T15:36:15","date_gmt":"2025-07-07T15:36:15","guid":{"rendered":"https:\/\/edulcodiet.com\/?page_id=1571"},"modified":"2025-07-14T18:15:53","modified_gmt":"2025-07-14T18:15:53","slug":"%e3%82%af%e3%83%83%e3%82%ad%e3%83%bc%e3%83%9d%e3%83%aa%e3%82%b7%e3%83%bc","status":"publish","type":"page","link":"https:\/\/edulcodiet.com\/ja\/%e3%82%af%e3%83%83%e3%82%ad%e3%83%bc%e3%83%9d%e3%83%aa%e3%82%b7%e3%83%bc\/","title":{"rendered":"\u30af\u30c3\u30ad\u30fc\u30dd\u30ea\u30b7\u30fc"},"content":{"rendered":"<div data-elementor-type=\"wp-page\" data-elementor-id=\"1571\" class=\"elementor elementor-1571\" data-elementor-post-type=\"page\">\n\t\t\t\t<div data-particle_enable=\"false\" data-particle-mobile-disabled=\"false\" class=\"elementor-element elementor-element-4befc3f e-flex e-con-boxed e-con e-parent\" data-id=\"4befc3f\" data-element_type=\"container\" data-e-type=\"container\">\n\t\t\t\t\t<div class=\"e-con-inner\">\n\t\t\t\t<div class=\"elementor-element elementor-element-35054c6 elementor-widget elementor-widget-html\" data-id=\"35054c6\" data-element_type=\"widget\" data-e-type=\"widget\" data-widget_type=\"html.default\">\n\t\t\t\t\t```html\n<!DOCTYPE html>\n<html lang=\"es\">\n<head>\n  <meta charset=\"UTF-8\">\n  <title>\u30af\u30c3\u30ad\u30fc\u30dd\u30ea\u30b7\u30fc | Edulcodiet SL<\/title>\n  <meta name=\"viewport\" content=\"width=device-width, initial-scale=1.0\">\n  <style>\n    body{font-family:Arial,Helvetica,sans-serif;line-height:1.6;margin:20px;color:#222;}\n    h1{font-size:1.8rem;text-align:center;margin-bottom:1rem;}\n    h2{font-size:1.35rem;margin-top:1.5rem;}\n    table{width:100%;border-collapse:collapse;font-size:.95rem;margin-top:1rem;}\n    th,td{border:1px solid #ccc;padding:8px;text-align:left;}\n    th{background:#f3f3f3;}\n    ul{margin-left:1.3rem;}\n    strong{font-weight:700;}\n  <\/style>\n<\/head>\n<body data-rsssl=1>\n\n<h1><strong>\u30af\u30c3\u30ad\u30fc\u30dd\u30ea\u30b7\u30fc \u2013 EDULCODIET SL<\/strong><\/h1>\n<p>\u6700\u7d42\u66f4\u65b0\u65e5: 2025\u5e747\u67087\u65e5<\/p>\n\n<h2><strong>1. \u30af\u30c3\u30ad\u30fc\u3068\u306f\u4f55\u3067\u3059\u304b?<\/strong><\/h2>\n<p>\u30af\u30c3\u30ad\u30fc\u3068\u306f\u3001\u30a6\u30a7\u30d6\u30b5\u30a4\u30c8\u304c\u30e6\u30fc\u30b6\u30fc\u306e\u30c7\u30d0\u30a4\u30b9\u306b\u4fdd\u5b58\u3059\u308b\u30c6\u30ad\u30b9\u30c8\u30d5\u30a1\u30a4\u30eb\u3067\u3001\u30e6\u30fc\u30b6\u30fc\u306e\u95b2\u89a7\u306b\u95a2\u3059\u308b\u60c5\u5831\u3092\u53ce\u96c6\u30fb\u53d6\u5f97\u3059\u308b\u305f\u3081\u306b\u4f7f\u7528\u3055\u308c\u307e\u3059\u3002\u30af\u30c3\u30ad\u30fc\u306f\u3001\u30e6\u30fc\u30b6\u30fc\u306e\u597d\u307f\u3092\u8a18\u61b6\u3057\u305f\u308a\u3001\u30aa\u30fc\u30c7\u30a3\u30a8\u30f3\u30b9\u3092\u6e2c\u5b9a\u3057\u305f\u308a\u3059\u308b\u305f\u3081\u306b\u4f7f\u7528\u3055\u308c\u307e\u3059\u3002<\/p>\n\n<h2><strong>2. \u5f53\u793e\u304c\u4f7f\u7528\u3059\u308b\u30af\u30c3\u30ad\u30fc\u306f\u4f55\u3067\u3059\u304b?<\/strong><\/h2>\n\n<table>\n  <thead>\n    <tr>\n      <th>\u30af\u30c3\u30ad\u30fc\u306e\u7a2e\u985e<\/th>\n      <th>\u76ee\u7684<\/th>\n      <th>\u4f8b \/ \u30b5\u30d7\u30e9\u30a4\u30e4\u30fc<\/th>\n      <th>\u9593\u9694<\/th>\n    <\/tr>\n  <\/thead>\n  <tbody>\n    <!-- T\u00e9cnicas -->\n    <tr>\n      <td><strong>\u30c6\u30af\u30cb\u30c3\u30af<\/strong><\/td>\n      <td>\u3053\u308c\u3089\u306b\u3088\u308a\u3001\u30b5\u30a4\u30c8\u306e\u57fa\u672c\u7684\u306a\u64cd\u4f5c\u3068\u30bb\u30c3\u30b7\u30e7\u30f3\u7ba1\u7406\u304c\u53ef\u80fd\u306b\u306a\u308a\u307e\u3059\u3002<\/td>\n      <td>PHPSESSID\u3001cookieConsent\u3001wp-wpml_current_language<\/td>\n      <td>\u30bb\u30c3\u30b7\u30e7\u30f3 \/ 1\u5e74<\/td>\n    <\/tr>\n    <!-- Anal\u00edticas -->\n    <tr>\n      <td><strong>\u5206\u6790<\/strong><\/td>\n      <td>\u533f\u540d\u306e\u30c8\u30e9\u30d5\u30a3\u30c3\u30af\u3068\u884c\u52d5\u3092\u6e2c\u5b9a\u3057\u3066\u30ea\u30fc\u30c9\u751f\u6210\u3092\u6700\u9069\u5316\u3057\u307e\u3059\u3002<\/td>\n      <td>Google \u30a2\u30ca\u30ea\u30c6\u30a3\u30af\u30b9: _ga\u3001_gid\u3001_gat<\/td>\n      <td>24\u30f6\u6708 \/ 24\u6642\u9593 \/ 1\u5206<\/td>\n    <\/tr>\n    <!-- Publicitarias -->\n    <tr>\n      <td><strong>\u5e83\u544a<\/strong><\/td>\n      <td>\u30ad\u30e3\u30f3\u30da\u30fc\u30f3\u306b\u304a\u3051\u308b\u30ea\u30de\u30fc\u30b1\u30c6\u30a3\u30f3\u30b0\u3068\u5e83\u544a\u306e\u30d1\u30fc\u30bd\u30ca\u30e9\u30a4\u30ba\u3002<\/td>\n      <td>Google \u5e83\u544a IDE\u3001\u30e1\u30bf\u30d4\u30af\u30bb\u30eb _fbp<\/td>\n      <td>90\u65e5\u9593<\/td>\n    <\/tr>\n    <!-- HubSpot tracking -->\n    <tr>\n      <td><strong>HubSpot \u2013 \u30c8\u30e9\u30c3\u30ad\u30f3\u30b0<\/strong><\/td>\n      <td>\u8a2a\u554f\u8005\u3092\u8b58\u5225\u3057\u3001\u30ea\u30fc\u30c9\u5206\u6790\u306e\u305f\u3081\u306b\u30bb\u30c3\u30b7\u30e7\u30f3\u3092\u8a18\u9332\u3057\u307e\u3059\u3002<\/td>\n      <td>\u30cf\u30d6\u30b9\u30dd\u30c3\u30c8<\/td>\n      <td>13\u30f6\u6708<\/td>\n    <\/tr>\n    <!-- HubSpot sesi\u00f3n -->\n    <tr>\n      <td><strong>HubSpot \u2013 \u30bb\u30c3\u30b7\u30e7\u30f3<\/strong><\/td>\n      <td>\u30bb\u30c3\u30b7\u30e7\u30f3\u72b6\u614b\u3068\u8a2a\u554f\u6570\u3092\u7dad\u6301\u3057\u307e\u3059\u3002<\/td>\n      <td>__hstc\u3001__hssrc<\/td>\n      <td>13\u30f6\u6708 \/ \u30bb\u30c3\u30b7\u30e7\u30f3<\/td>\n    <\/tr>\n    <tr>\n      <td><strong>HubSpot \u2013 \u30d1\u30d5\u30a9\u30fc\u30de\u30f3\u30b9<\/strong><\/td>\n      <td>\u30ea\u30af\u30a8\u30b9\u30c8\u306e\u901f\u5ea6\u3092\u898f\u5236\u3057\u3001\u904e\u8ca0\u8377\u3092\u56de\u907f\u3057\u307e\u3059\u3002<\/td>\n      <td>__hssc<\/td>\n      <td>30\u5206<\/td>\n    <\/tr>\n    <!-- Preferencias -->\n    <tr>\n      <td><strong>\u8a2d\u5b9a<\/strong><\/td>\n      <td>\u8a00\u8a9e\u3001\u30ec\u30a4\u30a2\u30a6\u30c8\u3001\u307e\u305f\u306f\u30c0\u30fc\u30af \u30e2\u30fc\u30c9\u306e\u8a2d\u5b9a\u3092\u4fdd\u5b58\u3057\u307e\u3059\u3002<\/td>\n      <td>\u30c6\u30fc\u30de\u3001\u30ec\u30a4\u30a2\u30a6\u30c8\u3001Cookie\u306e\u8a2d\u5b9a<\/td>\n      <td>1\u5e74<\/td>\n    <\/tr>\n    <!-- V\u00eddeo \/ Media -->\n    <tr>\n      <td><strong>\u30d3\u30c7\u30aa\/\u30e1\u30c7\u30a3\u30a2<\/strong><\/td>\n      <td>\u5916\u90e8\u30d3\u30c7\u30aa\u306e\u7d71\u5408\u518d\u751f\u3002<\/td>\n      <td>YouTube YSC\u3001VISITOR_INFO1_LIVE<\/td>\n      <td>\u30bb\u30c3\u30b7\u30e7\u30f3 \/ 6\u304b\u6708<\/td>\n    <\/tr>\n  <\/tbody>\n<\/table>\n\n<h2><strong>3. \u540c\u610f<\/strong><\/h2>\n<p>\u521d\u3081\u3066\u30a6\u30a7\u30d6\u30b5\u30a4\u30c8\u306b\u30a2\u30af\u30bb\u30b9\u3059\u308b\u3068\u3001\u30d0\u30ca\u30fc\u304c\u8868\u793a\u3055\u308c\u3001 <strong>\u53d7\u3051\u5165\u308c\u308b<\/strong>, <strong>\u8a2d\u5b9a<\/strong> \u3069\u3061\u3089\u304b <strong>\u8870\u9000<\/strong> \u5fc5\u9808\u3067\u306f\u306a\u3044Cookie\u3002\u30d5\u30c3\u30bf\u30fc\u306b\u3042\u308b\u300cCookie\u306e\u8a2d\u5b9a\u300d\u30ea\u30f3\u30af\u3092\u30af\u30ea\u30c3\u30af\u3059\u308b\u304b\u3001\u30d6\u30e9\u30a6\u30b6\u304b\u3089Cookie\u3092\u524a\u9664\u3059\u308b\u3053\u3068\u3067\u3001\u3044\u3064\u3067\u3082\u8a2d\u5b9a\u3092\u5909\u66f4\u3067\u304d\u307e\u3059\u3002<\/p>\n\n<h2><strong>4. \u30af\u30c3\u30ad\u30fc\u3092\u7121\u52b9\u5316\u307e\u305f\u306f\u524a\u9664\u3059\u308b\u65b9\u6cd5<\/strong><\/h2>\n<p>\u30af\u30c3\u30ad\u30fc\u3092\u7ba1\u7406\u307e\u305f\u306f\u524a\u9664\u3059\u308b\u306b\u306f\u3001\u30d6\u30e9\u30a6\u30b6\u306e\u30d8\u30eb\u30d7\u3092\u53c2\u7167\u3057\u3066\u304f\u3060\u3055\u3044\u3002<\/p>\n<ul>\n  <li><a href=\"https:\/\/support.google.com\/chrome\/answer\/95647\" target=\"_blank\" rel=\"nofollow noopener\">\u30b0\u30fc\u30b0\u30eb\u30af\u30ed\u30fc\u30e0<\/a><\/li>\n  <li><a href=\"https:\/\/support.mozilla.org\/es\/kb\/habilitar-y-deshabilitar-cookies-sitios-web\" target=\"_blank\" rel=\"nofollow noopener\">\u30e2\u30b8\u30e9\u30d5\u30a1\u30a4\u30a2\u30d5\u30a9\u30c3\u30af\u30b9<\/a><\/li>\n  <li><a href=\"https:\/\/support.microsoft.com\/es-es\/topic\/administrar-cookies-en-microsoft-edge-63947406-40ac-c3b8-57b9-2a946a29ae09\" target=\"_blank\" rel=\"nofollow noopener\">\u30de\u30a4\u30af\u30ed\u30bd\u30d5\u30c8\u30a8\u30c3\u30b8<\/a><\/li>\n  <li><a href=\"https:\/\/support.apple.com\/es-es\/HT201265\" target=\"_blank\" rel=\"nofollow noopener\">\u30b5\u30d5\u30a1\u30ea<\/a><\/li>\n<\/ul>\n\n<h2><strong>5. \u56fd\u969b\u8ee2\u9001<\/strong><\/h2>\n<p>Google LLC\u3001Meta Platforms Inc.\u3001HubSpot Inc.\u306a\u3069\u306e\u30d7\u30ed\u30d0\u30a4\u30c0\u30fc\u306f\u3001\u6b27\u5dde\u7d4c\u6e08\u9818\u57df\u5916\u3067\u30c7\u30fc\u30bf\u3092\u51e6\u7406\u3059\u308b\u5834\u5408\u304c\u3042\u308a\u307e\u3059\u3002\u5f53\u793e\u306f\u3001\u3053\u306e\u3088\u3046\u306a\u30c7\u30fc\u30bf\u79fb\u8ee2\u304c\u9069\u7528\u3055\u308c\u308b\u6cd5\u7684\u30e1\u30ab\u30cb\u30ba\u30e0\uff08\u6a19\u6e96\u5951\u7d04\u6761\u9805\u307e\u305f\u306f\u305d\u306e\u4ed6\u306e\u9069\u5207\u306a\u4fdd\u8b77\u63aa\u7f6e\uff09\u306b\u6e96\u62e0\u3057\u3066\u3044\u308b\u3053\u3068\u3092\u4fdd\u8a3c\u3057\u307e\u3059\u3002<\/p>\n\n<h2><strong>6. \u30c7\u30fc\u30bf\u7ba1\u7406\u8005<\/strong><\/h2>\n<p><strong>\u30a8\u30c9\u30a5\u30eb\u30b3\u30c0\u30a4\u30a8\u30c3\u30c8SL<\/strong> \u2013 NIF B55553473<br>\n\u5de5\u696d\u56e3\u5730\u3001\u79c1\u6709\u5730\u5185\u9053\u8def1\u756a\u5730\u5009\u5eab<br>\n43152 \u30da\u30e9\u30d5\u30a9\u30eb\u30c8 (\u30bf\u30e9\u30b4\u30ca)<br>\n\u90f5\u4fbf\uff1a <a href=\"mailto:info@edulcodiet.com\">info@edulcodiet.com<\/a><\/p>\n\n<h2><strong>7. \u30a2\u30c3\u30d7\u30c7\u30fc\u30c8<\/strong><\/h2>\n<p>\u5f53\u793e\u306f\u3001\u6cd5\u898f\u5236\u3084\u6280\u8853\u306e\u5909\u5316\u306b\u5bfe\u5fdc\u3059\u308b\u305f\u3081\u3001\u672cCookie\u30dd\u30ea\u30b7\u30fc\u3092\u5909\u66f4\u3059\u308b\u5834\u5408\u304c\u3042\u308a\u307e\u3059\u3002\u6700\u65b0\u7248\u306e\u65e5\u4ed8\u306f\u4e0a\u8a18\u3092\u3054\u78ba\u8a8d\u304f\u3060\u3055\u3044\u3002<\/p>\n\n<\/body>\n<\/html>\n```\n\t\t\t\t<\/div>\n\t\t\t\t\t<\/div>\n\t\t\t\t<\/div>\n\t\t\t\t<\/div>\n\t\t\n\n<div class=\"kk-star-ratings kksr-auto kksr-align-center kksr-valign-bottom\"\n    data-payload='{&quot;align&quot;:&quot;center&quot;,&quot;id&quot;:&quot;1571&quot;,&quot;slug&quot;:&quot;default&quot;,&quot;valign&quot;:&quot;bottom&quot;,&quot;ignore&quot;:&quot;&quot;,&quot;reference&quot;:&quot;auto&quot;,&quot;class&quot;:&quot;&quot;,&quot;count&quot;:&quot;0&quot;,&quot;legendonly&quot;:&quot;&quot;,&quot;readonly&quot;:&quot;&quot;,&quot;score&quot;:&quot;0&quot;,&quot;starsonly&quot;:&quot;&quot;,&quot;best&quot;:&quot;5&quot;,&quot;gap&quot;:&quot;5&quot;,&quot;greet&quot;:&quot;Valoraci\u00f3n&quot;,&quot;legend&quot;:&quot;Gracias por la valoraci\u00f3n&quot;,&quot;size&quot;:&quot;24&quot;,&quot;title&quot;:&quot;Pol\u00edtica de Cookies&quot;,&quot;width&quot;:&quot;0&quot;,&quot;_legend&quot;:&quot;Gracias por la valoraci\u00f3n&quot;,&quot;font_factor&quot;:&quot;1.25&quot;}'>\n            \n<div class=\"kksr-stars\">\n    \n<div class=\"kksr-stars-inactive\">\n            <div class=\"kksr-star\" data-star=\"1\" style=\"padding-right: 5px\">\n            \n\n<div class=\"kksr-icon\" style=\"width: 24px; height: 24px;\"><\/div>\n        <\/div>\n            <div class=\"kksr-star\" data-star=\"2\" style=\"padding-right: 5px\">\n            \n\n<div class=\"kksr-icon\" style=\"width: 24px; height: 24px;\"><\/div>\n        <\/div>\n            <div class=\"kksr-star\" data-star=\"3\" style=\"padding-right: 5px\">\n            \n\n<div class=\"kksr-icon\" style=\"width: 24px; height: 24px;\"><\/div>\n        <\/div>\n            <div class=\"kksr-star\" data-star=\"4\" style=\"padding-right: 5px\">\n            \n\n<div class=\"kksr-icon\" style=\"width: 24px; height: 24px;\"><\/div>\n        <\/div>\n            <div class=\"kksr-star\" data-star=\"5\" style=\"padding-right: 5px\">\n            \n\n<div class=\"kksr-icon\" style=\"width: 24px; height: 24px;\"><\/div>\n        <\/div>\n    <\/div>\n    \n<div class=\"kksr-stars-active\" style=\"width: 0px;\">\n            <div class=\"kksr-star\" style=\"padding-right: 5px\">\n            \n\n<div class=\"kksr-icon\" style=\"width: 24px; height: 24px;\"><\/div>\n        <\/div>\n            <div class=\"kksr-star\" style=\"padding-right: 5px\">\n            \n\n<div class=\"kksr-icon\" style=\"width: 24px; height: 24px;\"><\/div>\n        <\/div>\n            <div class=\"kksr-star\" style=\"padding-right: 5px\">\n            \n\n<div class=\"kksr-icon\" style=\"width: 24px; height: 24px;\"><\/div>\n        <\/div>\n            <div class=\"kksr-star\" style=\"padding-right: 5px\">\n            \n\n<div class=\"kksr-icon\" style=\"width: 24px; height: 24px;\"><\/div>\n        <\/div>\n            <div class=\"kksr-star\" style=\"padding-right: 5px\">\n            \n\n<div class=\"kksr-icon\" style=\"width: 24px; height: 24px;\"><\/div>\n        <\/div>\n    <\/div>\n<\/div>\n                \n\n<div class=\"kksr-legend\" style=\"font-size: 19.2px;\">\n            <span class=\"kksr-muted\">\u8a55\u4fa1<\/span>\n    <\/div>\n    <\/div>","protected":false},"excerpt":{"rendered":"<p>\u00ab`html Pol\u00edtica de Cookies | Edulcodiet S.L. POL\u00cdTICA DE COOKIES \u2013 EDULCODIET S.L. \u00daltima actualizaci\u00f3n: 7&nbsp;de&nbsp;julio&nbsp;de&nbsp;2025 1.&nbsp;\u00bfQU\u00c9 SON LAS COOKIES? Las cookies son archivos de texto que un sitio web instala en el dispositivo del usuario para recoger y recuperar informaci\u00f3n sobre su navegaci\u00f3n. Sirven, entre otras cosas, para recordar preferencias o medir la audiencia. 2.&nbsp;\u00bfQU\u00c9 COOKIES UTILIZAMOS? Tipo de cookie Finalidad Ejemplos \/ Proveedor Duraci\u00f3n T\u00e9cnicas Permiten el funcionamiento b\u00e1sico del sitio y la gesti\u00f3n de sesi\u00f3n. PHPSESSID, cookieConsent, wp-wpml_current_language Sesi\u00f3n \/ 1&nbsp;a\u00f1o Anal\u00edticas Medici\u00f3n an\u00f3nima de tr\u00e1fico y comportamiento para optimizar la captaci\u00f3n de leads. Google Analytics: _ga, _gid, _gat 24&nbsp;meses \/ 24&nbsp;h \/ 1&nbsp;min Publicitarias Remarketing y [&hellip;]<\/p>\n","protected":false},"author":1,"featured_media":0,"parent":0,"menu_order":0,"comment_status":"closed","ping_status":"closed","template":"","meta":{"content-type":"","footnotes":""},"class_list":["post-1571","page","type-page","status-publish","hentry"],"_links":{"self":[{"href":"https:\/\/edulcodiet.com\/ja\/wp-json\/wp\/v2\/pages\/1571","targetHints":{"allow":["GET"]}}],"collection":[{"href":"https:\/\/edulcodiet.com\/ja\/wp-json\/wp\/v2\/pages"}],"about":[{"href":"https:\/\/edulcodiet.com\/ja\/wp-json\/wp\/v2\/types\/page"}],"author":[{"embeddable":true,"href":"https:\/\/edulcodiet.com\/ja\/wp-json\/wp\/v2\/users\/1"}],"replies":[{"embeddable":true,"href":"https:\/\/edulcodiet.com\/ja\/wp-json\/wp\/v2\/comments?post=1571"}],"version-history":[{"count":0,"href":"https:\/\/edulcodiet.com\/ja\/wp-json\/wp\/v2\/pages\/1571\/revisions"}],"wp:attachment":[{"href":"https:\/\/edulcodiet.com\/ja\/wp-json\/wp\/v2\/media?parent=1571"}],"curies":[{"name":"wp","href":"https:\/\/api.w.org\/{rel}","templated":true}]}}