{"id":1565,"date":"2025-07-07T15:34:22","date_gmt":"2025-07-07T15:34:22","guid":{"rendered":"https:\/\/edulcodiet.com\/?page_id=1565"},"modified":"2025-07-15T15:23:34","modified_gmt":"2025-07-15T15:23:34","slug":"%e3%83%97%e3%83%a9%e3%82%a4%e3%83%90%e3%82%b7%e3%83%bc%e3%83%9d%e3%83%aa%e3%82%b7%e3%83%bc2","status":"publish","type":"page","link":"https:\/\/edulcodiet.com\/ja\/%e3%83%97%e3%83%a9%e3%82%a4%e3%83%90%e3%82%b7%e3%83%bc%e3%83%9d%e3%83%aa%e3%82%b7%e3%83%bc2\/","title":{"rendered":"\u30d7\u30e9\u30a4\u30d0\u30b7\u30fc\u30dd\u30ea\u30b7\u30fc"},"content":{"rendered":"<div data-elementor-type=\"wp-page\" data-elementor-id=\"1565\" class=\"elementor elementor-1565\" data-elementor-post-type=\"page\">\n\t\t\t\t<div data-particle_enable=\"false\" data-particle-mobile-disabled=\"false\" class=\"elementor-element elementor-element-68ab70c e-flex e-con-boxed e-con e-parent\" data-id=\"68ab70c\" data-element_type=\"container\" data-e-type=\"container\">\n\t\t\t\t\t<div class=\"e-con-inner\">\n\t\t\t\t<div class=\"elementor-element elementor-element-f936c51 elementor-widget elementor-widget-html\" data-id=\"f936c51\" data-element_type=\"widget\" data-e-type=\"widget\" data-widget_type=\"html.default\">\n\t\t\t\t\t<!DOCTYPE html>\n<html lang=\"es\">\n<head>\n  <meta charset=\"UTF-8\">\n  <title>\u30d7\u30e9\u30a4\u30d0\u30b7\u30fc\u30dd\u30ea\u30b7\u30fc | Edulcodiet SL<\/title>\n  <meta name=\"viewport\" content=\"width=device-width, initial-scale=1.0\">\n  <style>\n    body{font-family:Arial,Helvetica,sans-serif;line-height:1.6;margin:20px;color:#222;}\n    h1{font-size:1.8rem;text-align:center;margin-bottom:1rem;}\n    h2{font-size:1.35rem;margin-top:1.5rem;}\n    ul{margin-left:1.2rem;}\n    strong{font-weight:700;}\n    .section{margin-bottom:2rem;}\n  <\/style>\n<\/head>\n<body data-rsssl=1>\n\n<h1><strong>\u30d7\u30e9\u30a4\u30d0\u30b7\u30fc\u30dd\u30ea\u30b7\u30fc \u2013 EDULCODIET SL<\/strong><\/h1>\n<p style=\"text-align:center;\"><em>2025\u5e747\u67087\u65e5\u66f4\u65b0<\/em><\/p>\n\n<div class=\"section\">\n  <h2><strong>1. \u30d7\u30e9\u30a4\u30d0\u30b7\u30fc\u306b\u95a2\u3059\u308b\u53d6\u308a\u7d44\u307f<\/strong><\/h2>\n  <p>\u3053\u306e\u30dd\u30ea\u30b7\u30fc\u3067\u306f\u3001 <strong>\u30a8\u30c9\u30a5\u30eb\u30b3\u30c0\u30a4\u30a8\u30c3\u30c8SL<\/strong> \uff08\u4ee5\u4e0b\u3001\u300c<strong>\u30a8\u30c9\u30a5\u30eb\u30b3\u30c0\u30a4\u30a8\u30c3\u30c8<\/strong>\uff08\uff09\u306f\u30a6\u30a7\u30d6\u30b5\u30a4\u30c8\u30e6\u30fc\u30b6\u30fc\u306e\u500b\u4eba\u30c7\u30fc\u30bf\u3092\u53ce\u96c6\u3057\u3001\u51e6\u7406\u3057\u307e\u3059 <a href=\"https:\/\/edulcodiet.com\/ja\">https:\/\/edulcodiet.com\/<\/a> \uff08\u4ee5\u4e0b\u3001\u300c<strong>Web\u30b5\u30a4\u30c8<\/strong>\u5f53\u793e\u306f\u3001\u73fe\u884c\u306e\u898f\u5236\u304a\u3088\u3073\u672c\u66f8\u306e\u898f\u5b9a\u306b\u5f93\u3063\u3066\u3001\u304a\u5ba2\u69d8\u306e\u60c5\u5831\u3092\u4fdd\u8b77\u3059\u308b\u3053\u3068\u306b\u5c3d\u529b\u3057\u3066\u304a\u308a\u307e\u3059\u3002<\/p>\n<\/div>\n\n<div class=\"section\">\n  <h2><strong>2. \u5f53\u793e\u304c\u53ce\u96c6\u3059\u308b\u60c5\u5831<\/strong><\/h2>\n  <ul>\n    <li><strong>\u8b58\u5225\u30c7\u30fc\u30bf:<\/strong> \u540d\u524d\u3068\u59d3\u3002<\/li>\n    <li><strong>\u9023\u7d61\u5148\uff1a<\/strong> \u30e1\u30fc\u30eb\u30a2\u30c9\u30ec\u30b9\u3001\u96fb\u8a71\u756a\u53f7\u3001\u4f4f\u6240\u3002<\/li>\n    <li><strong>\u4eba\u53e3\u7d71\u8a08\u30c7\u30fc\u30bf<\/strong> (\u8a72\u5f53\u3059\u308b\u5834\u5408)\u3002<\/li>\n    <li><strong>\u8acb\u6c42\u307e\u305f\u306f\u914d\u9001\u60c5\u5831<\/strong> \u6ce8\u6587\u3092\u51e6\u7406\u3059\u308b\u305f\u3081\u306b\u5fc5\u8981\u306a\u5834\u5408\u3002<\/li>\n  <\/ul>\n<\/div>\n\n<div class=\"section\">\n  <h2><strong>3. \u51e6\u7406\u306e\u76ee\u7684\u3068\u6cd5\u7684\u6839\u62e0<\/strong><\/h2>\n  <p>\u5f53\u793e\u306f\u3001\u4ee5\u4e0b\u306e\u76ee\u7684\u3067\u60c5\u5831\u3092\u4f7f\u7528\u3057\u307e\u3059\u3002<\/p>\n  <ul>\n    <li>\u30b5\u30fc\u30d3\u30b9\u3092\u63d0\u4f9b\u3057\u3001\u6ce8\u6587\u3092\u7ba1\u7406\u3057\u307e\u3059\u3002<\/li>\n    <li>\u30e6\u30fc\u30b6\u30fc\u8a18\u9332\u3092\u7dad\u6301\u3057\u3001\u88fd\u54c1\u3092\u6539\u5584\u3057\u307e\u3059\u3002<\/li>\n    <li>\u3044\u3064\u3067\u3082\u30ad\u30e3\u30f3\u30bb\u30eb\u3067\u304d\u308b\u5546\u696d\u901a\u4fe1\uff08\u30aa\u30d5\u30a1\u30fc\u3001\u30cb\u30e5\u30fc\u30b9\uff09\u3092\u9001\u4fe1\u3057\u307e\u3059\u3002<\/li>\n    <li>\u30a6\u30a7\u30d6\u30b5\u30a4\u30c8\u306e\u30bb\u30ad\u30e5\u30ea\u30c6\u30a3\u3092\u78ba\u4fdd\u3057\u307e\u3059\u3002<\/li>\n  <\/ul>\n  <p>\u6b63\u5f53\u6027\u306f\u3001\u5951\u7d04\u306e\u5c65\u884c\u3001\u5229\u5bb3\u95a2\u4fc2\u8005\u306e\u540c\u610f\u3001\u304a\u3088\u3073 Edulcodiet \u306e\u6b63\u5f53\u306a\u5229\u76ca\u306b\u57fa\u3065\u3044\u3066\u3044\u307e\u3059\u3002<\/p>\n<\/div>\n\n<div class=\"section\">\n  <h2><strong>4. \u30c7\u30fc\u30bf\u30bb\u30ad\u30e5\u30ea\u30c6\u30a3<\/strong><\/h2>\n  <p>Edulcodiet \u306f\u3001\u500b\u4eba\u60c5\u5831\u3078\u306e\u4e0d\u6b63\u30a2\u30af\u30bb\u30b9\u3001\u7d1b\u5931\u3001\u6539\u3056\u3093\u3092\u9632\u3050\u305f\u3081\u306b\u3001\u9ad8\u5ea6\u306a\u6280\u8853\u7684\u304a\u3088\u3073\u7d44\u7e54\u7684\u5bfe\u7b56\u3092\u63a1\u7528\u3057\u3066\u3044\u307e\u3059\u3002<\/p>\n<\/div>\n\n<div class=\"section\">\n  <h2><strong>5. \u30af\u30c3\u30ad\u30fc<\/strong><\/h2>\n  <p>\u3053\u306e\u30a6\u30a7\u30d6\u30b5\u30a4\u30c8\u306f\u3001\u30c8\u30e9\u30d5\u30a3\u30c3\u30af\u5206\u6790\u3068\u30e6\u30fc\u30b6\u30fc\u30a8\u30af\u30b9\u30da\u30ea\u30a8\u30f3\u30b9\u306e\u5411\u4e0a\u306e\u305f\u3081\u306bCookie\u3092\u4f7f\u7528\u3057\u3066\u3044\u307e\u3059\u3002\u30d6\u30e9\u30a6\u30b6\u3067Cookie\u306e\u53d7\u3051\u5165\u308c\u3001\u8a2d\u5b9a\u3001\u307e\u305f\u306f\u62d2\u5426\u3092\u9078\u629e\u3067\u304d\u307e\u3059\u3002\u5b8c\u5168\u306b\u7121\u52b9\u306b\u3059\u308b\u3068\u3001\u4e00\u90e8\u306e\u6a5f\u80fd\u304c\u5236\u9650\u3055\u308c\u308b\u5834\u5408\u304c\u3042\u308a\u307e\u3059\u3002<\/p>\n<\/div>\n\n<div class=\"section\">\n  <h2><strong>6. \u7b2c\u4e09\u8005\u3078\u306e\u30ea\u30f3\u30af<\/strong><\/h2>\n  <p>\u5916\u90e8\u30ea\u30f3\u30af\u3092\u30af\u30ea\u30c3\u30af\u3055\u308c\u305f\u5834\u5408\u3001Edulcodiet \u306f\u305d\u308c\u3089\u306e\u30b5\u30a4\u30c8\u306e\u30d7\u30e9\u30a4\u30d0\u30b7\u30fc\u30dd\u30ea\u30b7\u30fc\u3092\u7ba1\u7406\u3057\u3066\u304a\u3089\u305a\u3001\u307e\u305f\u8cac\u4efb\u3092\u8ca0\u3044\u307e\u305b\u3093\u3002\u60c5\u5831\u3092\u63d0\u4f9b\u3059\u308b\u524d\u306b\u3001\u305d\u308c\u305e\u308c\u306e\u5229\u7528\u898f\u7d04\u3092\u3054\u78ba\u8a8d\u304f\u3060\u3055\u3044\u3002<\/p>\n<\/div>\n\n<div class=\"section\">\n  <h2><strong>7. \u30e6\u30fc\u30b6\u30fc\u306e\u6a29\u5229<\/strong><\/h2>\n  <p>\u3042\u306a\u305f\u306f\u4ee5\u4e0b\u306e\u6a29\u5229\u3092\u884c\u4f7f\u3059\u308b\u3053\u3068\u304c\u3067\u304d\u307e\u3059 <strong>\u30a2\u30af\u30bb\u30b9\u3001\u8a02\u6b63\u3001\u524a\u9664\u3001\u7570\u8b70\u7533\u3057\u7acb\u3066\u3001\u5236\u9650\u304a\u3088\u3073\u79fb\u690d\u6027<\/strong> \u30ea\u30af\u30a8\u30b9\u30c8\u3092\u9001\u4fe1\u3059\u308b\u3053\u3068\u3067 <a href=\"mailto:info@edulcodiet.com\">info@edulcodiet.com<\/a> \u307e\u305f\u306f\u3001\u6cd5\u7684\u901a\u77e5\u306b\u8a18\u8f09\u3055\u308c\u3066\u3044\u308b\u90f5\u9001\u5148\u4f4f\u6240\u306b\u9001\u4ed8\u3057\u3066\u304f\u3060\u3055\u3044\u3002<\/p>\n<\/div>\n\n<div class=\"section\">\n  <h2><strong>8. \u30c7\u30fc\u30bf\u8ee2\u9001<\/strong><\/h2>\n  <p>Edulcodiet \u306f\u3001\u6cd5\u7684\u7fa9\u52d9\u307e\u305f\u306f\u88c1\u5224\u6240\u306e\u547d\u4ee4\u306b\u3088\u308b\u5834\u5408\u3092\u9664\u304d\u3001\u304a\u5ba2\u69d8\u306e\u540c\u610f\u306a\u3057\u306b\u304a\u5ba2\u69d8\u306e\u30c7\u30fc\u30bf\u3092\u7b2c\u4e09\u8005\u306b\u8ca9\u58f2\u307e\u305f\u306f\u8b72\u6e21\u3059\u308b\u3053\u3068\u306f\u3042\u308a\u307e\u305b\u3093\u3002<\/p>\n<\/div>\n\n<div class=\"section\">\n  <h2><strong>9. \u30dd\u30ea\u30b7\u30fc\u306e\u5909\u66f4<\/strong><\/h2>\n  <p>Edulcodiet\u306f\u3001\u6cd5\u4ee4\u307e\u305f\u306f\u5185\u90e8\u898f\u5247\u306e\u5909\u66f4\u306b\u5bfe\u5fdc\u3059\u308b\u305f\u3081\u3001\u672c\u30dd\u30ea\u30b7\u30fc\u3092\u66f4\u65b0\u3059\u308b\u3053\u3068\u304c\u3042\u308a\u307e\u3059\u3002\u6700\u65b0\u7248\u306e\u65e5\u4ed8\u306f\u8868\u793a\u3055\u308c\u307e\u3059\u3002<\/p>\n<\/div>\n\n<div class=\"section\">\n  <h2><strong>10. \u304a\u554f\u3044\u5408\u308f\u305b<\/strong><\/h2>\n  <p><strong>\u30a8\u30c9\u30a5\u30eb\u30b3\u30c0\u30a4\u30a8\u30c3\u30c8SL<\/strong><br>\n     \u5de5\u696d\u56e3\u5730\u3001\u79c1\u6709\u5730\u5185\u9053\u8def1\u756a\u5730\u5009\u5eab<br>\n     43152 \u30da\u30e9\u30d5\u30a9\u30eb\u30c8 (\u30bf\u30e9\u30b4\u30ca)<br>\n     \u90f5\u4fbf\uff1a <a href=\"mailto:info@edulcodiet.com\">info@edulcodiet.com<\/a><\/p>\n<\/div>\n\n<\/body>\n<\/html>\n\t\t\t\t<\/div>\n\t\t\t\t\t<\/div>\n\t\t\t\t<\/div>\n\t\t\t\t<\/div>\n\t\t\n\n<div class=\"kk-star-ratings kksr-auto kksr-align-center kksr-valign-bottom\"\n    data-payload='{&quot;align&quot;:&quot;center&quot;,&quot;id&quot;:&quot;1565&quot;,&quot;slug&quot;:&quot;default&quot;,&quot;valign&quot;:&quot;bottom&quot;,&quot;ignore&quot;:&quot;&quot;,&quot;reference&quot;:&quot;auto&quot;,&quot;class&quot;:&quot;&quot;,&quot;count&quot;:&quot;0&quot;,&quot;legendonly&quot;:&quot;&quot;,&quot;readonly&quot;:&quot;&quot;,&quot;score&quot;:&quot;0&quot;,&quot;starsonly&quot;:&quot;&quot;,&quot;best&quot;:&quot;5&quot;,&quot;gap&quot;:&quot;5&quot;,&quot;greet&quot;:&quot;Valoraci\u00f3n&quot;,&quot;legend&quot;:&quot;Gracias por la valoraci\u00f3n&quot;,&quot;size&quot;:&quot;24&quot;,&quot;title&quot;:&quot;Pol\u00edtica de Privacidad&quot;,&quot;width&quot;:&quot;0&quot;,&quot;_legend&quot;:&quot;Gracias por la valoraci\u00f3n&quot;,&quot;font_factor&quot;:&quot;1.25&quot;}'>\n            \n<div class=\"kksr-stars\">\n    \n<div class=\"kksr-stars-inactive\">\n            <div class=\"kksr-star\" data-star=\"1\" style=\"padding-right: 5px\">\n            \n\n<div class=\"kksr-icon\" style=\"width: 24px; height: 24px;\"><\/div>\n        <\/div>\n            <div class=\"kksr-star\" data-star=\"2\" style=\"padding-right: 5px\">\n            \n\n<div class=\"kksr-icon\" style=\"width: 24px; height: 24px;\"><\/div>\n        <\/div>\n            <div class=\"kksr-star\" data-star=\"3\" style=\"padding-right: 5px\">\n            \n\n<div class=\"kksr-icon\" style=\"width: 24px; height: 24px;\"><\/div>\n        <\/div>\n            <div class=\"kksr-star\" data-star=\"4\" style=\"padding-right: 5px\">\n            \n\n<div class=\"kksr-icon\" style=\"width: 24px; height: 24px;\"><\/div>\n        <\/div>\n            <div class=\"kksr-star\" data-star=\"5\" style=\"padding-right: 5px\">\n            \n\n<div class=\"kksr-icon\" style=\"width: 24px; height: 24px;\"><\/div>\n        <\/div>\n    <\/div>\n    \n<div class=\"kksr-stars-active\" style=\"width: 0px;\">\n            <div class=\"kksr-star\" style=\"padding-right: 5px\">\n            \n\n<div class=\"kksr-icon\" style=\"width: 24px; height: 24px;\"><\/div>\n        <\/div>\n            <div class=\"kksr-star\" style=\"padding-right: 5px\">\n            \n\n<div class=\"kksr-icon\" style=\"width: 24px; height: 24px;\"><\/div>\n        <\/div>\n            <div class=\"kksr-star\" style=\"padding-right: 5px\">\n            \n\n<div class=\"kksr-icon\" style=\"width: 24px; height: 24px;\"><\/div>\n        <\/div>\n            <div class=\"kksr-star\" style=\"padding-right: 5px\">\n            \n\n<div class=\"kksr-icon\" style=\"width: 24px; height: 24px;\"><\/div>\n        <\/div>\n            <div class=\"kksr-star\" style=\"padding-right: 5px\">\n            \n\n<div class=\"kksr-icon\" style=\"width: 24px; height: 24px;\"><\/div>\n        <\/div>\n    <\/div>\n<\/div>\n                \n\n<div class=\"kksr-legend\" style=\"font-size: 19.2px;\">\n            <span class=\"kksr-muted\">\u8a55\u4fa1<\/span>\n    <\/div>\n    <\/div>","protected":false},"excerpt":{"rendered":"<p>Pol\u00edtica de Privacidad | Edulcodiet S.L. POL\u00cdTICA DE PRIVACIDAD \u2013 EDULCODIET S.L. Actualizada el 7&nbsp;de&nbsp;julio&nbsp;de&nbsp;2025 1.&nbsp;COMPROMISO DE PRIVACIDAD Esta Pol\u00edtica describe c\u00f3mo EDULCODIET&nbsp;S.L. (en adelante, \u201cEdulcodiet\u201d) recopila y trata los datos personales de los usuarios del sitio web https:\/\/edulcodiet.com\/ (en adelante, \u201cSitio&nbsp;Web\u201d). Nos comprometemos a proteger su informaci\u00f3n conforme a la normativa vigente y a lo expuesto en este documento. 2.&nbsp;INFORMACI\u00d3N QUE RECOPILAMOS Datos identificativos: nombre y apellidos. Datos de contacto: correo electr\u00f3nico, tel\u00e9fono, domicilio. Datos demogr\u00e1ficos (si procede). Datos de facturaci\u00f3n o env\u00edo cuando sea necesario para procesar pedidos. 3.&nbsp;FINALIDAD Y BASE LEGAL DEL TRATAMIENTO Utilizamos la informaci\u00f3n para: Prestar servicios y gestionar pedidos. Mantener un registro de usuarios [&hellip;]<\/p>\n","protected":false},"author":1,"featured_media":0,"parent":0,"menu_order":0,"comment_status":"closed","ping_status":"closed","template":"","meta":{"content-type":"","footnotes":""},"class_list":["post-1565","page","type-page","status-publish","hentry"],"_links":{"self":[{"href":"https:\/\/edulcodiet.com\/ja\/wp-json\/wp\/v2\/pages\/1565","targetHints":{"allow":["GET"]}}],"collection":[{"href":"https:\/\/edulcodiet.com\/ja\/wp-json\/wp\/v2\/pages"}],"about":[{"href":"https:\/\/edulcodiet.com\/ja\/wp-json\/wp\/v2\/types\/page"}],"author":[{"embeddable":true,"href":"https:\/\/edulcodiet.com\/ja\/wp-json\/wp\/v2\/users\/1"}],"replies":[{"embeddable":true,"href":"https:\/\/edulcodiet.com\/ja\/wp-json\/wp\/v2\/comments?post=1565"}],"version-history":[{"count":0,"href":"https:\/\/edulcodiet.com\/ja\/wp-json\/wp\/v2\/pages\/1565\/revisions"}],"wp:attachment":[{"href":"https:\/\/edulcodiet.com\/ja\/wp-json\/wp\/v2\/media?parent=1565"}],"curies":[{"name":"wp","href":"https:\/\/api.w.org\/{rel}","templated":true}]}}