{"id":1571,"date":"2025-07-07T15:36:15","date_gmt":"2025-07-07T15:36:15","guid":{"rendered":"https:\/\/edulcodiet.com\/?page_id=1571"},"modified":"2025-07-14T18:15:53","modified_gmt":"2025-07-14T18:15:53","slug":"%e0%a4%95%e0%a5%82%e0%a4%95%e0%a5%80-%e0%a4%a8%e0%a5%80%e0%a4%a4%e0%a4%bf","status":"publish","type":"page","link":"https:\/\/edulcodiet.com\/hi\/%e0%a4%95%e0%a5%82%e0%a4%95%e0%a5%80-%e0%a4%a8%e0%a5%80%e0%a4%a4%e0%a4%bf\/","title":{"rendered":"\u0915\u0942\u0915\u0940 \u0928\u0940\u0924\u093f"},"content":{"rendered":"<div data-elementor-type=\"wp-page\" data-elementor-id=\"1571\" class=\"elementor elementor-1571\" data-elementor-post-type=\"page\">\n\t\t\t\t<div data-particle_enable=\"false\" data-particle-mobile-disabled=\"false\" class=\"elementor-element elementor-element-4befc3f e-flex e-con-boxed e-con e-parent\" data-id=\"4befc3f\" data-element_type=\"container\" data-e-type=\"container\">\n\t\t\t\t\t<div class=\"e-con-inner\">\n\t\t\t\t<div class=\"elementor-element elementor-element-35054c6 elementor-widget elementor-widget-html\" data-id=\"35054c6\" data-element_type=\"widget\" data-e-type=\"widget\" data-widget_type=\"html.default\">\n\t\t\t\t\t```\u090f\u091a\u091f\u0940\u090f\u092e\u090f\u0932\n<!DOCTYPE html>\n<html lang=\"es\">\n<head>\n  <meta charset=\"UTF-8\">\n  <title>\u0915\u0941\u0915\u0940 \u0928\u0940\u0924\u093f | \u090f\u0921\u0941\u0932\u0915\u094b\u0921\u093f\u090f\u091f SL<\/title>\n  <meta name=\"viewport\" content=\"width=device-width, initial-scale=1.0\">\n  <style>\n    body{font-family:Arial,Helvetica,sans-serif;line-height:1.6;margin:20px;color:#222;}\n    h1{font-size:1.8rem;text-align:center;margin-bottom:1rem;}\n    h2{font-size:1.35rem;margin-top:1.5rem;}\n    table{width:100%;border-collapse:collapse;font-size:.95rem;margin-top:1rem;}\n    th,td{border:1px solid #ccc;padding:8px;text-align:left;}\n    th{background:#f3f3f3;}\n    ul{margin-left:1.3rem;}\n    strong{font-weight:700;}\n  <\/style>\n<\/head>\n<body data-rsssl=1>\n\n<h1><strong>\u0915\u0941\u0915\u0940 \u0928\u0940\u0924\u093f \u2013 EDULCODIET SL<\/strong><\/h1>\n<p>\u0905\u0902\u0924\u093f\u092e \u0905\u0926\u094d\u092f\u0924\u0928: 7 \u091c\u0941\u0932\u093e\u0908, 2025<\/p>\n\n<h2><strong>1. \u0915\u0941\u0915\u0940\u091c\u093c \u0915\u094d\u092f\u093e \u0939\u0948\u0902?<\/strong><\/h2>\n<p>\u0915\u0941\u0915\u0940\u091c\u093c \u091f\u0947\u0915\u094d\u0938\u094d\u091f \u092b\u093c\u093e\u0907\u0932\u0947\u0902 \u0939\u094b\u0924\u0940 \u0939\u0948\u0902 \u091c\u093f\u0928\u094d\u0939\u0947\u0902 \u0915\u094b\u0908 \u0935\u0947\u092c\u0938\u093e\u0907\u091f \u0909\u092a\u092f\u094b\u0917\u0915\u0930\u094d\u0924\u093e \u0915\u0947 \u0921\u093f\u0935\u093e\u0907\u0938 \u092a\u0930 \u0909\u0928\u0915\u0940 \u092c\u094d\u0930\u093e\u0909\u091c\u093c\u093f\u0902\u0917 \u0938\u0947 \u091c\u0941\u0921\u093c\u0940 \u091c\u093e\u0928\u0915\u093e\u0930\u0940 \u0907\u0915\u091f\u094d\u0920\u093e \u0915\u0930\u0928\u0947 \u0914\u0930 \u0909\u0938\u0947 \u092a\u0941\u0928\u0903 \u092a\u094d\u0930\u093e\u092a\u094d\u0924 \u0915\u0930\u0928\u0947 \u0915\u0947 \u0932\u093f\u090f \u0930\u0916\u0924\u0940 \u0939\u0948\u0964 \u0907\u0928\u0915\u093e \u0907\u0938\u094d\u0924\u0947\u092e\u093e\u0932, \u0905\u0928\u094d\u092f \u091a\u0940\u091c\u093c\u094b\u0902 \u0915\u0947 \u0905\u0932\u093e\u0935\u093e, \u092a\u0938\u0902\u0926 \u092f\u093e\u0926 \u0930\u0916\u0928\u0947 \u092f\u093e \u0926\u0930\u094d\u0936\u0915\u094b\u0902 \u0915\u0940 \u0938\u0902\u0916\u094d\u092f\u093e \u092e\u093e\u092a\u0928\u0947 \u0915\u0947 \u0932\u093f\u090f \u0915\u093f\u092f\u093e \u091c\u093e\u0924\u093e \u0939\u0948\u0964<\/p>\n\n<h2><strong>2. \u0939\u092e \u0915\u094c\u0928 \u0938\u0940 \u0915\u0941\u0915\u0940\u091c\u093c \u0915\u093e \u0909\u092a\u092f\u094b\u0917 \u0915\u0930\u0924\u0947 \u0939\u0948\u0902?<\/strong><\/h2>\n\n<table>\n  <thead>\n    <tr>\n      <th>\u0915\u0941\u0915\u0940 \u0915\u093e \u092a\u094d\u0930\u0915\u093e\u0930<\/th>\n      <th>\u0909\u0926\u094d\u0926\u0947\u0936\u094d\u092f<\/th>\n      <th>\u0909\u0926\u093e\u0939\u0930\u0923 \/ \u0906\u092a\u0942\u0930\u094d\u0924\u093f\u0915\u0930\u094d\u0924\u093e<\/th>\n      <th>\u0905\u0935\u0927\u093f<\/th>\n    <\/tr>\n  <\/thead>\n  <tbody>\n    <!-- T\u00e9cnicas -->\n    <tr>\n      <td><strong>TECHNIQUES<\/strong><\/td>\n      <td>\u0935\u0947 \u0938\u093e\u0907\u091f \u0915\u0947 \u092c\u0941\u0928\u093f\u092f\u093e\u0926\u0940 \u0938\u0902\u091a\u093e\u0932\u0928 \u0914\u0930 \u0938\u0924\u094d\u0930 \u092a\u094d\u0930\u092c\u0902\u0927\u0928 \u0915\u0940 \u0905\u0928\u0941\u092e\u0924\u093f \u0926\u0947\u0924\u0947 \u0939\u0948\u0902\u0964<\/td>\n      <td>PHPSESSID, \u0915\u0941\u0915\u0940 \u0938\u0939\u092e\u0924\u093f, wp-wpml_current_language<\/td>\n      <td>\u0938\u0924\u094d\u0930 \/ 1 \u0935\u0930\u094d\u0937<\/td>\n    <\/tr>\n    <!-- Anal\u00edticas -->\n    <tr>\n      <td><strong>\u090f\u0928\u093e\u0932\u093f\u091f\u093f\u0915\u094d\u0938<\/strong><\/td>\n      <td>\u0932\u0940\u0921 \u091c\u0928\u0930\u0947\u0936\u0928 \u0915\u094b \u0905\u0928\u0941\u0915\u0942\u0932\u093f\u0924 \u0915\u0930\u0928\u0947 \u0915\u0947 \u0932\u093f\u090f \u0905\u0928\u093e\u092e \u091f\u094d\u0930\u0948\u092b\u093c\u093f\u0915 \u0914\u0930 \u0935\u094d\u092f\u0935\u0939\u093e\u0930 \u092e\u093e\u092a\u0928\u0964<\/td>\n      <td>\u0917\u0942\u0917\u0932 \u090f\u0928\u093e\u0932\u093f\u091f\u093f\u0915\u094d\u0938: _ga, _gid, _gat<\/td>\n      <td>24 \u092e\u0939\u0940\u0928\u0947 \/ 24 \u0918\u0902\u091f\u0947 \/ 1 \u092e\u093f\u0928\u091f<\/td>\n    <\/tr>\n    <!-- Publicitarias -->\n    <tr>\n      <td><strong>\u0935\u093f\u091c\u094d\u091e\u093e\u092a\u0928 \u0926\u0947\u0928\u093e<\/strong><\/td>\n      <td>\u0905\u092d\u093f\u092f\u093e\u0928\u094b\u0902 \u092e\u0947\u0902 \u0930\u0940\u092e\u093e\u0930\u094d\u0915\u0947\u091f\u093f\u0902\u0917 \u0914\u0930 \u0935\u093f\u091c\u094d\u091e\u093e\u092a\u0928 \u0935\u0948\u092f\u0915\u094d\u0924\u093f\u0915\u0930\u0923.<\/td>\n      <td>Google Ads IDE, \u092e\u0947\u091f\u093e \u092a\u093f\u0915\u094d\u0938\u0947\u0932 _fbp<\/td>\n      <td>90 \u0926\u093f\u0928<\/td>\n    <\/tr>\n    <!-- HubSpot tracking -->\n    <tr>\n      <td><strong>\u0939\u092c\u0938\u094d\u092a\u0949\u091f \u2013 \u091f\u094d\u0930\u0948\u0915\u093f\u0902\u0917<\/strong><\/td>\n      <td>\u0906\u0917\u0902\u0924\u0941\u0915\u094b\u0902 \u0915\u0940 \u092a\u0939\u091a\u093e\u0928 \u0915\u0930\u0947\u0902 \u0914\u0930 \u0932\u0940\u0921 \u0935\u093f\u0936\u094d\u0932\u0947\u0937\u0923 \u0915\u0947 \u0932\u093f\u090f \u0938\u0924\u094d\u0930 \u0930\u093f\u0915\u0949\u0930\u094d\u0921 \u0915\u0930\u0947\u0902\u0964<\/td>\n      <td>\u0939\u092c\u0938\u094d\u092a\u0949\u091f\u092f\u0942\u091f\u0940\u0915\u0947<\/td>\n      <td>13 \u092e\u0939\u0940\u0928\u0947<\/td>\n    <\/tr>\n    <!-- HubSpot sesi\u00f3n -->\n    <tr>\n      <td><strong>\u0939\u092c\u0938\u094d\u092a\u0949\u091f \u2013 \u0938\u0924\u094d\u0930<\/strong><\/td>\n      <td>\u0938\u0924\u094d\u0930 \u0938\u094d\u0925\u093f\u0924\u093f \u0914\u0930 \u0935\u093f\u091c\u093c\u093f\u091f \u0917\u0923\u0928\u093e \u092c\u0928\u093e\u090f \u0930\u0916\u0947\u0902.<\/td>\n      <td>__\u090f\u091a\u090f\u0938\u091f\u0940\u0938\u0940, __\u090f\u091a\u090f\u0938\u090f\u0938\u0906\u0930\u0938\u0940<\/td>\n      <td>13 \u092e\u0939\u0940\u0928\u0947 \/ \u0938\u0924\u094d\u0930<\/td>\n    <\/tr>\n    <tr>\n      <td><strong>\u0939\u092c\u0938\u094d\u092a\u0949\u091f \u2013 \u092a\u094d\u0930\u0926\u0930\u094d\u0936\u0928<\/strong><\/td>\n      <td>\u0905\u0928\u0941\u0930\u094b\u0927\u094b\u0902 \u0915\u0940 \u0917\u0924\u093f \u0915\u094b \u0928\u093f\u092f\u0902\u0924\u094d\u0930\u093f\u0924 \u0915\u0930\u0947\u0902 \u0914\u0930 \u0913\u0935\u0930\u0932\u094b\u0921 \u0938\u0947 \u092c\u091a\u0947\u0902\u0964<\/td>\n      <td>__\u090f\u091a\u090f\u0938\u090f\u0938\u0938\u0940<\/td>\n      <td>30 \u092e\u093f\u0928\u091f<\/td>\n    <\/tr>\n    <!-- Preferencias -->\n    <tr>\n      <td><strong>\u092a\u094d\u0930\u093e\u0925\u092e\u093f\u0915\u0924\u093e\u090f\u0901<\/strong><\/td>\n      <td>\u092d\u093e\u0937\u093e, \u0932\u0947\u0906\u0909\u091f \u092f\u093e \u0921\u093e\u0930\u094d\u0915 \u092e\u094b\u0921 \u0938\u0947\u091f\u093f\u0902\u0917 \u0938\u0939\u0947\u091c\u0947\u0902.<\/td>\n      <td>\u0925\u0940\u092e, \u0932\u0947\u0906\u0909\u091f, \u0915\u0941\u0915\u0940\u091c\u093c-\u092a\u094d\u0930\u093e\u0925\u092e\u093f\u0915\u0924\u093e\u090f\u0901<\/td>\n      <td>1 \u0935\u0930\u094d\u0937<\/td>\n    <\/tr>\n    <!-- V\u00eddeo \/ Media -->\n    <tr>\n      <td><strong>\u0935\u0940\u0921\u093f\u092f\u094b \/ \u092e\u0940\u0921\u093f\u092f\u093e<\/strong><\/td>\n      <td>\u092c\u093e\u0939\u094d\u092f \u0935\u0940\u0921\u093f\u092f\u094b \u0915\u093e \u090f\u0915\u0940\u0915\u0943\u0924 \u092a\u094d\u0932\u0947\u092c\u0948\u0915.<\/td>\n      <td>YouTube YSC, VISITOR_INFO1_LIVE<\/td>\n      <td>\u0938\u0924\u094d\u0930 \/ 6 \u092e\u0939\u0940\u0928\u0947<\/td>\n    <\/tr>\n  <\/tbody>\n<\/table>\n\n<h2><strong>3. \u0938\u0939\u092e\u0924\u093f<\/strong><\/h2>\n<p>\u091c\u092c \u0906\u092a \u092a\u0939\u0932\u0940 \u092c\u093e\u0930 \u0935\u0947\u092c\u0938\u093e\u0907\u091f \u092a\u0930 \u092a\u0939\u0941\u0902\u091a\u0947\u0902\u0917\u0947 \u0924\u094b \u0906\u092a\u0915\u094b \u090f\u0915 \u092c\u0948\u0928\u0930 \u0926\u093f\u0916\u093e\u0908 \u0926\u0947\u0917\u093e \u091c\u0939\u093e\u0902 \u0906\u092a <strong>\u0938\u094d\u0935\u0940\u0915\u093e\u0930 \u0915\u0930\u0928\u093e<\/strong>, <strong>\u0938\u094d\u0925\u093e\u092a\u093f\u0924 \u0915\u0930\u0928\u093e<\/strong> \u0926\u094b\u0928\u094b\u0902 \u092e\u0947\u0902 \u0938\u0947 \u090f\u0915 <strong>\u0917\u093f\u0930\u093e\u0935\u091f<\/strong> \u0917\u0948\u0930-\u091c\u093c\u0930\u0942\u0930\u0940 \u0915\u0941\u0915\u0940\u091c\u093c\u0964 \u0906\u092a \u0915\u093f\u0938\u0940 \u092d\u0940 \u0938\u092e\u092f \u092b\u093c\u0941\u091f\u0930 \u092e\u0947\u0902 &quot;\u0915\u0941\u0915\u0940\u091c\u093c \u0915\u0949\u0928\u094d\u092b\u093c\u093f\u0917\u0930 \u0915\u0930\u0947\u0902&quot; \u0932\u093f\u0902\u0915 \u092a\u0930 \u0915\u094d\u0932\u093f\u0915 \u0915\u0930\u0915\u0947 \u092f\u093e \u0905\u092a\u0928\u0947 \u092c\u094d\u0930\u093e\u0909\u091c\u093c\u0930 \u0938\u0947 \u0915\u0941\u0915\u0940\u091c\u093c \u0939\u091f\u093e\u0915\u0930 \u0905\u092a\u0928\u0940 \u092a\u094d\u0930\u093e\u0925\u092e\u093f\u0915\u0924\u093e\u090f\u0901 \u092c\u0926\u0932 \u0938\u0915\u0924\u0947 \u0939\u0948\u0902\u0964<\/p>\n\n<h2><strong>4. \u0915\u0941\u0915\u0940\u091c\u093c \u0915\u094b \u0905\u0915\u094d\u0937\u092e \u092f\u093e \u0939\u091f\u093e\u0928\u0947 \u0915\u093e \u0924\u0930\u0940\u0915\u093e<\/strong><\/h2>\n<p>\u0915\u0941\u0915\u0940\u091c\u093c \u0915\u094b \u092a\u094d\u0930\u092c\u0902\u0927\u093f\u0924 \u0915\u0930\u0928\u0947 \u092f\u093e \u0939\u091f\u093e\u0928\u0947 \u0915\u0947 \u0932\u093f\u090f \u0915\u0943\u092a\u092f\u093e \u0905\u092a\u0928\u0947 \u092c\u094d\u0930\u093e\u0909\u091c\u093c\u0930 \u0915\u0940 \u0938\u0939\u093e\u092f\u0924\u093e \u0926\u0947\u0916\u0947\u0902:<\/p>\n<ul>\n  <li><a href=\"https:\/\/support.google.com\/chrome\/answer\/95647\" target=\"_blank\" rel=\"nofollow noopener\">\u0917\u0942\u0917\u0932 \u0915\u094d\u0930\u094b\u092e<\/a><\/li>\n  <li><a href=\"https:\/\/support.mozilla.org\/es\/kb\/habilitar-y-deshabilitar-cookies-sitios-web\" target=\"_blank\" rel=\"nofollow noopener\">\u092e\u094b\u091c\u093c\u093f\u0932\u093e \u092b\u093c\u093e\u092f\u0930\u092b\u093c\u0949\u0915\u094d\u0938<\/a><\/li>\n  <li><a href=\"https:\/\/support.microsoft.com\/es-es\/topic\/administrar-cookies-en-microsoft-edge-63947406-40ac-c3b8-57b9-2a946a29ae09\" target=\"_blank\" rel=\"nofollow noopener\">\u092e\u093e\u0907\u0915\u094d\u0930\u094b\u0938\u0949\u092b\u094d\u091f \u090f\u091c<\/a><\/li>\n  <li><a href=\"https:\/\/support.apple.com\/es-es\/HT201265\" target=\"_blank\" rel=\"nofollow noopener\">\u0938\u092b\u093e\u0930\u0940<\/a><\/li>\n<\/ul>\n\n<h2><strong>5. \u0905\u0902\u0924\u0930\u094d\u0930\u093e\u0937\u094d\u091f\u094d\u0930\u0940\u092f \u0938\u094d\u0925\u093e\u0928\u093e\u0928\u094d\u0924\u0930\u0923<\/strong><\/h2>\n<p>Google LLC, Meta Platforms Inc., \u092f\u093e HubSpot Inc. \u091c\u0948\u0938\u0947 \u092a\u094d\u0930\u0926\u093e\u0924\u093e \u092f\u0942\u0930\u094b\u092a\u0940\u092f \u0906\u0930\u094d\u0925\u093f\u0915 \u0915\u094d\u0937\u0947\u0924\u094d\u0930 \u0915\u0947 \u092c\u093e\u0939\u0930 \u0921\u0947\u091f\u093e \u0938\u0902\u0938\u093e\u0927\u093f\u0924 \u0915\u0930 \u0938\u0915\u0924\u0947 \u0939\u0948\u0902\u0964 \u0939\u092e \u0938\u0941\u0928\u093f\u0936\u094d\u091a\u093f\u0924 \u0915\u0930\u0924\u0947 \u0939\u0948\u0902 \u0915\u093f \u0910\u0938\u0947 \u0938\u094d\u0925\u093e\u0928\u093e\u0902\u0924\u0930\u0923 \u0932\u093e\u0917\u0942 \u0915\u093e\u0928\u0942\u0928\u0940 \u0924\u0902\u0924\u094d\u0930\u094b\u0902 (\u092e\u093e\u0928\u0915 \u0938\u0902\u0935\u093f\u0926\u093e\u0924\u094d\u092e\u0915 \u0916\u0902\u0921 \u092f\u093e \u0905\u0928\u094d\u092f \u0909\u092a\u092f\u0941\u0915\u094d\u0924 \u0938\u0941\u0930\u0915\u094d\u0937\u093e \u0909\u092a\u093e\u092f\u094b\u0902) \u0915\u093e \u0905\u0928\u0941\u092a\u093e\u0932\u0928 \u0915\u0930\u0924\u0947 \u0939\u0948\u0902\u0964<\/p>\n\n<h2><strong>6. \u0921\u0947\u091f\u093e \u0928\u093f\u092f\u0902\u0924\u094d\u0930\u0915<\/strong><\/h2>\n<p><strong>\u090f\u0921\u0941\u0932\u094d\u0915\u094b\u0921\u093e\u0907\u091f \u090f\u0938\u090f\u0932<\/strong> \u2013 \u090f\u0928\u0906\u0908\u090f\u092b \u092c\u094055553473<br>\n\u0914\u0926\u094d\u092f\u094b\u0917\u093f\u0915 \u090f\u0938\u094d\u091f\u0947\u091f, \u0928\u093f\u091c\u0940 \u0907\u0902\u091f\u0940\u0930\u093f\u092f\u0930 \u0930\u094b\u0921 1 \u0935\u0947\u092f\u0930\u0939\u093e\u0909\u0938<br>\n43152 \u092a\u0947\u0930\u093e\u092b\u094b\u0930\u094d\u091f (\u091f\u0948\u0930\u093e\u0917\u094b\u0928\u093e)<br>\n\u092e\u0947\u0932: <a href=\"mailto:info@edulcodiet.com\">info@edulcodiet.com<\/a><\/p>\n\n<h2><strong>7. \u0905\u092a\u0921\u0947\u091f<\/strong><\/h2>\n<p>\u0939\u092e \u0907\u0938 \u0915\u0941\u0915\u0940 \u0928\u0940\u0924\u093f \u0915\u094b \u0915\u093e\u0928\u0942\u0928\u0940 \u092f\u093e \u0924\u0915\u0928\u0940\u0915\u0940 \u092a\u0930\u093f\u0935\u0930\u094d\u0924\u0928\u094b\u0902 \u0915\u0947 \u0905\u0928\u0941\u0938\u093e\u0930 \u0938\u0902\u0936\u094b\u0927\u093f\u0924 \u0915\u0930 \u0938\u0915\u0924\u0947 \u0939\u0948\u0902\u0964 \u0915\u0943\u092a\u092f\u093e \u090a\u092a\u0930 \u0926\u093f\u090f \u0917\u090f \u0928\u0935\u0940\u0928\u0924\u092e \u0938\u0902\u0938\u094d\u0915\u0930\u0923 \u0915\u0940 \u0924\u093f\u0925\u093f \u0905\u0935\u0936\u094d\u092f \u0926\u0947\u0916\u0947\u0902\u0964<\/p>\n\n<\/body>\n<\/html>\n```\n\t\t\t\t<\/div>\n\t\t\t\t\t<\/div>\n\t\t\t\t<\/div>\n\t\t\t\t<\/div>\n\t\t\n\n<div class=\"kk-star-ratings kksr-auto kksr-align-center kksr-valign-bottom\"\n    data-payload='{&quot;align&quot;:&quot;center&quot;,&quot;id&quot;:&quot;1571&quot;,&quot;slug&quot;:&quot;default&quot;,&quot;valign&quot;:&quot;bottom&quot;,&quot;ignore&quot;:&quot;&quot;,&quot;reference&quot;:&quot;auto&quot;,&quot;class&quot;:&quot;&quot;,&quot;count&quot;:&quot;0&quot;,&quot;legendonly&quot;:&quot;&quot;,&quot;readonly&quot;:&quot;&quot;,&quot;score&quot;:&quot;0&quot;,&quot;starsonly&quot;:&quot;&quot;,&quot;best&quot;:&quot;5&quot;,&quot;gap&quot;:&quot;5&quot;,&quot;greet&quot;:&quot;Valoraci\u00f3n&quot;,&quot;legend&quot;:&quot;Gracias por la valoraci\u00f3n&quot;,&quot;size&quot;:&quot;24&quot;,&quot;title&quot;:&quot;Pol\u00edtica de Cookies&quot;,&quot;width&quot;:&quot;0&quot;,&quot;_legend&quot;:&quot;Gracias por la valoraci\u00f3n&quot;,&quot;font_factor&quot;:&quot;1.25&quot;}'>\n            \n<div class=\"kksr-stars\">\n    \n<div class=\"kksr-stars-inactive\">\n            <div class=\"kksr-star\" data-star=\"1\" style=\"padding-right: 5px\">\n            \n\n<div class=\"kksr-icon\" style=\"width: 24px; height: 24px;\"><\/div>\n        <\/div>\n            <div class=\"kksr-star\" data-star=\"2\" style=\"padding-right: 5px\">\n            \n\n<div class=\"kksr-icon\" style=\"width: 24px; height: 24px;\"><\/div>\n        <\/div>\n            <div class=\"kksr-star\" data-star=\"3\" style=\"padding-right: 5px\">\n            \n\n<div class=\"kksr-icon\" style=\"width: 24px; height: 24px;\"><\/div>\n        <\/div>\n            <div class=\"kksr-star\" data-star=\"4\" style=\"padding-right: 5px\">\n            \n\n<div class=\"kksr-icon\" style=\"width: 24px; height: 24px;\"><\/div>\n        <\/div>\n            <div class=\"kksr-star\" data-star=\"5\" style=\"padding-right: 5px\">\n            \n\n<div class=\"kksr-icon\" style=\"width: 24px; height: 24px;\"><\/div>\n        <\/div>\n    <\/div>\n    \n<div class=\"kksr-stars-active\" style=\"width: 0px;\">\n            <div class=\"kksr-star\" style=\"padding-right: 5px\">\n            \n\n<div class=\"kksr-icon\" style=\"width: 24px; height: 24px;\"><\/div>\n        <\/div>\n            <div class=\"kksr-star\" style=\"padding-right: 5px\">\n            \n\n<div class=\"kksr-icon\" style=\"width: 24px; height: 24px;\"><\/div>\n        <\/div>\n            <div class=\"kksr-star\" style=\"padding-right: 5px\">\n            \n\n<div class=\"kksr-icon\" style=\"width: 24px; height: 24px;\"><\/div>\n        <\/div>\n            <div class=\"kksr-star\" style=\"padding-right: 5px\">\n            \n\n<div class=\"kksr-icon\" style=\"width: 24px; height: 24px;\"><\/div>\n        <\/div>\n            <div class=\"kksr-star\" style=\"padding-right: 5px\">\n            \n\n<div class=\"kksr-icon\" style=\"width: 24px; height: 24px;\"><\/div>\n        <\/div>\n    <\/div>\n<\/div>\n                \n\n<div class=\"kksr-legend\" style=\"font-size: 19.2px;\">\n            <span class=\"kksr-muted\">\u0906\u0915\u0932\u0928<\/span>\n    <\/div>\n    <\/div>","protected":false},"excerpt":{"rendered":"<p>\u00ab`html Pol\u00edtica de Cookies | Edulcodiet S.L. POL\u00cdTICA DE COOKIES \u2013 EDULCODIET S.L. \u00daltima actualizaci\u00f3n: 7&nbsp;de&nbsp;julio&nbsp;de&nbsp;2025 1.&nbsp;\u00bfQU\u00c9 SON LAS COOKIES? Las cookies son archivos de texto que un sitio web instala en el dispositivo del usuario para recoger y recuperar informaci\u00f3n sobre su navegaci\u00f3n. Sirven, entre otras cosas, para recordar preferencias o medir la audiencia. [&hellip;]<\/p>\n","protected":false},"author":1,"featured_media":0,"parent":0,"menu_order":0,"comment_status":"closed","ping_status":"closed","template":"","meta":{"content-type":"","footnotes":""},"class_list":["post-1571","page","type-page","status-publish","hentry"],"_links":{"self":[{"href":"https:\/\/edulcodiet.com\/hi\/wp-json\/wp\/v2\/pages\/1571","targetHints":{"allow":["GET"]}}],"collection":[{"href":"https:\/\/edulcodiet.com\/hi\/wp-json\/wp\/v2\/pages"}],"about":[{"href":"https:\/\/edulcodiet.com\/hi\/wp-json\/wp\/v2\/types\/page"}],"author":[{"embeddable":true,"href":"https:\/\/edulcodiet.com\/hi\/wp-json\/wp\/v2\/users\/1"}],"replies":[{"embeddable":true,"href":"https:\/\/edulcodiet.com\/hi\/wp-json\/wp\/v2\/comments?post=1571"}],"version-history":[{"count":0,"href":"https:\/\/edulcodiet.com\/hi\/wp-json\/wp\/v2\/pages\/1571\/revisions"}],"wp:attachment":[{"href":"https:\/\/edulcodiet.com\/hi\/wp-json\/wp\/v2\/media?parent=1571"}],"curies":[{"name":"\u0921\u092c\u094d\u0932\u094d\u092f\u0942\u092a\u0940","href":"https:\/\/api.w.org\/{rel}","templated":true}]}}