{"id":1565,"date":"2025-07-07T15:34:22","date_gmt":"2025-07-07T15:34:22","guid":{"rendered":"https:\/\/edulcodiet.com\/?page_id=1565"},"modified":"2025-07-15T15:23:34","modified_gmt":"2025-07-15T15:23:34","slug":"%e0%a4%97%e0%a5%8b%e0%a4%aa%e0%a4%a8%e0%a5%80%e0%a4%af%e0%a4%a4%e0%a4%be-%e0%a4%a8%e0%a5%80%e0%a4%a4%e0%a4%bf-2","status":"publish","type":"page","link":"https:\/\/edulcodiet.com\/hi\/%e0%a4%97%e0%a5%8b%e0%a4%aa%e0%a4%a8%e0%a5%80%e0%a4%af%e0%a4%a4%e0%a4%be-%e0%a4%a8%e0%a5%80%e0%a4%a4%e0%a4%bf-2\/","title":{"rendered":"\u0917\u094b\u092a\u0928\u0940\u092f\u0924\u093e \u0928\u0940\u0924\u093f"},"content":{"rendered":"<div data-elementor-type=\"wp-page\" data-elementor-id=\"1565\" class=\"elementor elementor-1565\" data-elementor-post-type=\"page\">\n\t\t\t\t<div data-particle_enable=\"false\" data-particle-mobile-disabled=\"false\" class=\"elementor-element elementor-element-68ab70c e-flex e-con-boxed e-con e-parent\" data-id=\"68ab70c\" data-element_type=\"container\" data-e-type=\"container\">\n\t\t\t\t\t<div class=\"e-con-inner\">\n\t\t\t\t<div class=\"elementor-element elementor-element-f936c51 elementor-widget elementor-widget-html\" data-id=\"f936c51\" data-element_type=\"widget\" data-e-type=\"widget\" data-widget_type=\"html.default\">\n\t\t\t\t\t<!DOCTYPE html>\n<html lang=\"es\">\n<head>\n  <meta charset=\"UTF-8\">\n  <title>\u0917\u094b\u092a\u0928\u0940\u092f\u0924\u093e \u0928\u0940\u0924\u093f | \u090f\u0921\u0941\u0932\u0915\u094b\u0921\u093f\u090f\u091f \u090f\u0938\u090f\u0932<\/title>\n  <meta name=\"viewport\" content=\"width=device-width, initial-scale=1.0\">\n  <style>\n    body{font-family:Arial,Helvetica,sans-serif;line-height:1.6;margin:20px;color:#222;}\n    h1{font-size:1.8rem;text-align:center;margin-bottom:1rem;}\n    h2{font-size:1.35rem;margin-top:1.5rem;}\n    ul{margin-left:1.2rem;}\n    strong{font-weight:700;}\n    .section{margin-bottom:2rem;}\n  <\/style>\n<\/head>\n<body data-rsssl=1>\n\n<h1><strong>\u0917\u094b\u092a\u0928\u0940\u092f\u0924\u093e \u0928\u0940\u0924\u093f \u2013 EDULCODIET SL<\/strong><\/h1>\n<p style=\"text-align:center;\"><em>7 \u091c\u0941\u0932\u093e\u0908, 2025 \u0915\u094b \u0905\u092a\u0921\u0947\u091f \u0915\u093f\u092f\u093e \u0917\u092f\u093e<\/em><\/p>\n\n<div class=\"section\">\n  <h2><strong>1. \u0917\u094b\u092a\u0928\u0940\u092f\u0924\u093e \u092a\u094d\u0930\u0924\u093f\u092c\u0926\u094d\u0927\u0924\u093e<\/strong><\/h2>\n  <p>\u092f\u0939 \u0928\u0940\u0924\u093f \u092c\u0924\u093e\u0924\u0940 \u0939\u0948 \u0915\u093f \u0915\u0948\u0938\u0947 <strong>\u090f\u0921\u0941\u0932\u094d\u0915\u094b\u0921\u093e\u0907\u091f \u090f\u0938\u090f\u0932<\/strong> (\u0907\u0938\u0915\u0947 \u092c\u093e\u0926, \u201c<strong>\u090f\u0921\u0941\u0932\u094d\u0915\u094b\u0921\u093e\u0907\u091f<\/strong>\u201d) \u0935\u0947\u092c\u0938\u093e\u0907\u091f \u0909\u092a\u092f\u094b\u0917\u0915\u0930\u094d\u0924\u093e\u0913\u0902 \u0915\u093e \u0935\u094d\u092f\u0915\u094d\u0924\u093f\u0917\u0924 \u0921\u0947\u091f\u093e \u090f\u0915\u0924\u094d\u0930 \u0914\u0930 \u0938\u0902\u0938\u093e\u0927\u093f\u0924 \u0915\u0930\u0924\u093e \u0939\u0948 <a href=\"https:\/\/edulcodiet.com\/hi\">https:\/\/edulcodiet.com\/<\/a> (\u0907\u0938\u0915\u0947 \u092c\u093e\u0926, \u201c<strong>\u0935\u0947\u092c\u0938\u093e\u0907\u091f<\/strong>\u201d) \u0939\u092e \u0935\u0930\u094d\u0924\u092e\u093e\u0928 \u0935\u093f\u0928\u093f\u092f\u092e\u094b\u0902 \u0914\u0930 \u0907\u0938 \u0926\u0938\u094d\u0924\u093e\u0935\u0947\u091c\u093c \u092e\u0947\u0902 \u0928\u093f\u0930\u094d\u0927\u093e\u0930\u093f\u0924 \u0905\u0928\u0941\u0938\u093e\u0930 \u0906\u092a\u0915\u0940 \u091c\u093e\u0928\u0915\u093e\u0930\u0940 \u0915\u0940 \u0938\u0941\u0930\u0915\u094d\u0937\u093e \u0915\u0947 \u0932\u093f\u090f \u092a\u094d\u0930\u0924\u093f\u092c\u0926\u094d\u0927 \u0939\u0948\u0902\u0964<\/p>\n<\/div>\n\n<div class=\"section\">\n  <h2><strong>2. \u0939\u092e\u093e\u0930\u0947 \u0926\u094d\u0935\u093e\u0930\u093e \u090f\u0915\u0924\u094d\u0930\u093f\u0924 \u091c\u093e\u0928\u0915\u093e\u0930\u0940<\/strong><\/h2>\n  <ul>\n    <li><strong>\u092a\u0939\u091a\u093e\u0928 \u0921\u0947\u091f\u093e:<\/strong> \u0928\u093e\u092e \u0914\u0930 \u0909\u092a\u0928\u093e\u092e.<\/li>\n    <li><strong>\u0938\u0902\u092a\u0930\u094d\u0915 \u091c\u093e\u0928\u0915\u093e\u0930\u0940:<\/strong> \u0908\u092e\u0947\u0932, \u092b\u093c\u094b\u0928, \u092a\u0924\u093e.<\/li>\n    <li><strong>\u091c\u0928\u0938\u093e\u0902\u0916\u094d\u092f\u093f\u0915\u0940\u092f \u0921\u0947\u091f\u093e<\/strong> (\u092f\u0926\u093f \u0932\u093e\u0917\u0942 \u0939\u094b)<\/li>\n    <li><strong>\u092c\u093f\u0932\u093f\u0902\u0917 \u092f\u093e \u0936\u093f\u092a\u093f\u0902\u0917 \u091c\u093e\u0928\u0915\u093e\u0930\u0940<\/strong> \u091c\u092c \u0911\u0930\u094d\u0921\u0930 \u0915\u094b \u0938\u0902\u0938\u093e\u0927\u093f\u0924 \u0915\u0930\u0928\u093e \u0906\u0935\u0936\u094d\u092f\u0915 \u0939\u094b\u0964<\/li>\n  <\/ul>\n<\/div>\n\n<div class=\"section\">\n  <h2><strong>3. \u092a\u094d\u0930\u0938\u0902\u0938\u094d\u0915\u0930\u0923 \u0915\u093e \u0909\u0926\u094d\u0926\u0947\u0936\u094d\u092f \u0914\u0930 \u0915\u093e\u0928\u0942\u0928\u0940 \u0906\u0927\u093e\u0930<\/strong><\/h2>\n  <p>\u0939\u092e \u0907\u0938 \u091c\u093e\u0928\u0915\u093e\u0930\u0940 \u0915\u093e \u0909\u092a\u092f\u094b\u0917 \u0928\u093f\u092e\u094d\u0928\u0932\u093f\u0916\u093f\u0924 \u0915\u0947 \u0932\u093f\u090f \u0915\u0930\u0924\u0947 \u0939\u0948\u0902:<\/p>\n  <ul>\n    <li>\u0938\u0947\u0935\u093e\u090f\u0902 \u092a\u094d\u0930\u0926\u093e\u0928 \u0915\u0930\u0947\u0902 \u0914\u0930 \u0911\u0930\u094d\u0921\u0930 \u092a\u094d\u0930\u092c\u0902\u0927\u093f\u0924 \u0915\u0930\u0947\u0902.<\/li>\n    <li>\u0909\u092a\u092f\u094b\u0917\u0915\u0930\u094d\u0924\u093e \u0930\u093f\u0915\u0949\u0930\u094d\u0921 \u092c\u0928\u093e\u090f \u0930\u0916\u0947\u0902 \u0914\u0930 \u0909\u0924\u094d\u092a\u093e\u0926\u094b\u0902 \u092e\u0947\u0902 \u0938\u0941\u0927\u093e\u0930 \u0915\u0930\u0947\u0902\u0964<\/li>\n    <li>\u0935\u093e\u0923\u093f\u091c\u094d\u092f\u093f\u0915 \u0938\u0902\u091a\u093e\u0930 (\u092a\u094d\u0930\u0938\u094d\u0924\u093e\u0935, \u0938\u092e\u093e\u091a\u093e\u0930) \u092d\u0947\u091c\u0947\u0902 \u091c\u093f\u0928\u094d\u0939\u0947\u0902 \u0906\u092a \u0915\u093f\u0938\u0940 \u092d\u0940 \u0938\u092e\u092f \u0930\u0926\u094d\u0926 \u0915\u0930 \u0938\u0915\u0924\u0947 \u0939\u0948\u0902\u0964<\/li>\n    <li>\u0935\u0947\u092c\u0938\u093e\u0907\u091f \u0915\u0940 \u0938\u0941\u0930\u0915\u094d\u0937\u093e \u0938\u0941\u0928\u093f\u0936\u094d\u091a\u093f\u0924 \u0915\u0930\u0947\u0902\u0964<\/li>\n  <\/ul>\n  <p>\u0935\u0948\u0927\u0924\u093e \u0905\u0928\u0941\u092c\u0902\u0927 \u0915\u0947 \u0928\u093f\u0937\u094d\u092a\u093e\u0926\u0928, \u0907\u091a\u094d\u091b\u0941\u0915 \u092a\u0915\u094d\u0937 \u0915\u0940 \u0938\u0939\u092e\u0924\u093f \u0914\u0930 \u090f\u0921\u0941\u0932\u094d\u0915\u094b\u0921\u093e\u0907\u091f \u0915\u0947 \u0935\u0948\u0927 \u0939\u093f\u0924 \u092a\u0930 \u0906\u0927\u093e\u0930\u093f\u0924 \u0939\u0948\u0964<\/p>\n<\/div>\n\n<div class=\"section\">\n  <h2><strong>4. \u0921\u0947\u091f\u093e \u0938\u0941\u0930\u0915\u094d\u0937\u093e<\/strong><\/h2>\n  <p>\u090f\u0921\u0941\u0932\u094d\u0915\u094b\u0921\u093e\u0907\u091f \u0935\u094d\u092f\u0915\u094d\u0924\u093f\u0917\u0924 \u091c\u093e\u0928\u0915\u093e\u0930\u0940 \u0915\u0940 \u0905\u0928\u0927\u093f\u0915\u0943\u0924 \u092a\u0939\u0941\u0902\u091a, \u0939\u093e\u0928\u093f \u092f\u093e \u092a\u0930\u093f\u0935\u0930\u094d\u0924\u0928 \u0915\u094b \u0930\u094b\u0915\u0928\u0947 \u0915\u0947 \u0932\u093f\u090f \u0909\u0928\u094d\u0928\u0924 \u0924\u0915\u0928\u0940\u0915\u0940 \u0914\u0930 \u0938\u0902\u0917\u0920\u0928\u093e\u0924\u094d\u092e\u0915 \u0909\u092a\u093e\u092f \u0932\u093e\u0917\u0942 \u0915\u0930\u0924\u093e \u0939\u0948\u0964<\/p>\n<\/div>\n\n<div class=\"section\">\n  <h2><strong>5. \u0915\u0941\u0915\u0940\u091c\u093c<\/strong><\/h2>\n  <p>\u092f\u0939 \u0935\u0947\u092c\u0938\u093e\u0907\u091f \u091f\u094d\u0930\u0948\u092b\u093c\u093f\u0915 \u0915\u093e \u0935\u093f\u0936\u094d\u0932\u0947\u0937\u0923 \u0915\u0930\u0928\u0947 \u0914\u0930 \u0909\u092a\u092f\u094b\u0917\u0915\u0930\u094d\u0924\u093e \u0905\u0928\u0941\u092d\u0935 \u0915\u094b \u092c\u0947\u0939\u0924\u0930 \u092c\u0928\u093e\u0928\u0947 \u0915\u0947 \u0932\u093f\u090f \u0915\u0941\u0915\u0940\u091c\u093c \u0915\u093e \u0909\u092a\u092f\u094b\u0917 \u0915\u0930\u0924\u0940 \u0939\u0948\u0964 \u0906\u092a \u0905\u092a\u0928\u0947 \u092c\u094d\u0930\u093e\u0909\u091c\u093c\u0930 \u092e\u0947\u0902 \u0915\u0941\u0915\u0940\u091c\u093c \u0938\u094d\u0935\u0940\u0915\u093e\u0930, \u0915\u0949\u0928\u094d\u092b\u093c\u093f\u0917\u0930 \u092f\u093e \u0905\u0938\u094d\u0935\u0940\u0915\u093e\u0930 \u0915\u0930 \u0938\u0915\u0924\u0947 \u0939\u0948\u0902\u0964 \u0907\u0928\u094d\u0939\u0947\u0902 \u092a\u0942\u0930\u0940 \u0924\u0930\u0939 \u0938\u0947 \u0905\u0915\u094d\u0937\u092e \u0915\u0930\u0928\u0947 \u0938\u0947 \u0915\u0941\u091b \u0938\u0941\u0935\u093f\u0927\u093e\u090f\u0901 \u0938\u0940\u092e\u093f\u0924 \u0939\u094b \u0938\u0915\u0924\u0940 \u0939\u0948\u0902\u0964<\/p>\n<\/div>\n\n<div class=\"section\">\n  <h2><strong>6. \u0924\u0940\u0938\u0930\u0947 \u092a\u0915\u094d\u0937 \u0938\u0947 \u0932\u093f\u0902\u0915<\/strong><\/h2>\n  <p>\u091c\u092c \u0906\u092a \u092c\u093e\u0939\u0930\u0940 \u0932\u093f\u0902\u0915 \u092a\u0930 \u0915\u094d\u0932\u093f\u0915 \u0915\u0930\u0924\u0947 \u0939\u0948\u0902, \u0924\u094b \u090f\u0921\u0941\u0932\u0915\u094b\u0921\u093e\u0907\u091f \u0909\u0928 \u0938\u093e\u0907\u091f\u094b\u0902 \u0915\u0940 \u0917\u094b\u092a\u0928\u0940\u092f\u0924\u093e \u0928\u0940\u0924\u093f\u092f\u094b\u0902 \u0915\u094b \u0928\u093f\u092f\u0902\u0924\u094d\u0930\u093f\u0924 \u092f\u093e \u0909\u0928\u0915\u0947 \u0932\u093f\u090f \u091c\u093c\u093f\u092e\u094d\u092e\u0947\u0926\u093e\u0930 \u0928\u0939\u0940\u0902 \u0939\u0948\u0964 \u0915\u0943\u092a\u092f\u093e \u0915\u094b\u0908 \u092d\u0940 \u091c\u093e\u0928\u0915\u093e\u0930\u0940 \u0926\u0947\u0928\u0947 \u0938\u0947 \u092a\u0939\u0932\u0947 \u0909\u0928\u0915\u0940 \u0936\u0930\u094d\u0924\u0947\u0902 \u091c\u093c\u0930\u0942\u0930 \u092a\u0922\u093c\u0947\u0902\u0964<\/p>\n<\/div>\n\n<div class=\"section\">\n  <h2><strong>7. \u0909\u092a\u092f\u094b\u0917\u0915\u0930\u094d\u0924\u093e \u0905\u0927\u093f\u0915\u093e\u0930<\/strong><\/h2>\n  <p>\u0906\u092a \u0928\u093f\u092e\u094d\u0928\u0932\u093f\u0916\u093f\u0924 \u0905\u0927\u093f\u0915\u093e\u0930\u094b\u0902 \u0915\u093e \u092a\u094d\u0930\u092f\u094b\u0917 \u0915\u0930 \u0938\u0915\u0924\u0947 \u0939\u0948\u0902: <strong>\u092a\u0939\u0941\u0901\u091a, \u0938\u0941\u0927\u093e\u0930, \u0935\u093f\u0932\u094b\u092a\u0928, \u0935\u093f\u0930\u094b\u0927, \u0938\u0940\u092e\u093e \u0914\u0930 \u092a\u094b\u0930\u094d\u091f\u0947\u092c\u093f\u0932\u093f\u091f\u0940<\/strong> \u0915\u094b \u0905\u0928\u0941\u0930\u094b\u0927 \u092d\u0947\u091c\u0915\u0930 <a href=\"mailto:info@edulcodiet.com\">info@edulcodiet.com<\/a> \u092f\u093e \u0915\u093e\u0928\u0942\u0928\u0940 \u0928\u094b\u091f\u093f\u0938 \u092e\u0947\u0902 \u0926\u0930\u094d\u0936\u093e\u090f \u0917\u090f \u0921\u093e\u0915 \u092a\u0924\u0947 \u092a\u0930\u0964<\/p>\n<\/div>\n\n<div class=\"section\">\n  <h2><strong>8. \u0921\u0947\u091f\u093e \u0938\u094d\u0925\u093e\u0928\u093e\u0902\u0924\u0930\u0923<\/strong><\/h2>\n  <p>\u090f\u0921\u0941\u0932\u094d\u0915\u094b\u0921\u093e\u0907\u091f \u0915\u093e\u0928\u0942\u0928\u0940 \u092c\u093e\u0927\u094d\u092f\u0924\u093e \u092f\u093e \u0905\u0926\u093e\u0932\u0924\u0940 \u0906\u0926\u0947\u0936 \u0915\u094b \u091b\u094b\u0921\u093c\u0915\u0930, \u0906\u092a\u0915\u0940 \u0938\u0939\u092e\u0924\u093f \u0915\u0947 \u092c\u093f\u0928\u093e \u0906\u092a\u0915\u0947 \u0921\u0947\u091f\u093e \u0915\u094b \u0924\u0940\u0938\u0930\u0947 \u092a\u0915\u094d\u0937 \u0915\u094b \u0928\u0939\u0940\u0902 \u092c\u0947\u091a\u0947\u0917\u093e \u092f\u093e \u0938\u094d\u0925\u093e\u0928\u093e\u0902\u0924\u0930\u093f\u0924 \u0928\u0939\u0940\u0902 \u0915\u0930\u0947\u0917\u093e\u0964<\/p>\n<\/div>\n\n<div class=\"section\">\n  <h2><strong>9. \u0928\u0940\u0924\u093f \u0938\u0902\u0936\u094b\u0927\u0928<\/strong><\/h2>\n  <p>\u090f\u0921\u0941\u0932\u094d\u0915\u094b\u0921\u093e\u0907\u091f \u0907\u0938 \u0928\u0940\u0924\u093f \u0915\u094b \u0935\u093f\u0927\u093e\u092f\u0940 \u092f\u093e \u0906\u0902\u0924\u0930\u093f\u0915 \u092a\u0930\u093f\u0935\u0930\u094d\u0924\u0928\u094b\u0902 \u0915\u0947 \u0905\u0928\u0941\u0930\u0942\u092a \u0922\u093e\u0932\u0928\u0947 \u0915\u0947 \u0932\u093f\u090f \u0905\u0926\u094d\u092f\u0924\u0928 \u0915\u0930 \u0938\u0915\u0924\u093e \u0939\u0948\u0964 \u0928\u0935\u0940\u0928\u0924\u092e \u0938\u0902\u0938\u094d\u0915\u0930\u0923 \u0915\u0940 \u0924\u093f\u0925\u093f \u0926\u0930\u094d\u0936\u093e\u0908 \u091c\u093e\u090f\u0917\u0940\u0964<\/p>\n<\/div>\n\n<div class=\"section\">\n  <h2><strong>10. \u0938\u0902\u092a\u0930\u094d\u0915 \u0915\u0930\u0947\u0902<\/strong><\/h2>\n  <p><strong>\u090f\u0921\u0941\u0932\u094d\u0915\u094b\u0921\u093e\u0907\u091f \u090f\u0938\u090f\u0932<\/strong><br>\n     \u0914\u0926\u094d\u092f\u094b\u0917\u093f\u0915 \u090f\u0938\u094d\u091f\u0947\u091f, \u0928\u093f\u091c\u0940 \u0907\u0902\u091f\u0940\u0930\u093f\u092f\u0930 \u0930\u094b\u0921 1 \u0935\u0947\u092f\u0930\u0939\u093e\u0909\u0938<br>\n     43152 \u092a\u0947\u0930\u093e\u092b\u094b\u0930\u094d\u091f (\u091f\u0948\u0930\u093e\u0917\u094b\u0928\u093e)<br>\n     \u092e\u0947\u0932: <a href=\"mailto:info@edulcodiet.com\">info@edulcodiet.com<\/a><\/p>\n<\/div>\n\n<\/body>\n<\/html>\n\t\t\t\t<\/div>\n\t\t\t\t\t<\/div>\n\t\t\t\t<\/div>\n\t\t\t\t<\/div>\n\t\t\n\n<div class=\"kk-star-ratings kksr-auto kksr-align-center kksr-valign-bottom\"\n    data-payload='{&quot;align&quot;:&quot;center&quot;,&quot;id&quot;:&quot;1565&quot;,&quot;slug&quot;:&quot;default&quot;,&quot;valign&quot;:&quot;bottom&quot;,&quot;ignore&quot;:&quot;&quot;,&quot;reference&quot;:&quot;auto&quot;,&quot;class&quot;:&quot;&quot;,&quot;count&quot;:&quot;0&quot;,&quot;legendonly&quot;:&quot;&quot;,&quot;readonly&quot;:&quot;&quot;,&quot;score&quot;:&quot;0&quot;,&quot;starsonly&quot;:&quot;&quot;,&quot;best&quot;:&quot;5&quot;,&quot;gap&quot;:&quot;5&quot;,&quot;greet&quot;:&quot;Valoraci\u00f3n&quot;,&quot;legend&quot;:&quot;Gracias por la valoraci\u00f3n&quot;,&quot;size&quot;:&quot;24&quot;,&quot;title&quot;:&quot;Pol\u00edtica de Privacidad&quot;,&quot;width&quot;:&quot;0&quot;,&quot;_legend&quot;:&quot;Gracias por la valoraci\u00f3n&quot;,&quot;font_factor&quot;:&quot;1.25&quot;}'>\n            \n<div class=\"kksr-stars\">\n    \n<div class=\"kksr-stars-inactive\">\n            <div class=\"kksr-star\" data-star=\"1\" style=\"padding-right: 5px\">\n            \n\n<div class=\"kksr-icon\" style=\"width: 24px; height: 24px;\"><\/div>\n        <\/div>\n            <div class=\"kksr-star\" data-star=\"2\" style=\"padding-right: 5px\">\n            \n\n<div class=\"kksr-icon\" style=\"width: 24px; height: 24px;\"><\/div>\n        <\/div>\n            <div class=\"kksr-star\" data-star=\"3\" style=\"padding-right: 5px\">\n            \n\n<div class=\"kksr-icon\" style=\"width: 24px; height: 24px;\"><\/div>\n        <\/div>\n            <div class=\"kksr-star\" data-star=\"4\" style=\"padding-right: 5px\">\n            \n\n<div class=\"kksr-icon\" style=\"width: 24px; height: 24px;\"><\/div>\n        <\/div>\n            <div class=\"kksr-star\" data-star=\"5\" style=\"padding-right: 5px\">\n            \n\n<div class=\"kksr-icon\" style=\"width: 24px; height: 24px;\"><\/div>\n        <\/div>\n    <\/div>\n    \n<div class=\"kksr-stars-active\" style=\"width: 0px;\">\n            <div class=\"kksr-star\" style=\"padding-right: 5px\">\n            \n\n<div class=\"kksr-icon\" style=\"width: 24px; height: 24px;\"><\/div>\n        <\/div>\n            <div class=\"kksr-star\" style=\"padding-right: 5px\">\n            \n\n<div class=\"kksr-icon\" style=\"width: 24px; height: 24px;\"><\/div>\n        <\/div>\n            <div class=\"kksr-star\" style=\"padding-right: 5px\">\n            \n\n<div class=\"kksr-icon\" style=\"width: 24px; height: 24px;\"><\/div>\n        <\/div>\n            <div class=\"kksr-star\" style=\"padding-right: 5px\">\n            \n\n<div class=\"kksr-icon\" style=\"width: 24px; height: 24px;\"><\/div>\n        <\/div>\n            <div class=\"kksr-star\" style=\"padding-right: 5px\">\n            \n\n<div class=\"kksr-icon\" style=\"width: 24px; height: 24px;\"><\/div>\n        <\/div>\n    <\/div>\n<\/div>\n                \n\n<div class=\"kksr-legend\" style=\"font-size: 19.2px;\">\n            <span class=\"kksr-muted\">\u0906\u0915\u0932\u0928<\/span>\n    <\/div>\n    <\/div>","protected":false},"excerpt":{"rendered":"<p>Pol\u00edtica de Privacidad | Edulcodiet S.L. POL\u00cdTICA DE PRIVACIDAD \u2013 EDULCODIET S.L. Actualizada el 7&nbsp;de&nbsp;julio&nbsp;de&nbsp;2025 1.&nbsp;COMPROMISO DE PRIVACIDAD Esta Pol\u00edtica describe c\u00f3mo EDULCODIET&nbsp;S.L. (en adelante, \u201cEdulcodiet\u201d) recopila y trata los datos personales de los usuarios del sitio web https:\/\/edulcodiet.com\/ (en adelante, \u201cSitio&nbsp;Web\u201d). Nos comprometemos a proteger su informaci\u00f3n conforme a la normativa vigente y a [&hellip;]<\/p>\n","protected":false},"author":1,"featured_media":0,"parent":0,"menu_order":0,"comment_status":"closed","ping_status":"closed","template":"","meta":{"content-type":"","footnotes":""},"class_list":["post-1565","page","type-page","status-publish","hentry"],"_links":{"self":[{"href":"https:\/\/edulcodiet.com\/hi\/wp-json\/wp\/v2\/pages\/1565","targetHints":{"allow":["GET"]}}],"collection":[{"href":"https:\/\/edulcodiet.com\/hi\/wp-json\/wp\/v2\/pages"}],"about":[{"href":"https:\/\/edulcodiet.com\/hi\/wp-json\/wp\/v2\/types\/page"}],"author":[{"embeddable":true,"href":"https:\/\/edulcodiet.com\/hi\/wp-json\/wp\/v2\/users\/1"}],"replies":[{"embeddable":true,"href":"https:\/\/edulcodiet.com\/hi\/wp-json\/wp\/v2\/comments?post=1565"}],"version-history":[{"count":0,"href":"https:\/\/edulcodiet.com\/hi\/wp-json\/wp\/v2\/pages\/1565\/revisions"}],"wp:attachment":[{"href":"https:\/\/edulcodiet.com\/hi\/wp-json\/wp\/v2\/media?parent=1565"}],"curies":[{"name":"\u0921\u092c\u094d\u0932\u094d\u092f\u0942\u092a\u0940","href":"https:\/\/api.w.org\/{rel}","templated":true}]}}