{"id":1565,"date":"2025-07-07T15:34:22","date_gmt":"2025-07-07T15:34:22","guid":{"rendered":"https:\/\/edulcodiet.com\/?page_id=1565"},"modified":"2025-07-15T15:23:34","modified_gmt":"2025-07-15T15:23:34","slug":"politique-de-confidentialite-3","status":"publish","type":"page","link":"https:\/\/edulcodiet.com\/fr\/politique-de-confidentialite-3\/","title":{"rendered":"politique de confidentialit\u00e9"},"content":{"rendered":"<div data-elementor-type=\"wp-page\" data-elementor-id=\"1565\" class=\"elementor elementor-1565\" data-elementor-post-type=\"page\">\n\t\t\t\t<div data-particle_enable=\"false\" data-particle-mobile-disabled=\"false\" class=\"elementor-element elementor-element-68ab70c e-flex e-con-boxed e-con e-parent\" data-id=\"68ab70c\" data-element_type=\"container\" data-e-type=\"container\">\n\t\t\t\t\t<div class=\"e-con-inner\">\n\t\t\t\t<div class=\"elementor-element elementor-element-f936c51 elementor-widget elementor-widget-html\" data-id=\"f936c51\" data-element_type=\"widget\" data-e-type=\"widget\" data-widget_type=\"html.default\">\n\t\t\t\t\t<!DOCTYPE html>\n<html lang=\"es\">\n<head>\n  <meta charset=\"UTF-8\">\n  <title>Politique de confidentialit\u00e9 | Edulcodiet SL<\/title>\n  <meta name=\"viewport\" content=\"width=device-width, initial-scale=1.0\">\n  <style>\n    body{font-family:Arial,Helvetica,sans-serif;line-height:1.6;margin:20px;color:#222;}\n    h1{font-size:1.8rem;text-align:center;margin-bottom:1rem;}\n    h2{font-size:1.35rem;margin-top:1.5rem;}\n    ul{margin-left:1.2rem;}\n    strong{font-weight:700;}\n    .section{margin-bottom:2rem;}\n  <\/style>\n<\/head>\n<body data-rsssl=1>\n\n<h1><strong>POLITIQUE DE CONFIDENTIALIT\u00c9 \u2013 EDULCODIET SL<\/strong><\/h1>\n<p style=\"text-align:center;\"><em>Mis \u00e0 jour le 7 juillet 2025<\/em><\/p>\n\n<div class=\"section\">\n  <h2><strong>1. ENGAGEMENT DE CONFIDENTIALIT\u00c9<\/strong><\/h2>\n  <p>Cette politique d\u00e9crit comment <strong>EDULCODIET SL<\/strong> (ci-apr\u00e8s, \u00ab<strong>Edulcodiet<\/strong>\u00ab\u00a0\u00bb collecte et traite les donn\u00e9es personnelles des utilisateurs du site Web <a href=\"https:\/\/edulcodiet.com\/fr\">https:\/\/edulcodiet.com\/<\/a> (ci-apr\u00e8s, \u00ab<strong>Site web<\/strong>\u00ab ). Nous nous engageons \u00e0 prot\u00e9ger vos informations conform\u00e9ment \u00e0 la r\u00e9glementation en vigueur et comme indiqu\u00e9 dans le pr\u00e9sent document.<\/p>\n<\/div>\n\n<div class=\"section\">\n  <h2><strong>2. INFORMATIONS QUE NOUS COLLECTONS<\/strong><\/h2>\n  <ul>\n    <li><strong>Donn\u00e9es d&#039;identification :<\/strong> nom et pr\u00e9nom.<\/li>\n    <li><strong>Coordonn\u00e9es:<\/strong> email, t\u00e9l\u00e9phone, adresse.<\/li>\n    <li><strong>D\u00e9mographie<\/strong> (le cas \u00e9ch\u00e9ant).<\/li>\n    <li><strong>Informations de facturation ou d&#039;exp\u00e9dition<\/strong> lorsque cela est n\u00e9cessaire pour traiter les commandes.<\/li>\n  <\/ul>\n<\/div>\n\n<div class=\"section\">\n  <h2><strong>3. FINALIT\u00c9 ET BASE JURIDIQUE DU TRAITEMENT<\/strong><\/h2>\n  <p>Nous utilisons les informations pour :<\/p>\n  <ul>\n    <li>Fournir des services et g\u00e9rer les commandes.<\/li>\n    <li>Tenir \u00e0 jour les dossiers des utilisateurs et am\u00e9liorer les produits.<\/li>\n    <li>Envoyer des communications commerciales (offres, actualit\u00e9s) que vous pouvez annuler \u00e0 tout moment.<\/li>\n    <li>Assurer la s\u00e9curit\u00e9 du Site.<\/li>\n  <\/ul>\n  <p>La l\u00e9gitimation est bas\u00e9e sur l&#039;ex\u00e9cution d&#039;un contrat, le consentement de l&#039;int\u00e9ress\u00e9 et l&#039;int\u00e9r\u00eat l\u00e9gitime d&#039;Edulcodiet.<\/p>\n<\/div>\n\n<div class=\"section\">\n  <h2><strong>4. S\u00c9CURIT\u00c9 DES DONN\u00c9ES<\/strong><\/h2>\n  <p>Edulcodiet applique des mesures techniques et organisationnelles avanc\u00e9es pour emp\u00eacher l&#039;acc\u00e8s non autoris\u00e9, la perte ou l&#039;alt\u00e9ration des informations personnelles.<\/p>\n<\/div>\n\n<div class=\"section\">\n  <h2><strong>5. COOKIES<\/strong><\/h2>\n  <p>Ce site web utilise des cookies pour analyser le trafic et am\u00e9liorer l&#039;exp\u00e9rience utilisateur. Vous pouvez accepter, configurer ou refuser les cookies dans votre navigateur. Les d\u00e9sactiver compl\u00e8tement pourrait limiter certaines fonctionnalit\u00e9s.<\/p>\n<\/div>\n\n<div class=\"section\">\n  <h2><strong>6. LIENS VERS DES TIERS<\/strong><\/h2>\n  <p>Lorsque vous cliquez sur des liens externes, Edulcodiet ne contr\u00f4le ni n&#039;est responsable des politiques de confidentialit\u00e9 de ces sites. Veuillez consulter leurs conditions avant de fournir toute information.<\/p>\n<\/div>\n\n<div class=\"section\">\n  <h2><strong>7. DROITS DES UTILISATEURS<\/strong><\/h2>\n  <p>Vous pouvez exercer les droits de <strong>acc\u00e8s, rectification, suppression, opposition, limitation et portabilit\u00e9<\/strong> en envoyant une demande \u00e0 <a href=\"mailto:info@edulcodiet.com\">info@edulcodiet.com<\/a> ou \u00e0 l&#039;adresse postale indiqu\u00e9e dans les Mentions L\u00e9gales.<\/p>\n<\/div>\n\n<div class=\"section\">\n  <h2><strong>8. TRANSFERT DE DONN\u00c9ES<\/strong><\/h2>\n  <p>Edulcodiet ne vendra ni ne transf\u00e9rera vos donn\u00e9es \u00e0 des tiers sans votre consentement, sauf obligation l\u00e9gale ou d\u00e9cision de justice.<\/p>\n<\/div>\n\n<div class=\"section\">\n  <h2><strong>9. MODIFICATIONS DE LA POLITIQUE<\/strong><\/h2>\n  <p>Edulcodiet peut mettre \u00e0 jour cette politique afin de l&#039;adapter aux \u00e9volutions l\u00e9gislatives ou internes. La date de la version la plus r\u00e9cente sera indiqu\u00e9e.<\/p>\n<\/div>\n\n<div class=\"section\">\n  <h2><strong>10. CONTACT<\/strong><\/h2>\n  <p><strong>EDULCODIET SL<\/strong><br>\n     Zone industrielle, route int\u00e9rieure priv\u00e9e 1 Entrep\u00f4t<br>\n     43152 Perafort (Tarragone)<br>\n     Mail: <a href=\"mailto:info@edulcodiet.com\">info@edulcodiet.com<\/a><\/p>\n<\/div>\n\n<\/body>\n<\/html>\n\t\t\t\t<\/div>\n\t\t\t\t\t<\/div>\n\t\t\t\t<\/div>\n\t\t\t\t<\/div>\n\t\t\n\n<div class=\"kk-star-ratings kksr-auto kksr-align-center kksr-valign-bottom\"\n    data-payload='{&quot;align&quot;:&quot;center&quot;,&quot;id&quot;:&quot;1565&quot;,&quot;slug&quot;:&quot;default&quot;,&quot;valign&quot;:&quot;bottom&quot;,&quot;ignore&quot;:&quot;&quot;,&quot;reference&quot;:&quot;auto&quot;,&quot;class&quot;:&quot;&quot;,&quot;count&quot;:&quot;0&quot;,&quot;legendonly&quot;:&quot;&quot;,&quot;readonly&quot;:&quot;&quot;,&quot;score&quot;:&quot;0&quot;,&quot;starsonly&quot;:&quot;&quot;,&quot;best&quot;:&quot;5&quot;,&quot;gap&quot;:&quot;5&quot;,&quot;greet&quot;:&quot;Valoraci\u00f3n&quot;,&quot;legend&quot;:&quot;Gracias por la valoraci\u00f3n&quot;,&quot;size&quot;:&quot;24&quot;,&quot;title&quot;:&quot;Pol\u00edtica de Privacidad&quot;,&quot;width&quot;:&quot;0&quot;,&quot;_legend&quot;:&quot;Gracias por la valoraci\u00f3n&quot;,&quot;font_factor&quot;:&quot;1.25&quot;}'>\n            \n<div class=\"kksr-stars\">\n    \n<div class=\"kksr-stars-inactive\">\n            <div class=\"kksr-star\" data-star=\"1\" style=\"padding-right: 5px\">\n            \n\n<div class=\"kksr-icon\" style=\"width: 24px; height: 24px;\"><\/div>\n        <\/div>\n            <div class=\"kksr-star\" data-star=\"2\" style=\"padding-right: 5px\">\n            \n\n<div class=\"kksr-icon\" style=\"width: 24px; height: 24px;\"><\/div>\n        <\/div>\n            <div class=\"kksr-star\" data-star=\"3\" style=\"padding-right: 5px\">\n            \n\n<div class=\"kksr-icon\" style=\"width: 24px; height: 24px;\"><\/div>\n        <\/div>\n            <div class=\"kksr-star\" data-star=\"4\" style=\"padding-right: 5px\">\n            \n\n<div class=\"kksr-icon\" style=\"width: 24px; height: 24px;\"><\/div>\n        <\/div>\n            <div class=\"kksr-star\" data-star=\"5\" style=\"padding-right: 5px\">\n            \n\n<div class=\"kksr-icon\" style=\"width: 24px; height: 24px;\"><\/div>\n        <\/div>\n    <\/div>\n    \n<div class=\"kksr-stars-active\" style=\"width: 0px;\">\n            <div class=\"kksr-star\" style=\"padding-right: 5px\">\n            \n\n<div class=\"kksr-icon\" style=\"width: 24px; height: 24px;\"><\/div>\n        <\/div>\n            <div class=\"kksr-star\" style=\"padding-right: 5px\">\n            \n\n<div class=\"kksr-icon\" style=\"width: 24px; height: 24px;\"><\/div>\n        <\/div>\n            <div class=\"kksr-star\" style=\"padding-right: 5px\">\n            \n\n<div class=\"kksr-icon\" style=\"width: 24px; height: 24px;\"><\/div>\n        <\/div>\n            <div class=\"kksr-star\" style=\"padding-right: 5px\">\n            \n\n<div class=\"kksr-icon\" style=\"width: 24px; height: 24px;\"><\/div>\n        <\/div>\n            <div class=\"kksr-star\" style=\"padding-right: 5px\">\n            \n\n<div class=\"kksr-icon\" style=\"width: 24px; height: 24px;\"><\/div>\n        <\/div>\n    <\/div>\n<\/div>\n                \n\n<div class=\"kksr-legend\" style=\"font-size: 19.2px;\">\n            <span class=\"kksr-muted\">\u00c9valuation<\/span>\n    <\/div>\n    <\/div>","protected":false},"excerpt":{"rendered":"<p>Pol\u00edtica de Privacidad | Edulcodiet S.L. POL\u00cdTICA DE PRIVACIDAD \u2013 EDULCODIET S.L. Actualizada el 7&nbsp;de&nbsp;julio&nbsp;de&nbsp;2025 1.&nbsp;COMPROMISO DE PRIVACIDAD Esta Pol\u00edtica describe c\u00f3mo EDULCODIET&nbsp;S.L. (en adelante, \u201cEdulcodiet\u201d) recopila y trata los datos personales de los usuarios del sitio web https:\/\/edulcodiet.com\/ (en adelante, \u201cSitio&nbsp;Web\u201d). Nos comprometemos a proteger su informaci\u00f3n conforme a la normativa vigente y a [&hellip;]<\/p>\n","protected":false},"author":1,"featured_media":0,"parent":0,"menu_order":0,"comment_status":"closed","ping_status":"closed","template":"","meta":{"content-type":"","footnotes":""},"class_list":["post-1565","page","type-page","status-publish","hentry"],"_links":{"self":[{"href":"https:\/\/edulcodiet.com\/fr\/wp-json\/wp\/v2\/pages\/1565","targetHints":{"allow":["GET"]}}],"collection":[{"href":"https:\/\/edulcodiet.com\/fr\/wp-json\/wp\/v2\/pages"}],"about":[{"href":"https:\/\/edulcodiet.com\/fr\/wp-json\/wp\/v2\/types\/page"}],"author":[{"embeddable":true,"href":"https:\/\/edulcodiet.com\/fr\/wp-json\/wp\/v2\/users\/1"}],"replies":[{"embeddable":true,"href":"https:\/\/edulcodiet.com\/fr\/wp-json\/wp\/v2\/comments?post=1565"}],"version-history":[{"count":0,"href":"https:\/\/edulcodiet.com\/fr\/wp-json\/wp\/v2\/pages\/1565\/revisions"}],"wp:attachment":[{"href":"https:\/\/edulcodiet.com\/fr\/wp-json\/wp\/v2\/media?parent=1565"}],"curies":[{"name":"wp","href":"https:\/\/api.w.org\/{rel}","templated":true}]}}