{"id":1571,"date":"2025-07-07T15:36:15","date_gmt":"2025-07-07T15:36:15","guid":{"rendered":"https:\/\/edulcodiet.com\/?page_id=1571"},"modified":"2025-07-14T18:15:53","modified_gmt":"2025-07-14T18:15:53","slug":"%cf%80%ce%bf%ce%bb%ce%b9%cf%84%ce%b9%ce%ba%ce%ae-%ce%b3%ce%b9%ce%b1-%cf%84%ce%b1-cookie","status":"publish","type":"page","link":"https:\/\/edulcodiet.com\/el\/%cf%80%ce%bf%ce%bb%ce%b9%cf%84%ce%b9%ce%ba%ce%ae-%ce%b3%ce%b9%ce%b1-%cf%84%ce%b1-cookie\/","title":{"rendered":"\u03a0\u03bf\u03bb\u03b9\u03c4\u03b9\u03ba\u03ae \u03b3\u03b9\u03b1 \u03c4\u03b1 cookie"},"content":{"rendered":"<div data-elementor-type=\"wp-page\" data-elementor-id=\"1571\" class=\"elementor elementor-1571\" data-elementor-post-type=\"page\">\n\t\t\t\t<div data-particle_enable=\"false\" data-particle-mobile-disabled=\"false\" class=\"elementor-element elementor-element-4befc3f e-flex e-con-boxed e-con e-parent\" data-id=\"4befc3f\" data-element_type=\"container\" data-e-type=\"container\">\n\t\t\t\t\t<div class=\"e-con-inner\">\n\t\t\t\t<div class=\"elementor-element elementor-element-35054c6 elementor-widget elementor-widget-html\" data-id=\"35054c6\" data-element_type=\"widget\" data-e-type=\"widget\" data-widget_type=\"html.default\">\n\t\t\t\t\t``html`\n<!DOCTYPE html>\n<html lang=\"es\">\n<head>\n  <meta charset=\"UTF-8\">\n  <title>\u03a0\u03bf\u03bb\u03b9\u03c4\u03b9\u03ba\u03ae \u03b3\u03b9\u03b1 \u03c4\u03b1 Cookies | Edulcodiet SL<\/title>\n  <meta name=\"viewport\" content=\"width=device-width, initial-scale=1.0\">\n  <style>\n    body{font-family:Arial,Helvetica,sans-serif;line-height:1.6;margin:20px;color:#222;}\n    h1{font-size:1.8rem;text-align:center;margin-bottom:1rem;}\n    h2{font-size:1.35rem;margin-top:1.5rem;}\n    table{width:100%;border-collapse:collapse;font-size:.95rem;margin-top:1rem;}\n    th,td{border:1px solid #ccc;padding:8px;text-align:left;}\n    th{background:#f3f3f3;}\n    ul{margin-left:1.3rem;}\n    strong{font-weight:700;}\n  <\/style>\n<\/head>\n<body data-rsssl=1>\n\n<h1><strong>\u03a0\u039f\u039b\u0399\u03a4\u0399\u039a\u0397 \u0393\u0399\u0391 \u03a4\u0391 COOKIES \u2013 EDULCODIET SL<\/strong><\/h1>\n<p>\u03a4\u03b5\u03bb\u03b5\u03c5\u03c4\u03b1\u03af\u03b1 \u03b5\u03bd\u03b7\u03bc\u03ad\u03c1\u03c9\u03c3\u03b7: 7 \u0399\u03bf\u03c5\u03bb\u03af\u03bf\u03c5 2025<\/p>\n\n<h2><strong>1. \u03a4\u0399 \u0395\u0399\u039d\u0391\u0399 \u03a4\u0391 COOKIES;<\/strong><\/h2>\n<p>\u03a4\u03b1 cookies \u03b5\u03af\u03bd\u03b1\u03b9 \u03b1\u03c1\u03c7\u03b5\u03af\u03b1 \u03ba\u03b5\u03b9\u03bc\u03ad\u03bd\u03bf\u03c5 \u03c0\u03bf\u03c5 \u03ad\u03bd\u03b1\u03c2 \u03b9\u03c3\u03c4\u03cc\u03c4\u03bf\u03c0\u03bf\u03c2 \u03c4\u03bf\u03c0\u03bf\u03b8\u03b5\u03c4\u03b5\u03af \u03c3\u03c4\u03b7 \u03c3\u03c5\u03c3\u03ba\u03b5\u03c5\u03ae \u03b5\u03bd\u03cc\u03c2 \u03c7\u03c1\u03ae\u03c3\u03c4\u03b7 \u03b3\u03b9\u03b1 \u03bd\u03b1 \u03c3\u03c5\u03bb\u03bb\u03ad\u03b3\u03b5\u03b9 \u03ba\u03b1\u03b9 \u03bd\u03b1 \u03b1\u03bd\u03b1\u03ba\u03c4\u03ac \u03c0\u03bb\u03b7\u03c1\u03bf\u03c6\u03bf\u03c1\u03af\u03b5\u03c2 \u03c3\u03c7\u03b5\u03c4\u03b9\u03ba\u03ac \u03bc\u03b5 \u03c4\u03b7\u03bd \u03c0\u03b5\u03c1\u03b9\u03ae\u03b3\u03b7\u03c3\u03ae \u03c4\u03bf\u03c5. \u03a7\u03c1\u03b7\u03c3\u03b9\u03bc\u03bf\u03c0\u03bf\u03b9\u03bf\u03cd\u03bd\u03c4\u03b1\u03b9, \u03bc\u03b5\u03c4\u03b1\u03be\u03cd \u03ac\u03bb\u03bb\u03c9\u03bd, \u03b3\u03b9\u03b1 \u03bd\u03b1 \u03b8\u03c5\u03bc\u03bf\u03cd\u03bd\u03c4\u03b1\u03b9 \u03c4\u03b9\u03c2 \u03c0\u03c1\u03bf\u03c4\u03b9\u03bc\u03ae\u03c3\u03b5\u03b9\u03c2 \u03ae \u03bd\u03b1 \u03bc\u03b5\u03c4\u03c1\u03bf\u03cd\u03bd \u03c4\u03bf \u03ba\u03bf\u03b9\u03bd\u03cc.<\/p>\n\n<h2><strong>2. \u03a0\u039f\u0399\u0391 COOKIES \u03a7\u03a1\u0397\u03a3\u0399\u039c\u039f\u03a0\u039f\u0399\u039f\u03a5\u039c\u0395;<\/strong><\/h2>\n\n<table>\n  <thead>\n    <tr>\n      <th>\u03a4\u03cd\u03c0\u03bf\u03c2 cookie<\/th>\n      <th>\u03a3\u03ba\u03bf\u03c0\u03cc\u03c2<\/th>\n      <th>\u03a0\u03b1\u03c1\u03b1\u03b4\u03b5\u03af\u03b3\u03bc\u03b1\u03c4\u03b1 \/ \u03a0\u03c1\u03bf\u03bc\u03b7\u03b8\u03b5\u03c5\u03c4\u03ae\u03c2<\/th>\n      <th>\u0394\u03b9\u03ac\u03c1\u03ba\u03b5\u03b9\u03b1<\/th>\n    <\/tr>\n  <\/thead>\n  <tbody>\n    <!-- T\u00e9cnicas -->\n    <tr>\n      <td><strong>\u03a4\u03b5\u03c7\u03bd\u03b9\u03ba\u03ad\u03c2<\/strong><\/td>\n      <td>\u0395\u03c0\u03b9\u03c4\u03c1\u03ad\u03c0\u03bf\u03c5\u03bd \u03c4\u03b7 \u03b2\u03b1\u03c3\u03b9\u03ba\u03ae \u03bb\u03b5\u03b9\u03c4\u03bf\u03c5\u03c1\u03b3\u03af\u03b1 \u03c4\u03bf\u03c5 \u03b9\u03c3\u03c4\u03cc\u03c4\u03bf\u03c0\u03bf\u03c5 \u03ba\u03b1\u03b9 \u03c4\u03b7 \u03b4\u03b9\u03b1\u03c7\u03b5\u03af\u03c1\u03b9\u03c3\u03b7 \u03c3\u03c5\u03bd\u03b5\u03b4\u03c1\u03b9\u03ce\u03bd.<\/td>\n      <td>PHPSESSID, cookieConsent, wp-wpml_current_language<\/td>\n      <td>\u03a3\u03c5\u03bd\u03b5\u03b4\u03c1\u03af\u03b1 \/ 1 \u03ad\u03c4\u03bf\u03c2<\/td>\n    <\/tr>\n    <!-- Anal\u00edticas -->\n    <tr>\n      <td><strong>\u0391\u03bd\u03b1\u03bb\u03c5\u03c4\u03b9\u03ba\u03ac \u03c3\u03c4\u03bf\u03b9\u03c7\u03b5\u03af\u03b1<\/strong><\/td>\n      <td>\u0391\u03bd\u03ce\u03bd\u03c5\u03bc\u03b7 \u03bc\u03ad\u03c4\u03c1\u03b7\u03c3\u03b7 \u03b5\u03c0\u03b9\u03c3\u03ba\u03b5\u03c8\u03b9\u03bc\u03cc\u03c4\u03b7\u03c4\u03b1\u03c2 \u03ba\u03b1\u03b9 \u03c3\u03c5\u03bc\u03c0\u03b5\u03c1\u03b9\u03c6\u03bf\u03c1\u03ac\u03c2 \u03b3\u03b9\u03b1 \u03b2\u03b5\u03bb\u03c4\u03b9\u03c3\u03c4\u03bf\u03c0\u03bf\u03af\u03b7\u03c3\u03b7 \u03c4\u03b7\u03c2 \u03b4\u03b7\u03bc\u03b9\u03bf\u03c5\u03c1\u03b3\u03af\u03b1\u03c2 \u03b4\u03c5\u03bd\u03b7\u03c4\u03b9\u03ba\u03ce\u03bd \u03c0\u03b5\u03bb\u03b1\u03c4\u03ce\u03bd.<\/td>\n      <td>Google Analytics: _ga, _gid, _gat<\/td>\n      <td>24 \u03bc\u03ae\u03bd\u03b5\u03c2 \/ 24 \u03ce\u03c1\u03b5\u03c2 \/ 1 \u03bb\u03b5\u03c0\u03c4\u03cc<\/td>\n    <\/tr>\n    <!-- Publicitarias -->\n    <tr>\n      <td><strong>\u0394\u03b9\u03b1\u03c6\u03ae\u03bc\u03b9\u03c3\u03b7<\/strong><\/td>\n      <td>\u0395\u03c0\u03b1\u03bd\u03b1\u03bb\u03b7\u03c0\u03c4\u03b9\u03ba\u03cc \u03bc\u03ac\u03c1\u03ba\u03b5\u03c4\u03b9\u03bd\u03b3\u03ba \u03ba\u03b1\u03b9 \u03b5\u03be\u03b1\u03c4\u03bf\u03bc\u03af\u03ba\u03b5\u03c5\u03c3\u03b7 \u03b4\u03b9\u03b1\u03c6\u03b7\u03bc\u03af\u03c3\u03b5\u03c9\u03bd \u03c3\u03b5 \u03ba\u03b1\u03bc\u03c0\u03ac\u03bd\u03b9\u03b5\u03c2.<\/td>\n      <td>IDE \u03b4\u03b9\u03b1\u03c6\u03b7\u03bc\u03af\u03c3\u03b5\u03c9\u03bd Google, Meta Pixel _fbp<\/td>\n      <td>90 \u03b7\u03bc\u03ad\u03c1\u03b5\u03c2<\/td>\n    <\/tr>\n    <!-- HubSpot tracking -->\n    <tr>\n      <td><strong>HubSpot \u2013 \u03a0\u03b1\u03c1\u03b1\u03ba\u03bf\u03bb\u03bf\u03cd\u03b8\u03b7\u03c3\u03b7<\/strong><\/td>\n      <td>\u03a0\u03c1\u03bf\u03c3\u03b4\u03b9\u03bf\u03c1\u03af\u03c3\u03c4\u03b5 \u03c4\u03bf\u03c5\u03c2 \u03b5\u03c0\u03b9\u03c3\u03ba\u03ad\u03c0\u03c4\u03b5\u03c2 \u03ba\u03b1\u03b9 \u03ba\u03b1\u03c4\u03b1\u03b3\u03c1\u03ac\u03c8\u03c4\u03b5 \u03c4\u03b9\u03c2 \u03c3\u03c5\u03bd\u03b5\u03b4\u03c1\u03af\u03b5\u03c2 \u03b3\u03b9\u03b1 \u03b1\u03bd\u03b1\u03bb\u03c5\u03c4\u03b9\u03ba\u03ac \u03c3\u03c4\u03bf\u03b9\u03c7\u03b5\u03af\u03b1 \u03c5\u03c0\u03bf\u03c8\u03ae\u03c6\u03b9\u03c9\u03bd \u03c0\u03b5\u03bb\u03b1\u03c4\u03ce\u03bd.<\/td>\n      <td>hubspotutk<\/td>\n      <td>13 \u03bc\u03ae\u03bd\u03b5\u03c2<\/td>\n    <\/tr>\n    <!-- HubSpot sesi\u00f3n -->\n    <tr>\n      <td><strong>HubSpot \u2013 \u03a3\u03c5\u03bd\u03b5\u03b4\u03c1\u03af\u03b1<\/strong><\/td>\n      <td>\u0394\u03b9\u03b1\u03c4\u03ae\u03c1\u03b7\u03c3\u03b7 \u03c4\u03b7\u03c2 \u03ba\u03b1\u03c4\u03ac\u03c3\u03c4\u03b1\u03c3\u03b7\u03c2 \u03c0\u03b5\u03c1\u03b9\u03cc\u03b4\u03bf\u03c5 \u03c3\u03cd\u03bd\u03b4\u03b5\u03c3\u03b7\u03c2 \u03ba\u03b1\u03b9 \u03c4\u03bf\u03c5 \u03b1\u03c1\u03b9\u03b8\u03bc\u03bf\u03cd \u03b5\u03c0\u03b9\u03c3\u03ba\u03ad\u03c8\u03b5\u03c9\u03bd.<\/td>\n      <td>__hstc, __hssrc<\/td>\n      <td>13 \u03bc\u03ae\u03bd\u03b5\u03c2 \/ \u03a3\u03c5\u03bd\u03b5\u03b4\u03c1\u03af\u03b1<\/td>\n    <\/tr>\n    <tr>\n      <td><strong>HubSpot \u2013 \u0391\u03c0\u03cc\u03b4\u03bf\u03c3\u03b7<\/strong><\/td>\n      <td>\u03a1\u03c5\u03b8\u03bc\u03af\u03c3\u03c4\u03b5 \u03c4\u03b7\u03bd \u03c4\u03b1\u03c7\u03cd\u03c4\u03b7\u03c4\u03b1 \u03c4\u03c9\u03bd \u03b1\u03b9\u03c4\u03b7\u03bc\u03ac\u03c4\u03c9\u03bd \u03ba\u03b1\u03b9 \u03b1\u03c0\u03bf\u03c6\u03cd\u03b3\u03b5\u03c4\u03b5 \u03c4\u03b7\u03bd \u03c5\u03c0\u03b5\u03c1\u03c6\u03cc\u03c1\u03c4\u03c9\u03c3\u03b7.<\/td>\n      <td>__hssc<\/td>\n      <td>30 \u03bb\u03b5\u03c0\u03c4\u03ac<\/td>\n    <\/tr>\n    <!-- Preferencias -->\n    <tr>\n      <td><strong>\u03a0\u03c1\u03bf\u03c4\u03b9\u03bc\u03ae\u03c3\u03b5\u03b9\u03c2<\/strong><\/td>\n      <td>\u0391\u03c0\u03bf\u03b8\u03b7\u03ba\u03b5\u03cd\u03c3\u03c4\u03b5 \u03c4\u03b9\u03c2 \u03c1\u03c5\u03b8\u03bc\u03af\u03c3\u03b5\u03b9\u03c2 \u03b3\u03bb\u03ce\u03c3\u03c3\u03b1\u03c2, \u03b4\u03b9\u03ac\u03c4\u03b1\u03be\u03b7\u03c2 \u03ae \u03c3\u03ba\u03bf\u03c4\u03b5\u03b9\u03bd\u03ae\u03c2 \u03bb\u03b5\u03b9\u03c4\u03bf\u03c5\u03c1\u03b3\u03af\u03b1\u03c2.<\/td>\n      <td>\u03b8\u03ad\u03bc\u03b1, \u03b4\u03b9\u03ac\u03c4\u03b1\u03be\u03b7, \u03c0\u03c1\u03bf\u03c4\u03b9\u03bc\u03ae\u03c3\u03b5\u03b9\u03c2 cookies<\/td>\n      <td>1 \u03ad\u03c4\u03bf\u03c2<\/td>\n    <\/tr>\n    <!-- V\u00eddeo \/ Media -->\n    <tr>\n      <td><strong>\u0392\u03af\u03bd\u03c4\u03b5\u03bf \/ \u039c\u03ad\u03c3\u03b1<\/strong><\/td>\n      <td>\u0395\u03bd\u03c3\u03c9\u03bc\u03b1\u03c4\u03c9\u03bc\u03ad\u03bd\u03b7 \u03b1\u03bd\u03b1\u03c0\u03b1\u03c1\u03b1\u03b3\u03c9\u03b3\u03ae \u03b5\u03be\u03c9\u03c4\u03b5\u03c1\u03b9\u03ba\u03ce\u03bd \u03b2\u03af\u03bd\u03c4\u03b5\u03bf.<\/td>\n      <td>YouTube YSC, VISITOR_INFO1_LIVE<\/td>\n      <td>\u03a3\u03c5\u03bd\u03b5\u03b4\u03c1\u03af\u03b1 \/ 6 \u03bc\u03ae\u03bd\u03b5\u03c2<\/td>\n    <\/tr>\n  <\/tbody>\n<\/table>\n\n<h2><strong>3. \u03a3\u03a5\u0393\u039a\u0391\u03a4\u0391\u0398\u0395\u03a3\u0397<\/strong><\/h2>\n<p>\u038c\u03c4\u03b1\u03bd \u03b1\u03c0\u03bf\u03ba\u03c4\u03ae\u03c3\u03b5\u03c4\u03b5 \u03c0\u03c1\u03cc\u03c3\u03b2\u03b1\u03c3\u03b7 \u03c3\u03c4\u03bf\u03bd \u03b9\u03c3\u03c4\u03cc\u03c4\u03bf\u03c0\u03bf \u03b3\u03b9\u03b1 \u03c0\u03c1\u03ce\u03c4\u03b7 \u03c6\u03bf\u03c1\u03ac, \u03b8\u03b1 \u03b4\u03b5\u03af\u03c4\u03b5 \u03ad\u03bd\u03b1 banner \u03cc\u03c0\u03bf\u03c5 \u03bc\u03c0\u03bf\u03c1\u03b5\u03af\u03c4\u03b5 <strong>\u03b1\u03c0\u03bf\u03b4\u03ad\u03c7\u03bf\u03bc\u03b1\u03b9<\/strong>, <strong>\u03c3\u03c4\u03ae\u03bd\u03c9<\/strong> \u03b5\u03af\u03c4\u03b5 <strong>\u03c0\u03c4\u03ce\u03c3\u03b7<\/strong> \u039c\u03b7 \u03b1\u03c0\u03b1\u03c1\u03b1\u03af\u03c4\u03b7\u03c4\u03b1 cookies. \u039c\u03c0\u03bf\u03c1\u03b5\u03af\u03c4\u03b5 \u03bd\u03b1 \u03b1\u03bb\u03bb\u03ac\u03be\u03b5\u03c4\u03b5 \u03c4\u03b9\u03c2 \u03c0\u03c1\u03bf\u03c4\u03b9\u03bc\u03ae\u03c3\u03b5\u03b9\u03c2 \u03c3\u03b1\u03c2 \u03b1\u03bd\u03ac \u03c0\u03ac\u03c3\u03b1 \u03c3\u03c4\u03b9\u03b3\u03bc\u03ae \u03ba\u03ac\u03bd\u03bf\u03bd\u03c4\u03b1\u03c2 \u03ba\u03bb\u03b9\u03ba \u03c3\u03c4\u03bf\u03bd \u03c3\u03cd\u03bd\u03b4\u03b5\u03c3\u03bc\u03bf &quot;\u03a1\u03cd\u03b8\u03bc\u03b9\u03c3\u03b7 \u03c0\u03b1\u03c1\u03b1\u03bc\u03ad\u03c4\u03c1\u03c9\u03bd cookies&quot; \u03c3\u03c4\u03bf \u03c5\u03c0\u03bf\u03c3\u03ad\u03bb\u03b9\u03b4\u03bf \u03ae \u03b4\u03b9\u03b1\u03b3\u03c1\u03ac\u03c6\u03bf\u03bd\u03c4\u03b1\u03c2 \u03c4\u03b1 cookies \u03b1\u03c0\u03cc \u03c4\u03bf \u03c0\u03c1\u03cc\u03b3\u03c1\u03b1\u03bc\u03bc\u03b1 \u03c0\u03b5\u03c1\u03b9\u03ae\u03b3\u03b7\u03c3\u03ae\u03c2 \u03c3\u03b1\u03c2.<\/p>\n\n<h2><strong>4. \u03a0\u03a9\u03a3 \u039d\u0391 \u0391\u03a0\u0395\u039d\u0395\u03a1\u0393\u039f\u03a0\u039f\u0399\u0397\u03a3\u0395\u03a4\u0395 \u0389 \u039d\u0391 \u0394\u0399\u0391\u0393\u03a1\u0391\u03a6\u0395\u03a4\u0395 \u03a4\u0391 COOKIES<\/strong><\/h2>\n<p>\u0391\u03bd\u03b1\u03c4\u03c1\u03ad\u03be\u03c4\u03b5 \u03c3\u03c4\u03b7 \u03b2\u03bf\u03ae\u03b8\u03b5\u03b9\u03b1 \u03c4\u03bf\u03c5 \u03c0\u03c1\u03bf\u03b3\u03c1\u03ac\u03bc\u03bc\u03b1\u03c4\u03bf\u03c2 \u03c0\u03b5\u03c1\u03b9\u03ae\u03b3\u03b7\u03c3\u03ae\u03c2 \u03c3\u03b1\u03c2 \u03b3\u03b9\u03b1 \u03bd\u03b1 \u03b4\u03b9\u03b1\u03c7\u03b5\u03b9\u03c1\u03b9\u03c3\u03c4\u03b5\u03af\u03c4\u03b5 \u03ae \u03bd\u03b1 \u03b4\u03b9\u03b1\u03b3\u03c1\u03ac\u03c8\u03b5\u03c4\u03b5 \u03c4\u03b1 cookies:<\/p>\n<ul>\n  <li><a href=\"https:\/\/support.google.com\/chrome\/answer\/95647\" target=\"_blank\" rel=\"nofollow noopener\">Google Chrome<\/a><\/li>\n  <li><a href=\"https:\/\/support.mozilla.org\/es\/kb\/habilitar-y-deshabilitar-cookies-sitios-web\" target=\"_blank\" rel=\"nofollow noopener\">Mozilla Firefox<\/a><\/li>\n  <li><a href=\"https:\/\/support.microsoft.com\/es-es\/topic\/administrar-cookies-en-microsoft-edge-63947406-40ac-c3b8-57b9-2a946a29ae09\" target=\"_blank\" rel=\"nofollow noopener\">Microsoft Edge<\/a><\/li>\n  <li><a href=\"https:\/\/support.apple.com\/es-es\/HT201265\" target=\"_blank\" rel=\"nofollow noopener\">\u03a3\u03b1\u03c6\u03ac\u03c1\u03b9<\/a><\/li>\n<\/ul>\n\n<h2><strong>5. \u0394\u0399\u0395\u0398\u039d\u0395\u0399\u03a3 \u039c\u0395\u03a4\u0391\u03a6\u039f\u03a1\u0395\u03a3<\/strong><\/h2>\n<p>\u03a0\u03ac\u03c1\u03bf\u03c7\u03bf\u03b9 \u03cc\u03c0\u03c9\u03c2 \u03b7 Google LLC, \u03b7 Meta Platforms Inc. \u03ae \u03b7 HubSpot Inc. \u03b5\u03bd\u03b4\u03ad\u03c7\u03b5\u03c4\u03b1\u03b9 \u03bd\u03b1 \u03b5\u03c0\u03b5\u03be\u03b5\u03c1\u03b3\u03ac\u03b6\u03bf\u03bd\u03c4\u03b1\u03b9 \u03b4\u03b5\u03b4\u03bf\u03bc\u03ad\u03bd\u03b1 \u03b5\u03ba\u03c4\u03cc\u03c2 \u03c4\u03bf\u03c5 \u0395\u03c5\u03c1\u03c9\u03c0\u03b1\u03ca\u03ba\u03bf\u03cd \u039f\u03b9\u03ba\u03bf\u03bd\u03bf\u03bc\u03b9\u03ba\u03bf\u03cd \u03a7\u03ce\u03c1\u03bf\u03c5. \u0394\u03b9\u03b1\u03c3\u03c6\u03b1\u03bb\u03af\u03b6\u03bf\u03c5\u03bc\u03b5 \u03cc\u03c4\u03b9 \u03bf\u03b9 \u03b5\u03bd \u03bb\u03cc\u03b3\u03c9 \u03bc\u03b5\u03c4\u03b1\u03c6\u03bf\u03c1\u03ad\u03c2 \u03c3\u03c5\u03bc\u03bc\u03bf\u03c1\u03c6\u03ce\u03bd\u03bf\u03bd\u03c4\u03b1\u03b9 \u03bc\u03b5 \u03c4\u03bf\u03c5\u03c2 \u03b9\u03c3\u03c7\u03cd\u03bf\u03bd\u03c4\u03b5\u03c2 \u03bd\u03bf\u03bc\u03b9\u03ba\u03bf\u03cd\u03c2 \u03bc\u03b7\u03c7\u03b1\u03bd\u03b9\u03c3\u03bc\u03bf\u03cd\u03c2 (\u03c4\u03c5\u03c0\u03bf\u03c0\u03bf\u03b9\u03b7\u03bc\u03ad\u03bd\u03b5\u03c2 \u03c3\u03c5\u03bc\u03b2\u03b1\u03c4\u03b9\u03ba\u03ad\u03c2 \u03c1\u03ae\u03c4\u03c1\u03b5\u03c2 \u03ae \u03ac\u03bb\u03bb\u03b5\u03c2 \u03ba\u03b1\u03c4\u03ac\u03bb\u03bb\u03b7\u03bb\u03b5\u03c2 \u03b4\u03b9\u03b1\u03c3\u03c6\u03b1\u03bb\u03af\u03c3\u03b5\u03b9\u03c2).<\/p>\n\n<h2><strong>6. \u03a5\u03a0\u0395\u03a5\u0398\u03a5\u039d\u039f\u03a3 \u0395\u03a0\u0395\u039e\u0395\u03a1\u0393\u0391\u03a3\u0399\u0391\u03a3 \u0394\u0395\u0394\u039f\u039c\u0395\u039d\u03a9\u039d<\/strong><\/h2>\n<p><strong>EDULCODIET SL<\/strong> \u2013 NIF B55553473<br>\n\u0392\u03b9\u03bf\u03bc\u03b7\u03c7\u03b1\u03bd\u03b9\u03ba\u03ae \u03a0\u03b5\u03c1\u03b9\u03bf\u03c7\u03ae, \u0399\u03b4\u03b9\u03c9\u03c4\u03b9\u03ba\u03ae \u0395\u03c3\u03c9\u03c4\u03b5\u03c1\u03b9\u03ba\u03ae \u039f\u03b4\u03cc\u03c2 1 \u0391\u03c0\u03bf\u03b8\u03ae\u03ba\u03b7<br>\n43152 \u03a0\u03b5\u03c1\u03b1\u03c6\u03cc\u03c1 (\u03a4\u03b1\u03c1\u03b1\u03b3\u03cc\u03bd\u03b1)<br>\n\u03a4\u03b1\u03c7\u03c5\u03b4\u03c1\u03bf\u03bc\u03b5\u03af\u03bf: <a href=\"mailto:info@edulcodiet.com\">info@edulcodiet.com<\/a><\/p>\n\n<h2><strong>7. \u0395\u039d\u0397\u039c\u0395\u03a1\u03a9\u03a3\u0395\u0399\u03a3<\/strong><\/h2>\n<p>\u0395\u03bd\u03b4\u03ad\u03c7\u03b5\u03c4\u03b1\u03b9 \u03bd\u03b1 \u03c4\u03c1\u03bf\u03c0\u03bf\u03c0\u03bf\u03b9\u03ae\u03c3\u03bf\u03c5\u03bc\u03b5 \u03c4\u03b7\u03bd \u03c0\u03b1\u03c1\u03bf\u03cd\u03c3\u03b1 \u03a0\u03bf\u03bb\u03b9\u03c4\u03b9\u03ba\u03ae \u03b3\u03b9\u03b1 \u03c4\u03b1 Cookies, \u03ce\u03c3\u03c4\u03b5 \u03bd\u03b1 \u03c4\u03b7\u03bd \u03c0\u03c1\u03bf\u03c3\u03b1\u03c1\u03bc\u03cc\u03c3\u03bf\u03c5\u03bc\u03b5 \u03c3\u03b5 \u03bd\u03bf\u03bc\u03b9\u03ba\u03ad\u03c2 \u03ae \u03c4\u03b5\u03c7\u03bd\u03b9\u03ba\u03ad\u03c2 \u03b1\u03bb\u03bb\u03b1\u03b3\u03ad\u03c2. \u03a0\u03b1\u03c1\u03b1\u03ba\u03b1\u03bb\u03bf\u03cd\u03bc\u03b5 \u03b5\u03bb\u03ad\u03b3\u03be\u03c4\u03b5 \u03c4\u03b7\u03bd \u03b7\u03bc\u03b5\u03c1\u03bf\u03bc\u03b7\u03bd\u03af\u03b1 \u03c4\u03b7\u03c2 \u03c4\u03b5\u03bb\u03b5\u03c5\u03c4\u03b1\u03af\u03b1\u03c2 \u03ad\u03ba\u03b4\u03bf\u03c3\u03b7\u03c2 \u03c0\u03bf\u03c5 \u03b1\u03bd\u03b1\u03c6\u03ad\u03c1\u03b5\u03c4\u03b1\u03b9 \u03c0\u03b1\u03c1\u03b1\u03c0\u03ac\u03bd\u03c9.<\/p>\n\n<\/body>\n<\/html>\n```\n\t\t\t\t<\/div>\n\t\t\t\t\t<\/div>\n\t\t\t\t<\/div>\n\t\t\t\t<\/div>\n\t\t\n\n<div class=\"kk-star-ratings kksr-auto kksr-align-center kksr-valign-bottom\"\n    data-payload='{&quot;align&quot;:&quot;center&quot;,&quot;id&quot;:&quot;1571&quot;,&quot;slug&quot;:&quot;default&quot;,&quot;valign&quot;:&quot;bottom&quot;,&quot;ignore&quot;:&quot;&quot;,&quot;reference&quot;:&quot;auto&quot;,&quot;class&quot;:&quot;&quot;,&quot;count&quot;:&quot;0&quot;,&quot;legendonly&quot;:&quot;&quot;,&quot;readonly&quot;:&quot;&quot;,&quot;score&quot;:&quot;0&quot;,&quot;starsonly&quot;:&quot;&quot;,&quot;best&quot;:&quot;5&quot;,&quot;gap&quot;:&quot;5&quot;,&quot;greet&quot;:&quot;Valoraci\u00f3n&quot;,&quot;legend&quot;:&quot;Gracias por la valoraci\u00f3n&quot;,&quot;size&quot;:&quot;24&quot;,&quot;title&quot;:&quot;Pol\u00edtica de Cookies&quot;,&quot;width&quot;:&quot;0&quot;,&quot;_legend&quot;:&quot;Gracias por la valoraci\u00f3n&quot;,&quot;font_factor&quot;:&quot;1.25&quot;}'>\n            \n<div class=\"kksr-stars\">\n    \n<div class=\"kksr-stars-inactive\">\n            <div class=\"kksr-star\" data-star=\"1\" style=\"padding-right: 5px\">\n            \n\n<div class=\"kksr-icon\" style=\"width: 24px; height: 24px;\"><\/div>\n        <\/div>\n            <div class=\"kksr-star\" data-star=\"2\" style=\"padding-right: 5px\">\n            \n\n<div class=\"kksr-icon\" style=\"width: 24px; height: 24px;\"><\/div>\n        <\/div>\n            <div class=\"kksr-star\" data-star=\"3\" style=\"padding-right: 5px\">\n            \n\n<div class=\"kksr-icon\" style=\"width: 24px; height: 24px;\"><\/div>\n        <\/div>\n            <div class=\"kksr-star\" data-star=\"4\" style=\"padding-right: 5px\">\n            \n\n<div class=\"kksr-icon\" style=\"width: 24px; height: 24px;\"><\/div>\n        <\/div>\n            <div class=\"kksr-star\" data-star=\"5\" style=\"padding-right: 5px\">\n            \n\n<div class=\"kksr-icon\" style=\"width: 24px; height: 24px;\"><\/div>\n        <\/div>\n    <\/div>\n    \n<div class=\"kksr-stars-active\" style=\"width: 0px;\">\n            <div class=\"kksr-star\" style=\"padding-right: 5px\">\n            \n\n<div class=\"kksr-icon\" style=\"width: 24px; height: 24px;\"><\/div>\n        <\/div>\n            <div class=\"kksr-star\" style=\"padding-right: 5px\">\n            \n\n<div class=\"kksr-icon\" style=\"width: 24px; height: 24px;\"><\/div>\n        <\/div>\n            <div class=\"kksr-star\" style=\"padding-right: 5px\">\n            \n\n<div class=\"kksr-icon\" style=\"width: 24px; height: 24px;\"><\/div>\n        <\/div>\n            <div class=\"kksr-star\" style=\"padding-right: 5px\">\n            \n\n<div class=\"kksr-icon\" style=\"width: 24px; height: 24px;\"><\/div>\n        <\/div>\n            <div class=\"kksr-star\" style=\"padding-right: 5px\">\n            \n\n<div class=\"kksr-icon\" style=\"width: 24px; height: 24px;\"><\/div>\n        <\/div>\n    <\/div>\n<\/div>\n                \n\n<div class=\"kksr-legend\" style=\"font-size: 19.2px;\">\n            <span class=\"kksr-muted\">\u0395\u03ba\u03c4\u03af\u03bc\u03b7\u03c3\u03b7<\/span>\n    <\/div>\n    <\/div>","protected":false},"excerpt":{"rendered":"<p>\u00ab`html Pol\u00edtica de Cookies | Edulcodiet S.L. POL\u00cdTICA DE COOKIES \u2013 EDULCODIET S.L. \u00daltima actualizaci\u00f3n: 7&nbsp;de&nbsp;julio&nbsp;de&nbsp;2025 1.&nbsp;\u00bfQU\u00c9 SON LAS COOKIES? Las cookies son archivos de texto que un sitio web instala en el dispositivo del usuario para recoger y recuperar informaci\u00f3n sobre su navegaci\u00f3n. Sirven, entre otras cosas, para recordar preferencias o medir la audiencia. [&hellip;]<\/p>\n","protected":false},"author":1,"featured_media":0,"parent":0,"menu_order":0,"comment_status":"closed","ping_status":"closed","template":"","meta":{"content-type":"","footnotes":""},"class_list":["post-1571","page","type-page","status-publish","hentry"],"_links":{"self":[{"href":"https:\/\/edulcodiet.com\/el\/wp-json\/wp\/v2\/pages\/1571","targetHints":{"allow":["GET"]}}],"collection":[{"href":"https:\/\/edulcodiet.com\/el\/wp-json\/wp\/v2\/pages"}],"about":[{"href":"https:\/\/edulcodiet.com\/el\/wp-json\/wp\/v2\/types\/page"}],"author":[{"embeddable":true,"href":"https:\/\/edulcodiet.com\/el\/wp-json\/wp\/v2\/users\/1"}],"replies":[{"embeddable":true,"href":"https:\/\/edulcodiet.com\/el\/wp-json\/wp\/v2\/comments?post=1571"}],"version-history":[{"count":0,"href":"https:\/\/edulcodiet.com\/el\/wp-json\/wp\/v2\/pages\/1571\/revisions"}],"wp:attachment":[{"href":"https:\/\/edulcodiet.com\/el\/wp-json\/wp\/v2\/media?parent=1571"}],"curies":[{"name":"\u03b5\u03c1\u03b3\u03b1\u03c3\u03af\u03b1","href":"https:\/\/api.w.org\/{rel}","templated":true}]}}