{"id":1565,"date":"2025-07-07T15:34:22","date_gmt":"2025-07-07T15:34:22","guid":{"rendered":"https:\/\/edulcodiet.com\/?page_id=1565"},"modified":"2025-07-15T15:23:34","modified_gmt":"2025-07-15T15:23:34","slug":"%cf%80%ce%bf%ce%bb%ce%b9%cf%84%ce%b9%ce%ba%ce%ae-%ce%b1%cf%80%ce%bf%cf%81%cf%81%ce%ae%cf%84%ce%bf%cf%85-2","status":"publish","type":"page","link":"https:\/\/edulcodiet.com\/el\/%cf%80%ce%bf%ce%bb%ce%b9%cf%84%ce%b9%ce%ba%ce%ae-%ce%b1%cf%80%ce%bf%cf%81%cf%81%ce%ae%cf%84%ce%bf%cf%85-2\/","title":{"rendered":"\u03a0\u03bf\u03bb\u03b9\u03c4\u03b9\u03ba\u03ae \u0391\u03c0\u03bf\u03c1\u03c1\u03ae\u03c4\u03bf\u03c5"},"content":{"rendered":"<div data-elementor-type=\"wp-page\" data-elementor-id=\"1565\" class=\"elementor elementor-1565\" data-elementor-post-type=\"page\">\n\t\t\t\t<div data-particle_enable=\"false\" data-particle-mobile-disabled=\"false\" class=\"elementor-element elementor-element-68ab70c e-flex e-con-boxed e-con e-parent\" data-id=\"68ab70c\" data-element_type=\"container\" data-e-type=\"container\">\n\t\t\t\t\t<div class=\"e-con-inner\">\n\t\t\t\t<div class=\"elementor-element elementor-element-f936c51 elementor-widget elementor-widget-html\" data-id=\"f936c51\" data-element_type=\"widget\" data-e-type=\"widget\" data-widget_type=\"html.default\">\n\t\t\t\t\t<!DOCTYPE html>\n<html lang=\"es\">\n<head>\n  <meta charset=\"UTF-8\">\n  <title>\u03a0\u03bf\u03bb\u03b9\u03c4\u03b9\u03ba\u03ae \u0391\u03c0\u03bf\u03c1\u03c1\u03ae\u03c4\u03bf\u03c5 | Edulcodiet SL<\/title>\n  <meta name=\"viewport\" content=\"width=device-width, initial-scale=1.0\">\n  <style>\n    body{font-family:Arial,Helvetica,sans-serif;line-height:1.6;margin:20px;color:#222;}\n    h1{font-size:1.8rem;text-align:center;margin-bottom:1rem;}\n    h2{font-size:1.35rem;margin-top:1.5rem;}\n    ul{margin-left:1.2rem;}\n    strong{font-weight:700;}\n    .section{margin-bottom:2rem;}\n  <\/style>\n<\/head>\n<body data-rsssl=1>\n\n<h1><strong>\u03a0\u039f\u039b\u0399\u03a4\u0399\u039a\u0397 \u0391\u03a0\u039f\u03a1\u03a1\u0397\u03a4\u039f\u03a5 \u2013 EDULCODIET SL<\/strong><\/h1>\n<p style=\"text-align:center;\"><em>\u0395\u03bd\u03b7\u03bc\u03b5\u03c1\u03ce\u03b8\u03b7\u03ba\u03b5 \u03c3\u03c4\u03b9\u03c2 7 \u0399\u03bf\u03c5\u03bb\u03af\u03bf\u03c5 2025<\/em><\/p>\n\n<div class=\"section\">\n  <h2><strong>1. \u0394\u0395\u03a3\u039c\u0395\u03a5\u03a3\u0397 \u0393\u0399\u0391 \u03a4\u0397\u039d \u03a0\u03a1\u039f\u03a3\u03a4\u0391\u03a3\u0399\u0391 \u03a4\u039f\u03a5 \u0391\u03a0\u039f\u03a1\u03a1\u0397\u03a4\u039f\u03a5<\/strong><\/h2>\n  <p>\u0391\u03c5\u03c4\u03ae \u03b7 \u03a0\u03bf\u03bb\u03b9\u03c4\u03b9\u03ba\u03ae \u03c0\u03b5\u03c1\u03b9\u03b3\u03c1\u03ac\u03c6\u03b5\u03b9 \u03c0\u03ce\u03c2 <strong>EDULCODIET SL<\/strong> (\u03b5\u03c6\u03b5\u03be\u03ae\u03c2, \u00ab<strong>Edulcodiet<\/strong>\u00ab) \u03c3\u03c5\u03bb\u03bb\u03ad\u03b3\u03b5\u03b9 \u03ba\u03b1\u03b9 \u03b5\u03c0\u03b5\u03be\u03b5\u03c1\u03b3\u03ac\u03b6\u03b5\u03c4\u03b1\u03b9 \u03c4\u03b1 \u03c0\u03c1\u03bf\u03c3\u03c9\u03c0\u03b9\u03ba\u03ac \u03b4\u03b5\u03b4\u03bf\u03bc\u03ad\u03bd\u03b1 \u03c4\u03c9\u03bd \u03c7\u03c1\u03b7\u03c3\u03c4\u03ce\u03bd \u03c4\u03bf\u03c5 \u03b9\u03c3\u03c4\u03cc\u03c4\u03bf\u03c0\u03bf\u03c5 <a href=\"https:\/\/edulcodiet.com\/el\">https:\/\/edulcodiet.com\/<\/a> (\u03b5\u03c6\u03b5\u03be\u03ae\u03c2, \u00ab<strong>\u0394\u03b9\u03ba\u03c4\u03c5\u03b1\u03ba\u03cc\u03c2 \u03c4\u03cc\u03c0\u03bf\u03c2<\/strong>\u00ab). \u0394\u03b5\u03c3\u03bc\u03b5\u03c5\u03cc\u03bc\u03b1\u03c3\u03c4\u03b5 \u03bd\u03b1 \u03c0\u03c1\u03bf\u03c3\u03c4\u03b1\u03c4\u03b5\u03cd\u03bf\u03c5\u03bc\u03b5 \u03c4\u03b1 \u03c3\u03c4\u03bf\u03b9\u03c7\u03b5\u03af\u03b1 \u03c3\u03b1\u03c2 \u03c3\u03cd\u03bc\u03c6\u03c9\u03bd\u03b1 \u03bc\u03b5 \u03c4\u03bf\u03c5\u03c2 \u03b9\u03c3\u03c7\u03cd\u03bf\u03bd\u03c4\u03b5\u03c2 \u03ba\u03b1\u03bd\u03bf\u03bd\u03b9\u03c3\u03bc\u03bf\u03cd\u03c2 \u03ba\u03b1\u03b9 \u03cc\u03c0\u03c9\u03c2 \u03bf\u03c1\u03af\u03b6\u03b5\u03c4\u03b1\u03b9 \u03c3\u03c4\u03bf \u03c0\u03b1\u03c1\u03cc\u03bd \u03ad\u03b3\u03b3\u03c1\u03b1\u03c6\u03bf.<\/p>\n<\/div>\n\n<div class=\"section\">\n  <h2><strong>2. \u03a0\u039b\u0397\u03a1\u039f\u03a6\u039f\u03a1\u0399\u0395\u03a3 \u03a0\u039f\u03a5 \u03a3\u03a5\u039b\u039b\u0395\u0393\u039f\u03a5\u039c\u0395<\/strong><\/h2>\n  <ul>\n    <li><strong>\u03a3\u03c4\u03bf\u03b9\u03c7\u03b5\u03af\u03b1 \u03c4\u03b1\u03c5\u03c4\u03bf\u03c0\u03bf\u03af\u03b7\u03c3\u03b7\u03c2:<\/strong> \u03cc\u03bd\u03bf\u03bc\u03b1 \u03ba\u03b1\u03b9 \u03b5\u03c0\u03ce\u03bd\u03c5\u03bc\u03bf.<\/li>\n    <li><strong>\u03a3\u03c4\u03bf\u03b9\u03c7\u03b5\u03af\u03b1 \u03b5\u03c0\u03b9\u03ba\u03bf\u03b9\u03bd\u03c9\u03bd\u03af\u03b1\u03c2:<\/strong> \u03b7\u03bb\u03b5\u03ba\u03c4\u03c1\u03bf\u03bd\u03b9\u03ba\u03cc \u03c4\u03b1\u03c7\u03c5\u03b4\u03c1\u03bf\u03bc\u03b5\u03af\u03bf, \u03c4\u03b7\u03bb\u03ad\u03c6\u03c9\u03bd\u03bf, \u03b4\u03b9\u03b5\u03cd\u03b8\u03c5\u03bd\u03c3\u03b7.<\/li>\n    <li><strong>\u0394\u03b7\u03bc\u03bf\u03b3\u03c1\u03b1\u03c6\u03b9\u03ba\u03ac \u03b4\u03b5\u03b4\u03bf\u03bc\u03ad\u03bd\u03b1<\/strong> (\u03b5\u03ac\u03bd \u03b9\u03c3\u03c7\u03cd\u03b5\u03b9).<\/li>\n    <li><strong>\u03a0\u03bb\u03b7\u03c1\u03bf\u03c6\u03bf\u03c1\u03af\u03b5\u03c2 \u03c7\u03c1\u03ad\u03c9\u03c3\u03b7\u03c2 \u03ae \u03b1\u03c0\u03bf\u03c3\u03c4\u03bf\u03bb\u03ae\u03c2<\/strong> \u03cc\u03c4\u03b1\u03bd \u03b5\u03af\u03bd\u03b1\u03b9 \u03b1\u03c0\u03b1\u03c1\u03b1\u03af\u03c4\u03b7\u03c4\u03bf \u03b3\u03b9\u03b1 \u03c4\u03b7\u03bd \u03b5\u03c0\u03b5\u03be\u03b5\u03c1\u03b3\u03b1\u03c3\u03af\u03b1 \u03c0\u03b1\u03c1\u03b1\u03b3\u03b3\u03b5\u03bb\u03b9\u03ce\u03bd.<\/li>\n  <\/ul>\n<\/div>\n\n<div class=\"section\">\n  <h2><strong>3. \u03a3\u039a\u039f\u03a0\u039f\u03a3 \u039a\u0391\u0399 \u039d\u039f\u039c\u0399\u039a\u0397 \u0392\u0391\u03a3\u0397 \u03a4\u0397\u03a3 \u0395\u03a0\u0395\u039e\u0395\u03a1\u0393\u0391\u03a3\u0399\u0391\u03a3<\/strong><\/h2>\n  <p>\u03a7\u03c1\u03b7\u03c3\u03b9\u03bc\u03bf\u03c0\u03bf\u03b9\u03bf\u03cd\u03bc\u03b5 \u03c4\u03b9\u03c2 \u03c0\u03bb\u03b7\u03c1\u03bf\u03c6\u03bf\u03c1\u03af\u03b5\u03c2 \u03b3\u03b9\u03b1 \u03bd\u03b1:<\/p>\n  <ul>\n    <li>\u03a0\u03b1\u03c1\u03bf\u03c7\u03ae \u03c5\u03c0\u03b7\u03c1\u03b5\u03c3\u03b9\u03ce\u03bd \u03ba\u03b1\u03b9 \u03b4\u03b9\u03b1\u03c7\u03b5\u03af\u03c1\u03b9\u03c3\u03b7 \u03c0\u03b1\u03c1\u03b1\u03b3\u03b3\u03b5\u03bb\u03b9\u03ce\u03bd.<\/li>\n    <li>\u0394\u03b9\u03b1\u03c4\u03ae\u03c1\u03b7\u03c3\u03b7 \u03b1\u03c1\u03c7\u03b5\u03af\u03c9\u03bd \u03c7\u03c1\u03b7\u03c3\u03c4\u03ce\u03bd \u03ba\u03b1\u03b9 \u03b2\u03b5\u03bb\u03c4\u03af\u03c9\u03c3\u03b7 \u03c0\u03c1\u03bf\u03ca\u03cc\u03bd\u03c4\u03c9\u03bd.<\/li>\n    <li>\u03a3\u03c4\u03b5\u03af\u03bb\u03c4\u03b5 \u03b5\u03bc\u03c0\u03bf\u03c1\u03b9\u03ba\u03ad\u03c2 \u03b5\u03c0\u03b9\u03ba\u03bf\u03b9\u03bd\u03c9\u03bd\u03af\u03b5\u03c2 (\u03c0\u03c1\u03bf\u03c3\u03c6\u03bf\u03c1\u03ad\u03c2, \u03bd\u03ad\u03b1) \u03c0\u03bf\u03c5 \u03bc\u03c0\u03bf\u03c1\u03b5\u03af\u03c4\u03b5 \u03bd\u03b1 \u03b1\u03ba\u03c5\u03c1\u03ce\u03c3\u03b5\u03c4\u03b5 \u03b1\u03bd\u03ac \u03c0\u03ac\u03c3\u03b1 \u03c3\u03c4\u03b9\u03b3\u03bc\u03ae.<\/li>\n    <li>\u0394\u03b9\u03b1\u03c3\u03c6\u03b1\u03bb\u03af\u03c3\u03c4\u03b5 \u03c4\u03b7\u03bd \u03b1\u03c3\u03c6\u03ac\u03bb\u03b5\u03b9\u03b1 \u03c4\u03bf\u03c5 \u03b9\u03c3\u03c4\u03cc\u03c4\u03bf\u03c0\u03bf\u03c5.<\/li>\n  <\/ul>\n  <p>\u0397 \u03bd\u03bf\u03bc\u03b9\u03bc\u03bf\u03c0\u03bf\u03af\u03b7\u03c3\u03b7 \u03b2\u03b1\u03c3\u03af\u03b6\u03b5\u03c4\u03b1\u03b9 \u03c3\u03c4\u03b7\u03bd \u03b5\u03ba\u03c4\u03ad\u03bb\u03b5\u03c3\u03b7 \u03bc\u03b9\u03b1\u03c2 \u03c3\u03cd\u03bc\u03b2\u03b1\u03c3\u03b7\u03c2, \u03c3\u03c4\u03b7 \u03c3\u03c5\u03b3\u03ba\u03b1\u03c4\u03ac\u03b8\u03b5\u03c3\u03b7 \u03c4\u03bf\u03c5 \u03b5\u03bd\u03b4\u03b9\u03b1\u03c6\u03b5\u03c1\u03cc\u03bc\u03b5\u03bd\u03bf\u03c5 \u03bc\u03ad\u03c1\u03bf\u03c5\u03c2 \u03ba\u03b1\u03b9 \u03c3\u03c4\u03bf \u03ad\u03bd\u03bd\u03bf\u03bc\u03bf \u03c3\u03c5\u03bc\u03c6\u03ad\u03c1\u03bf\u03bd \u03c4\u03b7\u03c2 Edulcodiet.<\/p>\n<\/div>\n\n<div class=\"section\">\n  <h2><strong>4. \u0391\u03a3\u03a6\u0391\u039b\u0395\u0399\u0391 \u0394\u0395\u0394\u039f\u039c\u0395\u039d\u03a9\u039d<\/strong><\/h2>\n  <p>\u0397 Edulcodiet \u03b5\u03c6\u03b1\u03c1\u03bc\u03cc\u03b6\u03b5\u03b9 \u03c0\u03c1\u03bf\u03b7\u03b3\u03bc\u03ad\u03bd\u03b1 \u03c4\u03b5\u03c7\u03bd\u03b9\u03ba\u03ac \u03ba\u03b1\u03b9 \u03bf\u03c1\u03b3\u03b1\u03bd\u03c9\u03c4\u03b9\u03ba\u03ac \u03bc\u03ad\u03c4\u03c1\u03b1 \u03b3\u03b9\u03b1 \u03c4\u03b7\u03bd \u03b1\u03c0\u03bf\u03c4\u03c1\u03bf\u03c0\u03ae \u03bc\u03b7 \u03b5\u03be\u03bf\u03c5\u03c3\u03b9\u03bf\u03b4\u03bf\u03c4\u03b7\u03bc\u03ad\u03bd\u03b7\u03c2 \u03c0\u03c1\u03cc\u03c3\u03b2\u03b1\u03c3\u03b7\u03c2, \u03b1\u03c0\u03ce\u03bb\u03b5\u03b9\u03b1\u03c2 \u03ae \u03b1\u03bb\u03bb\u03bf\u03af\u03c9\u03c3\u03b7\u03c2 \u03c0\u03c1\u03bf\u03c3\u03c9\u03c0\u03b9\u03ba\u03ce\u03bd \u03c0\u03bb\u03b7\u03c1\u03bf\u03c6\u03bf\u03c1\u03b9\u03ce\u03bd.<\/p>\n<\/div>\n\n<div class=\"section\">\n  <h2><strong>5. \u039c\u03a0\u0399\u03a3\u039a\u039f\u03a4\u0391<\/strong><\/h2>\n  <p>\u0391\u03c5\u03c4\u03cc\u03c2 \u03bf \u03b9\u03c3\u03c4\u03cc\u03c4\u03bf\u03c0\u03bf\u03c2 \u03c7\u03c1\u03b7\u03c3\u03b9\u03bc\u03bf\u03c0\u03bf\u03b9\u03b5\u03af cookies \u03b3\u03b9\u03b1 \u03c4\u03b7\u03bd \u03b1\u03bd\u03ac\u03bb\u03c5\u03c3\u03b7 \u03c4\u03b7\u03c2 \u03b5\u03c0\u03b9\u03c3\u03ba\u03b5\u03c8\u03b9\u03bc\u03cc\u03c4\u03b7\u03c4\u03b1\u03c2 \u03ba\u03b1\u03b9 \u03c4\u03b7 \u03b2\u03b5\u03bb\u03c4\u03af\u03c9\u03c3\u03b7 \u03c4\u03b7\u03c2 \u03b5\u03bc\u03c0\u03b5\u03b9\u03c1\u03af\u03b1\u03c2 \u03c7\u03c1\u03ae\u03c3\u03c4\u03b7. \u039c\u03c0\u03bf\u03c1\u03b5\u03af\u03c4\u03b5 \u03bd\u03b1 \u03b1\u03c0\u03bf\u03b4\u03b5\u03c7\u03c4\u03b5\u03af\u03c4\u03b5, \u03bd\u03b1 \u03b4\u03b9\u03b1\u03bc\u03bf\u03c1\u03c6\u03ce\u03c3\u03b5\u03c4\u03b5 \u03ae \u03bd\u03b1 \u03b1\u03c0\u03bf\u03c1\u03c1\u03af\u03c8\u03b5\u03c4\u03b5 \u03c4\u03b1 cookies \u03c3\u03c4\u03bf \u03c0\u03c1\u03cc\u03b3\u03c1\u03b1\u03bc\u03bc\u03b1 \u03c0\u03b5\u03c1\u03b9\u03ae\u03b3\u03b7\u03c3\u03ae\u03c2 \u03c3\u03b1\u03c2. \u0397 \u03c0\u03bb\u03ae\u03c1\u03b7\u03c2 \u03b1\u03c0\u03b5\u03bd\u03b5\u03c1\u03b3\u03bf\u03c0\u03bf\u03af\u03b7\u03c3\u03ae \u03c4\u03bf\u03c5\u03c2 \u03b5\u03bd\u03b4\u03ad\u03c7\u03b5\u03c4\u03b1\u03b9 \u03bd\u03b1 \u03c0\u03b5\u03c1\u03b9\u03bf\u03c1\u03af\u03c3\u03b5\u03b9 \u03bf\u03c1\u03b9\u03c3\u03bc\u03ad\u03bd\u03b5\u03c2 \u03bb\u03b5\u03b9\u03c4\u03bf\u03c5\u03c1\u03b3\u03af\u03b5\u03c2.<\/p>\n<\/div>\n\n<div class=\"section\">\n  <h2><strong>6. \u03a3\u03a5\u039d\u0394\u0395\u03a3\u039c\u039f\u0399 \u039c\u0395 \u03a4\u03a1\u0399\u03a4\u0391 \u039c\u0395\u03a1\u0397<\/strong><\/h2>\n  <p>\u038c\u03c4\u03b1\u03bd \u03ba\u03ac\u03bd\u03b5\u03c4\u03b5 \u03ba\u03bb\u03b9\u03ba \u03c3\u03b5 \u03b5\u03be\u03c9\u03c4\u03b5\u03c1\u03b9\u03ba\u03bf\u03cd\u03c2 \u03c3\u03c5\u03bd\u03b4\u03ad\u03c3\u03bc\u03bf\u03c5\u03c2, \u03b7 Edulcodiet \u03b4\u03b5\u03bd \u03b5\u03bb\u03ad\u03b3\u03c7\u03b5\u03b9 \u03bf\u03cd\u03c4\u03b5 \u03c6\u03ad\u03c1\u03b5\u03b9 \u03b5\u03c5\u03b8\u03cd\u03bd\u03b7 \u03b3\u03b9\u03b1 \u03c4\u03b9\u03c2 \u03c0\u03bf\u03bb\u03b9\u03c4\u03b9\u03ba\u03ad\u03c2 \u03b1\u03c0\u03bf\u03c1\u03c1\u03ae\u03c4\u03bf\u03c5 \u03b1\u03c5\u03c4\u03ce\u03bd \u03c4\u03c9\u03bd \u03b9\u03c3\u03c4\u03cc\u03c4\u03bf\u03c0\u03c9\u03bd. \u03a0\u03b1\u03c1\u03b1\u03ba\u03b1\u03bb\u03bf\u03cd\u03bc\u03b5 \u03b5\u03bb\u03ad\u03b3\u03be\u03c4\u03b5 \u03c4\u03bf\u03c5\u03c2 \u03cc\u03c1\u03bf\u03c5\u03c2 \u03c4\u03bf\u03c5\u03c2 \u03c0\u03c1\u03b9\u03bd \u03c0\u03b1\u03c1\u03ac\u03c3\u03c7\u03b5\u03c4\u03b5 \u03bf\u03c0\u03bf\u03b9\u03b1\u03b4\u03ae\u03c0\u03bf\u03c4\u03b5 \u03c0\u03bb\u03b7\u03c1\u03bf\u03c6\u03bf\u03c1\u03af\u03b1.<\/p>\n<\/div>\n\n<div class=\"section\">\n  <h2><strong>7. \u0394\u0399\u039a\u0391\u0399\u03a9\u039c\u0391\u03a4\u0391 \u03a7\u03a1\u0397\u03a3\u03a4\u0397<\/strong><\/h2>\n  <p>\u039c\u03c0\u03bf\u03c1\u03b5\u03af\u03c4\u03b5 \u03bd\u03b1 \u03b1\u03c3\u03ba\u03ae\u03c3\u03b5\u03c4\u03b5 \u03c4\u03b1 \u03b4\u03b9\u03ba\u03b1\u03b9\u03ce\u03bc\u03b1\u03c4\u03b1 \u03c4\u03bf\u03c5\/\u03c4\u03b7\u03c2 <strong>\u03c0\u03c1\u03cc\u03c3\u03b2\u03b1\u03c3\u03b7, \u03b4\u03b9\u03cc\u03c1\u03b8\u03c9\u03c3\u03b7, \u03b4\u03b9\u03b1\u03b3\u03c1\u03b1\u03c6\u03ae, \u03b1\u03bd\u03c4\u03af\u03b8\u03b5\u03c3\u03b7, \u03c0\u03b5\u03c1\u03b9\u03bf\u03c1\u03b9\u03c3\u03bc\u03cc\u03c2 \u03ba\u03b1\u03b9 \u03c6\u03bf\u03c1\u03b7\u03c4\u03cc\u03c4\u03b7\u03c4\u03b1<\/strong> \u03bc\u03b5 \u03c4\u03b7\u03bd \u03b1\u03c0\u03bf\u03c3\u03c4\u03bf\u03bb\u03ae \u03b1\u03b9\u03c4\u03ae\u03bc\u03b1\u03c4\u03bf\u03c2 \u03c0\u03c1\u03bf\u03c2 <a href=\"mailto:info@edulcodiet.com\">info@edulcodiet.com<\/a> \u03ae \u03c3\u03c4\u03b7\u03bd \u03c4\u03b1\u03c7\u03c5\u03b4\u03c1\u03bf\u03bc\u03b9\u03ba\u03ae \u03b4\u03b9\u03b5\u03cd\u03b8\u03c5\u03bd\u03c3\u03b7 \u03c0\u03bf\u03c5 \u03b1\u03bd\u03b1\u03c6\u03ad\u03c1\u03b5\u03c4\u03b1\u03b9 \u03c3\u03c4\u03b7\u03bd \u039d\u03bf\u03bc\u03b9\u03ba\u03ae \u0395\u03b9\u03b4\u03bf\u03c0\u03bf\u03af\u03b7\u03c3\u03b7.<\/p>\n<\/div>\n\n<div class=\"section\">\n  <h2><strong>8. \u039c\u0395\u03a4\u0391\u03a6\u039f\u03a1\u0391 \u0394\u0395\u0394\u039f\u039c\u0395\u039d\u03a9\u039d<\/strong><\/h2>\n  <p>\u0397 Edulcodiet \u03b4\u03b5\u03bd \u03b8\u03b1 \u03c0\u03bf\u03c5\u03bb\u03ae\u03c3\u03b5\u03b9 \u03ae \u03bc\u03b5\u03c4\u03b1\u03b2\u03b9\u03b2\u03ac\u03c3\u03b5\u03b9 \u03c4\u03b1 \u03b4\u03b5\u03b4\u03bf\u03bc\u03ad\u03bd\u03b1 \u03c3\u03b1\u03c2 \u03c3\u03b5 \u03c4\u03c1\u03af\u03c4\u03bf\u03c5\u03c2 \u03c7\u03c9\u03c1\u03af\u03c2 \u03c4\u03b7 \u03c3\u03c5\u03b3\u03ba\u03b1\u03c4\u03ac\u03b8\u03b5\u03c3\u03ae \u03c3\u03b1\u03c2, \u03b5\u03ba\u03c4\u03cc\u03c2 \u03b5\u03ac\u03bd \u03c5\u03c0\u03ac\u03c1\u03c7\u03b5\u03b9 \u03bd\u03bf\u03bc\u03b9\u03ba\u03ae \u03c5\u03c0\u03bf\u03c7\u03c1\u03ad\u03c9\u03c3\u03b7 \u03ae \u03b4\u03b9\u03ba\u03b1\u03c3\u03c4\u03b9\u03ba\u03ae \u03b1\u03c0\u03cc\u03c6\u03b1\u03c3\u03b7.<\/p>\n<\/div>\n\n<div class=\"section\">\n  <h2><strong>9. \u03a4\u03a1\u039f\u03a0\u039f\u03a0\u039f\u0399\u0397\u03a3\u0395\u0399\u03a3 \u03a0\u039f\u039b\u0399\u03a4\u0399\u039a\u0397\u03a3<\/strong><\/h2>\n  <p>\u0397 Edulcodiet \u03b4\u03cd\u03bd\u03b1\u03c4\u03b1\u03b9 \u03bd\u03b1 \u03b5\u03bd\u03b7\u03bc\u03b5\u03c1\u03ce\u03c3\u03b5\u03b9 \u03c4\u03b7\u03bd \u03c0\u03b1\u03c1\u03bf\u03cd\u03c3\u03b1 \u03a0\u03bf\u03bb\u03b9\u03c4\u03b9\u03ba\u03ae \u03b3\u03b9\u03b1 \u03bd\u03b1 \u03c4\u03b7\u03bd \u03c0\u03c1\u03bf\u03c3\u03b1\u03c1\u03bc\u03cc\u03c3\u03b5\u03b9 \u03c3\u03c4\u03b9\u03c2 \u03bd\u03bf\u03bc\u03bf\u03b8\u03b5\u03c4\u03b9\u03ba\u03ad\u03c2 \u03ae \u03b5\u03c3\u03c9\u03c4\u03b5\u03c1\u03b9\u03ba\u03ad\u03c2 \u03b1\u03bb\u03bb\u03b1\u03b3\u03ad\u03c2. \u0398\u03b1 \u03b1\u03bd\u03b1\u03b3\u03c1\u03ac\u03c6\u03b5\u03c4\u03b1\u03b9 \u03b7 \u03b7\u03bc\u03b5\u03c1\u03bf\u03bc\u03b7\u03bd\u03af\u03b1 \u03c4\u03b7\u03c2 \u03c0\u03b9\u03bf \u03c0\u03c1\u03cc\u03c3\u03c6\u03b1\u03c4\u03b7\u03c2 \u03ad\u03ba\u03b4\u03bf\u03c3\u03b7\u03c2.<\/p>\n<\/div>\n\n<div class=\"section\">\n  <h2><strong>10. \u0395\u03a0\u0399\u039a\u039f\u0399\u039d\u03a9\u039d\u0399\u0391<\/strong><\/h2>\n  <p><strong>EDULCODIET SL<\/strong><br>\n     \u0392\u03b9\u03bf\u03bc\u03b7\u03c7\u03b1\u03bd\u03b9\u03ba\u03ae \u03a0\u03b5\u03c1\u03b9\u03bf\u03c7\u03ae, \u0399\u03b4\u03b9\u03c9\u03c4\u03b9\u03ba\u03ae \u0395\u03c3\u03c9\u03c4\u03b5\u03c1\u03b9\u03ba\u03ae \u039f\u03b4\u03cc\u03c2 1 \u0391\u03c0\u03bf\u03b8\u03ae\u03ba\u03b7<br>\n     43152 \u03a0\u03b5\u03c1\u03b1\u03c6\u03cc\u03c1 (\u03a4\u03b1\u03c1\u03b1\u03b3\u03cc\u03bd\u03b1)<br>\n     \u03a4\u03b1\u03c7\u03c5\u03b4\u03c1\u03bf\u03bc\u03b5\u03af\u03bf: <a href=\"mailto:info@edulcodiet.com\">info@edulcodiet.com<\/a><\/p>\n<\/div>\n\n<\/body>\n<\/html>\n\t\t\t\t<\/div>\n\t\t\t\t\t<\/div>\n\t\t\t\t<\/div>\n\t\t\t\t<\/div>\n\t\t\n\n<div class=\"kk-star-ratings kksr-auto kksr-align-center kksr-valign-bottom\"\n    data-payload='{&quot;align&quot;:&quot;center&quot;,&quot;id&quot;:&quot;1565&quot;,&quot;slug&quot;:&quot;default&quot;,&quot;valign&quot;:&quot;bottom&quot;,&quot;ignore&quot;:&quot;&quot;,&quot;reference&quot;:&quot;auto&quot;,&quot;class&quot;:&quot;&quot;,&quot;count&quot;:&quot;0&quot;,&quot;legendonly&quot;:&quot;&quot;,&quot;readonly&quot;:&quot;&quot;,&quot;score&quot;:&quot;0&quot;,&quot;starsonly&quot;:&quot;&quot;,&quot;best&quot;:&quot;5&quot;,&quot;gap&quot;:&quot;5&quot;,&quot;greet&quot;:&quot;Valoraci\u00f3n&quot;,&quot;legend&quot;:&quot;Gracias por la valoraci\u00f3n&quot;,&quot;size&quot;:&quot;24&quot;,&quot;title&quot;:&quot;Pol\u00edtica de Privacidad&quot;,&quot;width&quot;:&quot;0&quot;,&quot;_legend&quot;:&quot;Gracias por la valoraci\u00f3n&quot;,&quot;font_factor&quot;:&quot;1.25&quot;}'>\n            \n<div class=\"kksr-stars\">\n    \n<div class=\"kksr-stars-inactive\">\n            <div class=\"kksr-star\" data-star=\"1\" style=\"padding-right: 5px\">\n            \n\n<div class=\"kksr-icon\" style=\"width: 24px; height: 24px;\"><\/div>\n        <\/div>\n            <div class=\"kksr-star\" data-star=\"2\" style=\"padding-right: 5px\">\n            \n\n<div class=\"kksr-icon\" style=\"width: 24px; height: 24px;\"><\/div>\n        <\/div>\n            <div class=\"kksr-star\" data-star=\"3\" style=\"padding-right: 5px\">\n            \n\n<div class=\"kksr-icon\" style=\"width: 24px; height: 24px;\"><\/div>\n        <\/div>\n            <div class=\"kksr-star\" data-star=\"4\" style=\"padding-right: 5px\">\n            \n\n<div class=\"kksr-icon\" style=\"width: 24px; height: 24px;\"><\/div>\n        <\/div>\n            <div class=\"kksr-star\" data-star=\"5\" style=\"padding-right: 5px\">\n            \n\n<div class=\"kksr-icon\" style=\"width: 24px; height: 24px;\"><\/div>\n        <\/div>\n    <\/div>\n    \n<div class=\"kksr-stars-active\" style=\"width: 0px;\">\n            <div class=\"kksr-star\" style=\"padding-right: 5px\">\n            \n\n<div class=\"kksr-icon\" style=\"width: 24px; height: 24px;\"><\/div>\n        <\/div>\n            <div class=\"kksr-star\" style=\"padding-right: 5px\">\n            \n\n<div class=\"kksr-icon\" style=\"width: 24px; height: 24px;\"><\/div>\n        <\/div>\n            <div class=\"kksr-star\" style=\"padding-right: 5px\">\n            \n\n<div class=\"kksr-icon\" style=\"width: 24px; height: 24px;\"><\/div>\n        <\/div>\n            <div class=\"kksr-star\" style=\"padding-right: 5px\">\n            \n\n<div class=\"kksr-icon\" style=\"width: 24px; height: 24px;\"><\/div>\n        <\/div>\n            <div class=\"kksr-star\" style=\"padding-right: 5px\">\n            \n\n<div class=\"kksr-icon\" style=\"width: 24px; height: 24px;\"><\/div>\n        <\/div>\n    <\/div>\n<\/div>\n                \n\n<div class=\"kksr-legend\" style=\"font-size: 19.2px;\">\n            <span class=\"kksr-muted\">\u0395\u03ba\u03c4\u03af\u03bc\u03b7\u03c3\u03b7<\/span>\n    <\/div>\n    <\/div>","protected":false},"excerpt":{"rendered":"<p>Pol\u00edtica de Privacidad | Edulcodiet S.L. POL\u00cdTICA DE PRIVACIDAD \u2013 EDULCODIET S.L. Actualizada el 7&nbsp;de&nbsp;julio&nbsp;de&nbsp;2025 1.&nbsp;COMPROMISO DE PRIVACIDAD Esta Pol\u00edtica describe c\u00f3mo EDULCODIET&nbsp;S.L. (en adelante, \u201cEdulcodiet\u201d) recopila y trata los datos personales de los usuarios del sitio web https:\/\/edulcodiet.com\/ (en adelante, \u201cSitio&nbsp;Web\u201d). Nos comprometemos a proteger su informaci\u00f3n conforme a la normativa vigente y a [&hellip;]<\/p>\n","protected":false},"author":1,"featured_media":0,"parent":0,"menu_order":0,"comment_status":"closed","ping_status":"closed","template":"","meta":{"content-type":"","footnotes":""},"class_list":["post-1565","page","type-page","status-publish","hentry"],"_links":{"self":[{"href":"https:\/\/edulcodiet.com\/el\/wp-json\/wp\/v2\/pages\/1565","targetHints":{"allow":["GET"]}}],"collection":[{"href":"https:\/\/edulcodiet.com\/el\/wp-json\/wp\/v2\/pages"}],"about":[{"href":"https:\/\/edulcodiet.com\/el\/wp-json\/wp\/v2\/types\/page"}],"author":[{"embeddable":true,"href":"https:\/\/edulcodiet.com\/el\/wp-json\/wp\/v2\/users\/1"}],"replies":[{"embeddable":true,"href":"https:\/\/edulcodiet.com\/el\/wp-json\/wp\/v2\/comments?post=1565"}],"version-history":[{"count":0,"href":"https:\/\/edulcodiet.com\/el\/wp-json\/wp\/v2\/pages\/1565\/revisions"}],"wp:attachment":[{"href":"https:\/\/edulcodiet.com\/el\/wp-json\/wp\/v2\/media?parent=1565"}],"curies":[{"name":"\u03b5\u03c1\u03b3\u03b1\u03c3\u03af\u03b1","href":"https:\/\/api.w.org\/{rel}","templated":true}]}}