{"id":1565,"date":"2025-07-07T15:34:22","date_gmt":"2025-07-07T15:34:22","guid":{"rendered":"https:\/\/edulcodiet.com\/?page_id=1565"},"modified":"2025-07-15T15:23:34","modified_gmt":"2025-07-15T15:23:34","slug":"datenschutzerklarung-2","status":"publish","type":"page","link":"https:\/\/edulcodiet.com\/de\/datenschutzerklarung-2\/","title":{"rendered":"Datenschutzrichtlinie"},"content":{"rendered":"<div data-elementor-type=\"wp-page\" data-elementor-id=\"1565\" class=\"elementor elementor-1565\" data-elementor-post-type=\"page\">\n\t\t\t\t<div data-particle_enable=\"false\" data-particle-mobile-disabled=\"false\" class=\"elementor-element elementor-element-68ab70c e-flex e-con-boxed e-con e-parent\" data-id=\"68ab70c\" data-element_type=\"container\" data-e-type=\"container\">\n\t\t\t\t\t<div class=\"e-con-inner\">\n\t\t\t\t<div class=\"elementor-element elementor-element-f936c51 elementor-widget elementor-widget-html\" data-id=\"f936c51\" data-element_type=\"widget\" data-e-type=\"widget\" data-widget_type=\"html.default\">\n\t\t\t\t\t<!DOCTYPE html>\n<html lang=\"es\">\n<head>\n  <meta charset=\"UTF-8\">\n  <title>Datenschutzrichtlinie | Edulcodiet SL<\/title>\n  <meta name=\"viewport\" content=\"width=device-width, initial-scale=1.0\">\n  <style>\n    body{font-family:Arial,Helvetica,sans-serif;line-height:1.6;margin:20px;color:#222;}\n    h1{font-size:1.8rem;text-align:center;margin-bottom:1rem;}\n    h2{font-size:1.35rem;margin-top:1.5rem;}\n    ul{margin-left:1.2rem;}\n    strong{font-weight:700;}\n    .section{margin-bottom:2rem;}\n  <\/style>\n<\/head>\n<body data-rsssl=1>\n\n<h1><strong>DATENSCHUTZERKL\u00c4RUNG \u2013 EDULCODIET SL<\/strong><\/h1>\n<p style=\"text-align:center;\"><em>Aktualisiert am 7. Juli 2025<\/em><\/p>\n\n<div class=\"section\">\n  <h2><strong>1. DATENSCHUTZERKL\u00c4RUNG<\/strong><\/h2>\n  <p>Diese Richtlinie beschreibt, wie <strong>EDULCODIET SL<\/strong> (im Folgenden \u201e<strong>Edulcodiet<\/strong>\u201d) erhebt und verarbeitet die personenbezogenen Daten der Website-Benutzer <a href=\"https:\/\/edulcodiet.com\/de\">https:\/\/edulcodiet.com\/<\/a> (im Folgenden \u201e<strong>Webseite<\/strong>\u201d). Wir verpflichten uns, Ihre Daten gem\u00e4\u00df den geltenden Vorschriften und wie in diesem Dokument dargelegt zu sch\u00fctzen.<\/p>\n<\/div>\n\n<div class=\"section\">\n  <h2><strong>2. VON UNS ERHOBENE INFORMATIONEN<\/strong><\/h2>\n  <ul>\n    <li><strong>Identifikationsdaten:<\/strong> Vor- und Nachname.<\/li>\n    <li><strong>Kontaktinformationen:<\/strong> E-Mail, Telefon, Adresse.<\/li>\n    <li><strong>Demografie<\/strong> (gegebenenfalls).<\/li>\n    <li><strong>Rechnungs- oder Versandinformationen<\/strong> wenn dies zur Auftragsabwicklung erforderlich ist.<\/li>\n  <\/ul>\n<\/div>\n\n<div class=\"section\">\n  <h2><strong>3. Zweck und Rechtsgrundlage der Verarbeitung<\/strong><\/h2>\n  <p>Wir verwenden die Informationen, um:<\/p>\n  <ul>\n    <li>Erbringen Sie Dienstleistungen und verwalten Sie Bestellungen.<\/li>\n    <li>Pflegen Sie Benutzerdatens\u00e4tze und verbessern Sie Produkte.<\/li>\n    <li>Senden Sie kommerzielle Mitteilungen (Angebote, Neuigkeiten), die Sie jederzeit abbestellen k\u00f6nnen.<\/li>\n    <li>Gew\u00e4hrleistung der Sicherheit der Website.<\/li>\n  <\/ul>\n  <p>Die Legitimation basiert auf der Durchf\u00fchrung eines Vertrags, der Einwilligung der betroffenen Partei und dem berechtigten Interesse von Edulcodiet.<\/p>\n<\/div>\n\n<div class=\"section\">\n  <h2><strong>4. DATENSICHERHEIT<\/strong><\/h2>\n  <p>Edulcodiet wendet fortschrittliche technische und organisatorische Ma\u00dfnahmen an, um den unbefugten Zugriff, Verlust oder die \u00c4nderung personenbezogener Daten zu verhindern.<\/p>\n<\/div>\n\n<div class=\"section\">\n  <h2><strong>5. Cookies<\/strong><\/h2>\n  <p>Diese Website verwendet Cookies, um den Datenverkehr zu analysieren und die Benutzerfreundlichkeit zu verbessern. Sie k\u00f6nnen Cookies in Ihrem Browser akzeptieren, konfigurieren oder ablehnen. Die vollst\u00e4ndige Deaktivierung kann bestimmte Funktionen einschr\u00e4nken.<\/p>\n<\/div>\n\n<div class=\"section\">\n  <h2><strong>6. LINKS ZU DRITTANBIETERN<\/strong><\/h2>\n  <p>Wenn Sie auf externe Links klicken, hat Edulcodiet keine Kontrolle \u00fcber die Datenschutzrichtlinien dieser Websites und ist auch nicht daf\u00fcr verantwortlich. Bitte lesen Sie deren Bedingungen, bevor Sie Informationen bereitstellen.<\/p>\n<\/div>\n\n<div class=\"section\">\n  <h2><strong>7. BENUTZERRECHTE<\/strong><\/h2>\n  <p>Sie k\u00f6nnen die Rechte aus\u00fcben, <strong>Zugriff, Berichtigung, L\u00f6schung, Widerspruch, Einschr\u00e4nkung und Portabilit\u00e4t<\/strong> durch Senden einer Anfrage an <a href=\"mailto:info@edulcodiet.com\">info@edulcodiet.com<\/a> oder an die im Impressum angegebene Postadresse.<\/p>\n<\/div>\n\n<div class=\"section\">\n  <h2><strong>8. DATEN\u00dcBERTRAGUNG<\/strong><\/h2>\n  <p>Edulcodiet wird Ihre Daten ohne Ihre Zustimmung nicht an Dritte verkaufen oder weitergeben, es sei denn, es liegt eine gesetzliche Verpflichtung oder ein Gerichtsbeschluss vor.<\/p>\n<\/div>\n\n<div class=\"section\">\n  <h2><strong>9. RICHTLINIEN\u00c4NDERUNGEN<\/strong><\/h2>\n  <p>Edulcodiet kann diese Richtlinie aktualisieren, um sie an gesetzliche oder interne \u00c4nderungen anzupassen. Das Datum der neuesten Version wird angegeben.<\/p>\n<\/div>\n\n<div class=\"section\">\n  <h2><strong>10. KONTAKT<\/strong><\/h2>\n  <p><strong>EDULCODIET SL<\/strong><br>\n     Industriegebiet, Private Innenstra\u00dfe 1 Lager<br>\n     43152 Perafort (Tarragona)<br>\n     Mail: <a href=\"mailto:info@edulcodiet.com\">info@edulcodiet.com<\/a><\/p>\n<\/div>\n\n<\/body>\n<\/html>\n\t\t\t\t<\/div>\n\t\t\t\t\t<\/div>\n\t\t\t\t<\/div>\n\t\t\t\t<\/div>\n\t\t\n\n<div class=\"kk-star-ratings kksr-auto kksr-align-center kksr-valign-bottom\"\n    data-payload='{&quot;align&quot;:&quot;center&quot;,&quot;id&quot;:&quot;1565&quot;,&quot;slug&quot;:&quot;default&quot;,&quot;valign&quot;:&quot;bottom&quot;,&quot;ignore&quot;:&quot;&quot;,&quot;reference&quot;:&quot;auto&quot;,&quot;class&quot;:&quot;&quot;,&quot;count&quot;:&quot;0&quot;,&quot;legendonly&quot;:&quot;&quot;,&quot;readonly&quot;:&quot;&quot;,&quot;score&quot;:&quot;0&quot;,&quot;starsonly&quot;:&quot;&quot;,&quot;best&quot;:&quot;5&quot;,&quot;gap&quot;:&quot;5&quot;,&quot;greet&quot;:&quot;Valoraci\u00f3n&quot;,&quot;legend&quot;:&quot;Gracias por la valoraci\u00f3n&quot;,&quot;size&quot;:&quot;24&quot;,&quot;title&quot;:&quot;Pol\u00edtica de Privacidad&quot;,&quot;width&quot;:&quot;0&quot;,&quot;_legend&quot;:&quot;Gracias por la valoraci\u00f3n&quot;,&quot;font_factor&quot;:&quot;1.25&quot;}'>\n            \n<div class=\"kksr-stars\">\n    \n<div class=\"kksr-stars-inactive\">\n            <div class=\"kksr-star\" data-star=\"1\" style=\"padding-right: 5px\">\n            \n\n<div class=\"kksr-icon\" style=\"width: 24px; height: 24px;\"><\/div>\n        <\/div>\n            <div class=\"kksr-star\" data-star=\"2\" style=\"padding-right: 5px\">\n            \n\n<div class=\"kksr-icon\" style=\"width: 24px; height: 24px;\"><\/div>\n        <\/div>\n            <div class=\"kksr-star\" data-star=\"3\" style=\"padding-right: 5px\">\n            \n\n<div class=\"kksr-icon\" style=\"width: 24px; height: 24px;\"><\/div>\n        <\/div>\n            <div class=\"kksr-star\" data-star=\"4\" style=\"padding-right: 5px\">\n            \n\n<div class=\"kksr-icon\" style=\"width: 24px; height: 24px;\"><\/div>\n        <\/div>\n            <div class=\"kksr-star\" data-star=\"5\" style=\"padding-right: 5px\">\n            \n\n<div class=\"kksr-icon\" style=\"width: 24px; height: 24px;\"><\/div>\n        <\/div>\n    <\/div>\n    \n<div class=\"kksr-stars-active\" style=\"width: 0px;\">\n            <div class=\"kksr-star\" style=\"padding-right: 5px\">\n            \n\n<div class=\"kksr-icon\" style=\"width: 24px; height: 24px;\"><\/div>\n        <\/div>\n            <div class=\"kksr-star\" style=\"padding-right: 5px\">\n            \n\n<div class=\"kksr-icon\" style=\"width: 24px; height: 24px;\"><\/div>\n        <\/div>\n            <div class=\"kksr-star\" style=\"padding-right: 5px\">\n            \n\n<div class=\"kksr-icon\" style=\"width: 24px; height: 24px;\"><\/div>\n        <\/div>\n            <div class=\"kksr-star\" style=\"padding-right: 5px\">\n            \n\n<div class=\"kksr-icon\" style=\"width: 24px; height: 24px;\"><\/div>\n        <\/div>\n            <div class=\"kksr-star\" style=\"padding-right: 5px\">\n            \n\n<div class=\"kksr-icon\" style=\"width: 24px; height: 24px;\"><\/div>\n        <\/div>\n    <\/div>\n<\/div>\n                \n\n<div class=\"kksr-legend\" style=\"font-size: 19.2px;\">\n            <span class=\"kksr-muted\">Bewertung<\/span>\n    <\/div>\n    <\/div>","protected":false},"excerpt":{"rendered":"<p>Pol\u00edtica de Privacidad | Edulcodiet S.L. POL\u00cdTICA DE PRIVACIDAD \u2013 EDULCODIET S.L. Actualizada el 7&nbsp;de&nbsp;julio&nbsp;de&nbsp;2025 1.&nbsp;COMPROMISO DE PRIVACIDAD Esta Pol\u00edtica describe c\u00f3mo EDULCODIET&nbsp;S.L. (en adelante, \u201cEdulcodiet\u201d) recopila y trata los datos personales de los usuarios del sitio web https:\/\/edulcodiet.com\/ (en adelante, \u201cSitio&nbsp;Web\u201d). Nos comprometemos a proteger su informaci\u00f3n conforme a la normativa vigente y a [&hellip;]<\/p>\n","protected":false},"author":1,"featured_media":0,"parent":0,"menu_order":0,"comment_status":"closed","ping_status":"closed","template":"","meta":{"content-type":"","footnotes":""},"class_list":["post-1565","page","type-page","status-publish","hentry"],"_links":{"self":[{"href":"https:\/\/edulcodiet.com\/de\/wp-json\/wp\/v2\/pages\/1565","targetHints":{"allow":["GET"]}}],"collection":[{"href":"https:\/\/edulcodiet.com\/de\/wp-json\/wp\/v2\/pages"}],"about":[{"href":"https:\/\/edulcodiet.com\/de\/wp-json\/wp\/v2\/types\/page"}],"author":[{"embeddable":true,"href":"https:\/\/edulcodiet.com\/de\/wp-json\/wp\/v2\/users\/1"}],"replies":[{"embeddable":true,"href":"https:\/\/edulcodiet.com\/de\/wp-json\/wp\/v2\/comments?post=1565"}],"version-history":[{"count":0,"href":"https:\/\/edulcodiet.com\/de\/wp-json\/wp\/v2\/pages\/1565\/revisions"}],"wp:attachment":[{"href":"https:\/\/edulcodiet.com\/de\/wp-json\/wp\/v2\/media?parent=1565"}],"curies":[{"name":"wp","href":"https:\/\/api.w.org\/{rel}","templated":true}]}}