{"id":1565,"date":"2025-07-07T15:34:22","date_gmt":"2025-07-07T15:34:22","guid":{"rendered":"https:\/\/edulcodiet.com\/?page_id=1565"},"modified":"2025-07-15T15:23:34","modified_gmt":"2025-07-15T15:23:34","slug":"%d8%b3%d9%8a%d8%a7%d8%b3%d8%a9-%d8%a7%d9%84%d8%ae%d8%b5%d9%88%d8%b5%d9%8a%d8%a9-2","status":"publish","type":"page","link":"https:\/\/edulcodiet.com\/ary\/%d8%b3%d9%8a%d8%a7%d8%b3%d8%a9-%d8%a7%d9%84%d8%ae%d8%b5%d9%88%d8%b5%d9%8a%d8%a9-2\/","title":{"rendered":"\u0633\u064a\u0627\u0633\u0629 \u0627\u0644\u062e\u0635\u0648\u0635\u064a\u0629"},"content":{"rendered":"<div data-elementor-type=\"wp-page\" data-elementor-id=\"1565\" class=\"elementor elementor-1565\" data-elementor-post-type=\"page\">\n\t\t\t\t<div data-particle_enable=\"false\" data-particle-mobile-disabled=\"false\" class=\"elementor-element elementor-element-68ab70c e-flex e-con-boxed e-con e-parent\" data-id=\"68ab70c\" data-element_type=\"container\" data-e-type=\"container\">\n\t\t\t\t\t<div class=\"e-con-inner\">\n\t\t\t\t<div class=\"elementor-element elementor-element-f936c51 elementor-widget elementor-widget-html\" data-id=\"f936c51\" data-element_type=\"widget\" data-e-type=\"widget\" data-widget_type=\"html.default\">\n\t\t\t\t\t<!DOCTYPE html>\n<html lang=\"es\">\n<head>\n  <meta charset=\"UTF-8\">\n  <title>\u0633\u064a\u0627\u0633\u0629 \u0627\u0644\u062e\u0635\u0648\u0635\u064a\u0629 | Edulcodiet SL<\/title>\n  <meta name=\"viewport\" content=\"width=device-width, initial-scale=1.0\">\n  <style>\n    body{font-family:Arial,Helvetica,sans-serif;line-height:1.6;margin:20px;color:#222;}\n    h1{font-size:1.8rem;text-align:center;margin-bottom:1rem;}\n    h2{font-size:1.35rem;margin-top:1.5rem;}\n    ul{margin-left:1.2rem;}\n    strong{font-weight:700;}\n    .section{margin-bottom:2rem;}\n  <\/style>\n<\/head>\n<body data-rsssl=1>\n\n<h1><strong>\u0633\u064a\u0627\u0633\u0629 \u0627\u0644\u062e\u0635\u0648\u0635\u064a\u0629 \u2013 EDULCODIET SL<\/strong><\/h1>\n<p style=\"text-align:center;\"><em>\u062a\u0645 \u0627\u0644\u062a\u062d\u062f\u064a\u062b \u0641\u064a 7 \u064a\u0648\u0644\u064a\u0648 2025<\/em><\/p>\n\n<div class=\"section\">\n  <h2><strong>1. \u0627\u0644\u062a\u0632\u0627\u0645 \u0627\u0644\u062e\u0635\u0648\u0635\u064a\u0629<\/strong><\/h2>\n  <p>\u062a\u0635\u0641 \u0647\u0630\u0647 \u0627\u0644\u0633\u064a\u0627\u0633\u0629 \u0643\u064a\u0641\u064a\u0629 <strong>\u0625\u064a\u062f\u0648\u0644\u0643\u0648\u062f\u064a\u062a \u0625\u0633 \u0625\u0644<\/strong> (\u0641\u064a\u0645\u0627 \u064a\u0644\u064a\u060c &quot;<strong>\u0625\u064a\u062f\u0648\u0644\u0643\u0648\u062f\u0627\u064a\u062a<\/strong>&quot;) \u062a\u0642\u0648\u0645 \u0628\u062c\u0645\u0639 \u0648\u0645\u0639\u0627\u0644\u062c\u0629 \u0627\u0644\u0628\u064a\u0627\u0646\u0627\u062a \u0627\u0644\u0634\u062e\u0635\u064a\u0629 \u0644\u0645\u0633\u062a\u062e\u062f\u0645\u064a \u0627\u0644\u0645\u0648\u0642\u0639 <a href=\"https:\/\/edulcodiet.com\/ary\">https:\/\/edulcodiet.com\/<\/a> (\u0641\u064a\u0645\u0627 \u064a\u0644\u064a\u060c &quot;<strong>\u0645\u0648\u0642\u0639 \u0625\u0644\u0643\u062a\u0631\u0648\u0646\u064a<\/strong>&quot;). \u0646\u062d\u0646 \u0645\u0644\u062a\u0632\u0645\u0648\u0646 \u0628\u062d\u0645\u0627\u064a\u0629 \u0645\u0639\u0644\u0648\u0645\u0627\u062a\u0643 \u0648\u0641\u0642\u064b\u0627 \u0644\u0644\u0648\u0627\u0626\u062d \u0627\u0644\u062d\u0627\u0644\u064a\u0629 \u0648\u0643\u0645\u0627 \u0647\u0648 \u0645\u0648\u0636\u062d \u0641\u064a \u0647\u0630\u0647 \u0627\u0644\u0648\u062b\u064a\u0642\u0629.<\/p>\n<\/div>\n\n<div class=\"section\">\n  <h2><strong>2. \u0627\u0644\u0645\u0639\u0644\u0648\u0645\u0627\u062a \u0627\u0644\u062a\u064a \u0646\u062c\u0645\u0639\u0647\u0627<\/strong><\/h2>\n  <ul>\n    <li><strong>\u0628\u064a\u0627\u0646\u0627\u062a \u0627\u0644\u062a\u0639\u0631\u064a\u0641:<\/strong> \u0627\u0644\u0627\u0633\u0645 \u0648\u0627\u0644\u0644\u0642\u0628.<\/li>\n    <li><strong>\u0645\u0639\u0644\u0648\u0645\u0627\u062a \u0627\u0644\u0627\u062a\u0635\u0627\u0644:<\/strong> \u0627\u0644\u0628\u0631\u064a\u062f \u0627\u0644\u0625\u0644\u0643\u062a\u0631\u0648\u0646\u064a\u060c \u0627\u0644\u0647\u0627\u062a\u0641\u060c \u0627\u0644\u0639\u0646\u0648\u0627\u0646.<\/li>\n    <li><strong>\u0627\u0644\u0628\u064a\u0627\u0646\u0627\u062a \u0627\u0644\u062f\u064a\u0645\u0648\u063a\u0631\u0627\u0641\u064a\u0629<\/strong> (\u0625\u0646 \u0648\u062c\u062f).<\/li>\n    <li><strong>\u0645\u0639\u0644\u0648\u0645\u0627\u062a \u0627\u0644\u0641\u0648\u062a\u0631\u0629 \u0623\u0648 \u0627\u0644\u0634\u062d\u0646<\/strong> \u0639\u0646\u062f\u0645\u0627 \u064a\u0643\u0648\u0646 \u0630\u0644\u0643 \u0636\u0631\u0648\u0631\u064a\u0627 \u0644\u0645\u0639\u0627\u0644\u062c\u0629 \u0627\u0644\u0637\u0644\u0628\u0627\u062a.<\/li>\n  <\/ul>\n<\/div>\n\n<div class=\"section\">\n  <h2><strong>3. \u0627\u0644\u063a\u0631\u0636 \u0648\u0627\u0644\u0623\u0633\u0627\u0633 \u0627\u0644\u0642\u0627\u0646\u0648\u0646\u064a \u0644\u0644\u0645\u0639\u0627\u0644\u062c\u0629<\/strong><\/h2>\n  <p>\u0646\u062d\u0646 \u0646\u0633\u062a\u062e\u062f\u0645 \u0627\u0644\u0645\u0639\u0644\u0648\u0645\u0627\u062a \u0645\u0646 \u0623\u062c\u0644:<\/p>\n  <ul>\n    <li>\u062a\u0642\u062f\u064a\u0645 \u0627\u0644\u062e\u062f\u0645\u0627\u062a \u0648\u0625\u062f\u0627\u0631\u0629 \u0627\u0644\u0637\u0644\u0628\u0627\u062a.<\/li>\n    <li>\u0627\u0644\u062d\u0641\u0627\u0638 \u0639\u0644\u0649 \u0633\u062c\u0644\u0627\u062a \u0627\u0644\u0645\u0633\u062a\u062e\u062f\u0645\u064a\u0646 \u0648\u062a\u062d\u0633\u064a\u0646 \u0627\u0644\u0645\u0646\u062a\u062c\u0627\u062a.<\/li>\n    <li>\u0625\u0631\u0633\u0627\u0644 \u0627\u0644\u0627\u062a\u0635\u0627\u0644\u0627\u062a \u0627\u0644\u062a\u062c\u0627\u0631\u064a\u0629 (\u0627\u0644\u0639\u0631\u0648\u0636 \u0648\u0627\u0644\u0623\u062e\u0628\u0627\u0631) \u0627\u0644\u062a\u064a \u064a\u0645\u0643\u0646\u0643 \u0625\u0644\u063a\u0627\u0624\u0647\u0627 \u0641\u064a \u0623\u064a \u0648\u0642\u062a.<\/li>\n    <li>\u0636\u0645\u0627\u0646 \u0623\u0645\u0646 \u0627\u0644\u0645\u0648\u0642\u0639.<\/li>\n  <\/ul>\n  <p>\u062a\u0639\u062a\u0645\u062f \u0627\u0644\u0634\u0631\u0639\u064a\u0629 \u0639\u0644\u0649 \u062a\u0646\u0641\u064a\u0630 \u0627\u0644\u0639\u0642\u062f \u0648\u0645\u0648\u0627\u0641\u0642\u0629 \u0627\u0644\u0637\u0631\u0641 \u0627\u0644\u0645\u0639\u0646\u064a \u0648\u0627\u0644\u0645\u0635\u0644\u062d\u0629 \u0627\u0644\u0645\u0634\u0631\u0648\u0639\u0629 \u0644\u0634\u0631\u0643\u0629 Edulcodiet.<\/p>\n<\/div>\n\n<div class=\"section\">\n  <h2><strong>4. \u0623\u0645\u0646 \u0627\u0644\u0628\u064a\u0627\u0646\u0627\u062a<\/strong><\/h2>\n  <p>\u062a\u0637\u0628\u0642 \u0634\u0631\u0643\u0629 Edulcodiet \u062a\u062f\u0627\u0628\u064a\u0631 \u062a\u0642\u0646\u064a\u0629 \u0648\u062a\u0646\u0638\u064a\u0645\u064a\u0629 \u0645\u062a\u0642\u062f\u0645\u0629 \u0644\u0645\u0646\u0639 \u0627\u0644\u0648\u0635\u0648\u0644 \u063a\u064a\u0631 \u0627\u0644\u0645\u0635\u0631\u062d \u0628\u0647 \u0623\u0648 \u0641\u0642\u062f\u0627\u0646 \u0623\u0648 \u062a\u063a\u064a\u064a\u0631 \u0627\u0644\u0645\u0639\u0644\u0648\u0645\u0627\u062a \u0627\u0644\u0634\u062e\u0635\u064a\u0629.<\/p>\n<\/div>\n\n<div class=\"section\">\n  <h2><strong>5. \u0645\u0644\u0641\u0627\u062a \u062a\u0639\u0631\u064a\u0641 \u0627\u0644\u0627\u0631\u062a\u0628\u0627\u0637<\/strong><\/h2>\n  <p>\u064a\u0633\u062a\u062e\u062f\u0645 \u0647\u0630\u0627 \u0627\u0644\u0645\u0648\u0642\u0639 \u0645\u0644\u0641\u0627\u062a \u062a\u0639\u0631\u064a\u0641 \u0627\u0644\u0627\u0631\u062a\u0628\u0627\u0637 (\u0627\u0644\u0643\u0648\u0643\u064a\u0632) \u0644\u062a\u062d\u0644\u064a\u0644 \u062d\u0631\u0643\u0629 \u0627\u0644\u0645\u0631\u0648\u0631 \u0648\u062a\u062d\u0633\u064a\u0646 \u062a\u062c\u0631\u0628\u0629 \u0627\u0644\u0645\u0633\u062a\u062e\u062f\u0645. \u064a\u0645\u0643\u0646\u0643 \u0642\u0628\u0648\u0644 \u0645\u0644\u0641\u0627\u062a \u062a\u0639\u0631\u064a\u0641 \u0627\u0644\u0627\u0631\u062a\u0628\u0627\u0637 \u0623\u0648 \u0636\u0628\u0637\u0647\u0627 \u0623\u0648 \u0631\u0641\u0636\u0647\u0627 \u0641\u064a \u0645\u062a\u0635\u0641\u062d\u0643. \u0642\u062f \u064a\u0624\u062f\u064a \u062a\u0639\u0637\u064a\u0644\u0647\u0627 \u062a\u0645\u0627\u0645\u064b\u0627 \u0625\u0644\u0649 \u062a\u0642\u064a\u064a\u062f \u0628\u0639\u0636 \u0627\u0644\u0645\u064a\u0632\u0627\u062a.<\/p>\n<\/div>\n\n<div class=\"section\">\n  <h2><strong>6. \u0627\u0644\u0631\u0648\u0627\u0628\u0637 \u0625\u0644\u0649 \u0623\u0637\u0631\u0627\u0641 \u062b\u0627\u0644\u062b\u0629<\/strong><\/h2>\n  <p>\u0639\u0646\u062f \u0646\u0642\u0631\u0643 \u0639\u0644\u0649 \u0631\u0648\u0627\u0628\u0637 \u062e\u0627\u0631\u062c\u064a\u0629\u060c \u0644\u0627 \u062a\u062a\u062d\u0643\u0645 Edulcodiet \u0648\u0644\u0627 \u062a\u062a\u062d\u0645\u0644 \u0645\u0633\u0624\u0648\u0644\u064a\u0629 \u0633\u064a\u0627\u0633\u0627\u062a \u0627\u0644\u062e\u0635\u0648\u0635\u064a\u0629 \u0627\u0644\u062e\u0627\u0635\u0629 \u0628\u062a\u0644\u0643 \u0627\u0644\u0645\u0648\u0627\u0642\u0639. \u064a\u064f\u0631\u062c\u0649 \u0645\u0631\u0627\u062c\u0639\u0629 \u0634\u0631\u0648\u0637\u0647\u0627 \u0642\u0628\u0644 \u062a\u0642\u062f\u064a\u0645 \u0623\u064a \u0645\u0639\u0644\u0648\u0645\u0627\u062a.<\/p>\n<\/div>\n\n<div class=\"section\">\n  <h2><strong>7. \u062d\u0642\u0648\u0642 \u0627\u0644\u0645\u0633\u062a\u062e\u062f\u0645<\/strong><\/h2>\n  <p>\u064a\u0645\u0643\u0646\u0643 \u0645\u0645\u0627\u0631\u0633\u0629 \u062d\u0642\u0648\u0642\u0643 <strong>\u0627\u0644\u0648\u0635\u0648\u0644\u060c \u0627\u0644\u062a\u0635\u062d\u064a\u062d\u060c \u0627\u0644\u062d\u0630\u0641\u060c \u0627\u0644\u0645\u0639\u0627\u0631\u0636\u0629\u060c \u0627\u0644\u062a\u0642\u064a\u064a\u062f\u060c \u0648\u0642\u0627\u0628\u0644\u064a\u0629 \u0627\u0644\u0646\u0642\u0644<\/strong> \u0639\u0646 \u0637\u0631\u064a\u0642 \u0625\u0631\u0633\u0627\u0644 \u0637\u0644\u0628 \u0625\u0644\u0649 <a href=\"mailto:info@edulcodiet.com\">info@edulcodiet.com<\/a> \u0623\u0648 \u0625\u0644\u0649 \u0627\u0644\u0639\u0646\u0648\u0627\u0646 \u0627\u0644\u0628\u0631\u064a\u062f\u064a \u0627\u0644\u0645\u0648\u0636\u062d \u0641\u064a \u0627\u0644\u0625\u0634\u0639\u0627\u0631 \u0627\u0644\u0642\u0627\u0646\u0648\u0646\u064a.<\/p>\n<\/div>\n\n<div class=\"section\">\n  <h2><strong>8. \u0646\u0642\u0644 \u0627\u0644\u0628\u064a\u0627\u0646\u0627\u062a<\/strong><\/h2>\n  <p>\u0644\u0646 \u062a\u0642\u0648\u0645 Edulcodiet \u0628\u0628\u064a\u0639 \u0623\u0648 \u0646\u0642\u0644 \u0628\u064a\u0627\u0646\u0627\u062a\u0643 \u0625\u0644\u0649 \u0623\u0637\u0631\u0627\u0641 \u062b\u0627\u0644\u062b\u0629 \u062f\u0648\u0646 \u0645\u0648\u0627\u0641\u0642\u062a\u0643\u060c \u0625\u0644\u0627 \u0628\u0645\u0648\u062c\u0628 \u0627\u0644\u062a\u0632\u0627\u0645 \u0642\u0627\u0646\u0648\u0646\u064a \u0623\u0648 \u0623\u0645\u0631 \u0645\u0646 \u0627\u0644\u0645\u062d\u0643\u0645\u0629.<\/p>\n<\/div>\n\n<div class=\"section\">\n  <h2><strong>9. \u062a\u0639\u062f\u064a\u0644\u0627\u062a \u0627\u0644\u0633\u064a\u0627\u0633\u0629<\/strong><\/h2>\n  <p>\u0642\u062f \u062a\u064f\u062d\u062f\u0651\u062b Edulcodiet \u0647\u0630\u0647 \u0627\u0644\u0633\u064a\u0627\u0633\u0629 \u0644\u0645\u0648\u0627\u0643\u0628\u0629 \u0627\u0644\u062a\u063a\u064a\u064a\u0631\u0627\u062a \u0627\u0644\u062a\u0634\u0631\u064a\u0639\u064a\u0629 \u0623\u0648 \u0627\u0644\u062f\u0627\u062e\u0644\u064a\u0629. \u0633\u064a\u062a\u0645 \u0627\u0644\u0625\u0634\u0627\u0631\u0629 \u0625\u0644\u0649 \u062a\u0627\u0631\u064a\u062e \u0623\u062d\u062f\u062b \u0646\u0633\u062e\u0629.<\/p>\n<\/div>\n\n<div class=\"section\">\n  <h2><strong>10. \u0627\u0644\u0627\u062a\u0635\u0627\u0644<\/strong><\/h2>\n  <p><strong>\u0625\u064a\u062f\u0648\u0644\u0643\u0648\u062f\u064a\u062a \u0625\u0633 \u0625\u0644<\/strong><br>\n     \u0627\u0644\u0645\u0646\u0637\u0642\u0629 \u0627\u0644\u0635\u0646\u0627\u0639\u064a\u0629\u060c \u0645\u0633\u062a\u0648\u062f\u0639 \u062e\u0627\u0635 \u0639\u0644\u0649 \u0627\u0644\u0637\u0631\u064a\u0642 \u0627\u0644\u062f\u0627\u062e\u0644\u064a \u0631\u0642\u0645 1<br>\n     43152 \u0628\u064a\u0631\u0627\u0641\u0648\u0631\u062a (\u062a\u0627\u0631\u0627\u063a\u0648\u0646\u0627)<br>\n     \u0628\u0631\u064a\u062f: <a href=\"mailto:info@edulcodiet.com\">info@edulcodiet.com<\/a><\/p>\n<\/div>\n\n<\/body>\n<\/html>\n\t\t\t\t<\/div>\n\t\t\t\t\t<\/div>\n\t\t\t\t<\/div>\n\t\t\t\t<\/div>\n\t\t\n\n<div class=\"kk-star-ratings kksr-auto kksr-align-center kksr-valign-bottom\"\n    data-payload='{&quot;align&quot;:&quot;center&quot;,&quot;id&quot;:&quot;1565&quot;,&quot;slug&quot;:&quot;default&quot;,&quot;valign&quot;:&quot;bottom&quot;,&quot;ignore&quot;:&quot;&quot;,&quot;reference&quot;:&quot;auto&quot;,&quot;class&quot;:&quot;&quot;,&quot;count&quot;:&quot;0&quot;,&quot;legendonly&quot;:&quot;&quot;,&quot;readonly&quot;:&quot;&quot;,&quot;score&quot;:&quot;0&quot;,&quot;starsonly&quot;:&quot;&quot;,&quot;best&quot;:&quot;5&quot;,&quot;gap&quot;:&quot;5&quot;,&quot;greet&quot;:&quot;Valoraci\u00f3n&quot;,&quot;legend&quot;:&quot;Gracias por la valoraci\u00f3n&quot;,&quot;size&quot;:&quot;24&quot;,&quot;title&quot;:&quot;Pol\u00edtica de Privacidad&quot;,&quot;width&quot;:&quot;0&quot;,&quot;_legend&quot;:&quot;Gracias por la valoraci\u00f3n&quot;,&quot;font_factor&quot;:&quot;1.25&quot;}'>\n            \n<div class=\"kksr-stars\">\n    \n<div class=\"kksr-stars-inactive\">\n            <div class=\"kksr-star\" data-star=\"1\" style=\"padding-left: 5px\">\n            \n\n<div class=\"kksr-icon\" style=\"width: 24px; height: 24px;\"><\/div>\n        <\/div>\n            <div class=\"kksr-star\" data-star=\"2\" style=\"padding-left: 5px\">\n            \n\n<div class=\"kksr-icon\" style=\"width: 24px; height: 24px;\"><\/div>\n        <\/div>\n            <div class=\"kksr-star\" data-star=\"3\" style=\"padding-left: 5px\">\n            \n\n<div class=\"kksr-icon\" style=\"width: 24px; height: 24px;\"><\/div>\n        <\/div>\n            <div class=\"kksr-star\" data-star=\"4\" style=\"padding-left: 5px\">\n            \n\n<div class=\"kksr-icon\" style=\"width: 24px; height: 24px;\"><\/div>\n        <\/div>\n            <div class=\"kksr-star\" data-star=\"5\" style=\"padding-left: 5px\">\n            \n\n<div class=\"kksr-icon\" style=\"width: 24px; height: 24px;\"><\/div>\n        <\/div>\n    <\/div>\n    \n<div class=\"kksr-stars-active\" style=\"width: 0px;\">\n            <div class=\"kksr-star\" style=\"padding-left: 5px\">\n            \n\n<div class=\"kksr-icon\" style=\"width: 24px; height: 24px;\"><\/div>\n        <\/div>\n            <div class=\"kksr-star\" style=\"padding-left: 5px\">\n            \n\n<div class=\"kksr-icon\" style=\"width: 24px; height: 24px;\"><\/div>\n        <\/div>\n            <div class=\"kksr-star\" style=\"padding-left: 5px\">\n            \n\n<div class=\"kksr-icon\" style=\"width: 24px; height: 24px;\"><\/div>\n        <\/div>\n            <div class=\"kksr-star\" style=\"padding-left: 5px\">\n            \n\n<div class=\"kksr-icon\" style=\"width: 24px; height: 24px;\"><\/div>\n        <\/div>\n            <div class=\"kksr-star\" style=\"padding-left: 5px\">\n            \n\n<div class=\"kksr-icon\" style=\"width: 24px; height: 24px;\"><\/div>\n        <\/div>\n    <\/div>\n<\/div>\n                \n\n<div class=\"kksr-legend\" style=\"font-size: 19.2px;\">\n            <span class=\"kksr-muted\">\u062a\u0642\u062f\u064a\u0631<\/span>\n    <\/div>\n    <\/div>","protected":false},"excerpt":{"rendered":"<p>Pol\u00edtica de Privacidad | Edulcodiet S.L. POL\u00cdTICA DE PRIVACIDAD \u2013 EDULCODIET S.L. Actualizada el 7&nbsp;de&nbsp;julio&nbsp;de&nbsp;2025 1.&nbsp;COMPROMISO DE PRIVACIDAD Esta Pol\u00edtica describe c\u00f3mo EDULCODIET&nbsp;S.L. (en adelante, \u201cEdulcodiet\u201d) recopila y trata los datos personales de los usuarios del sitio web https:\/\/edulcodiet.com\/ (en adelante, \u201cSitio&nbsp;Web\u201d). Nos comprometemos a proteger su informaci\u00f3n conforme a la normativa vigente y a [&hellip;]<\/p>\n","protected":false},"author":1,"featured_media":0,"parent":0,"menu_order":0,"comment_status":"closed","ping_status":"closed","template":"","meta":{"content-type":"","footnotes":""},"class_list":["post-1565","page","type-page","status-publish","hentry"],"_links":{"self":[{"href":"https:\/\/edulcodiet.com\/ary\/wp-json\/wp\/v2\/pages\/1565","targetHints":{"allow":["GET"]}}],"collection":[{"href":"https:\/\/edulcodiet.com\/ary\/wp-json\/wp\/v2\/pages"}],"about":[{"href":"https:\/\/edulcodiet.com\/ary\/wp-json\/wp\/v2\/types\/page"}],"author":[{"embeddable":true,"href":"https:\/\/edulcodiet.com\/ary\/wp-json\/wp\/v2\/users\/1"}],"replies":[{"embeddable":true,"href":"https:\/\/edulcodiet.com\/ary\/wp-json\/wp\/v2\/comments?post=1565"}],"version-history":[{"count":0,"href":"https:\/\/edulcodiet.com\/ary\/wp-json\/wp\/v2\/pages\/1565\/revisions"}],"wp:attachment":[{"href":"https:\/\/edulcodiet.com\/ary\/wp-json\/wp\/v2\/media?parent=1565"}],"curies":[{"name":"wp","href":"https:\/\/api.w.org\/{rel}","templated":true}]}}